{"id":131,"date":"2019-02-12T18:37:25","date_gmt":"2019-02-12T17:37:25","guid":{"rendered":"http:\/\/stjoorvault.fr\/index_tmp.php\/?page_id=131"},"modified":"2019-04-09T13:03:22","modified_gmt":"2019-04-09T12:03:22","slug":"associations","status":"publish","type":"page","link":"https:\/\/stjoorvault.fr\/index.php\/associations\/","title":{"rendered":"Associations"},"content":{"rendered":"\n<p>Les associations ont un r\u00f4le tr\u00e8s important dans la vie et le fonctionnement de l&#8217;\u00e9cole. Elles sont constitu\u00e9es uniquement de parents b\u00e9n\u00e9voles qui oeuvrent dans l&#8217;ombre pour rendre l&#8217;\u00e9cole plus agr\u00e9able pour vos enfants et vous.<\/p>\n\n\n\n<p>Une \u00e9cole comme St Joseph demande beaucoup de temps aux b\u00e9n\u00e9voles, et il n&#8217;y a jamais assez de bonnes volont\u00e9s, donc si vous \u00eates int\u00e9ress\u00e9s pour nous aider n&#8217;h\u00e9sitez pas \u00e0 contacter les diff\u00e9rentes associations pour leur proposer votre aide.<\/p>\n\n\n\n<div class=\"wp-block-media-text alignwide\" style=\"grid-template-columns:22% auto\"><figure class=\"wp-block-media-text__media\"><img loading=\"lazy\" decoding=\"async\" width=\"324\" height=\"156\" src=\"https:\/\/stjoorvault.fr\/wp-content\/uploads\/2019\/02\/ogec.jpg\" alt=\"\" class=\"wp-image-416\" srcset=\"https:\/\/stjoorvault.fr\/wp-content\/uploads\/2019\/02\/ogec.jpg 324w, https:\/\/stjoorvault.fr\/wp-content\/uploads\/2019\/02\/ogec-300x144.jpg 300w\" sizes=\"(max-width: 324px) 100vw, 324px\" \/><\/figure><div class=\"wp-block-media-text__content\">\n<p class=\"has-large-font-size\"><a href=\"https:\/\/stjoorvault.fr\/index.php\/ogec\/\">L&#8217;OGEC<\/a><\/p>\n<\/div><\/div>\n\n\n\n<p>L&#8217;OGEC est en charge de toute la partie fonctionnement de l&#8217;\u00e9cole.<\/p>\n\n\n\n<hr class=\"wp-block-separator\"\/>\n\n\n\n<div class=\"wp-block-media-text alignwide\" style=\"grid-template-columns:22% auto\"><figure class=\"wp-block-media-text__media\"><img loading=\"lazy\" decoding=\"async\" width=\"469\" height=\"398\" src=\"https:\/\/stjoorvault.fr\/wp-content\/uploads\/2019\/02\/apel.jpg\" alt=\"\" class=\"wp-image-417\" srcset=\"https:\/\/stjoorvault.fr\/wp-content\/uploads\/2019\/02\/apel.jpg 469w, https:\/\/stjoorvault.fr\/wp-content\/uploads\/2019\/02\/apel-300x255.jpg 300w\" sizes=\"(max-width: 469px) 100vw, 469px\" \/><\/figure><div class=\"wp-block-media-text__content\">\n<p class=\"has-large-font-size\"><a href=\"https:\/\/stjoorvault.fr\/index.php\/apel\/\">L&#8217;APEL<\/a><\/p>\n<\/div><\/div>\n\n\n\n<p>L&#8217;APEL est en charge de l&#8217;animation de l&#8217;\u00e9cole et la repr\u00e9sentation des parents.<\/p>\n\n\n\n<hr class=\"wp-block-separator\"\/>\n","protected":false},"excerpt":{"rendered":"<p>Les associations ont un r\u00f4le tr\u00e8s important dans la vie et le fonctionnement de l&#8217;\u00e9cole. Elles sont constitu\u00e9es uniquement de &hellip; <\/p>\n","protected":false},"author":1,"featured_media":0,"parent":0,"menu_order":0,"comment_status":"closed","ping_status":"closed","template":"","meta":{"ngg_post_thumbnail":0,"footnotes":""},"yoast_head":"<!-- This site is optimized with the Yoast SEO plugin v21.3 - https:\/\/yoast.com\/wordpress\/plugins\/seo\/ -->\n<title>Associations - Ecole Saint Joseph<\/title>\n<meta name=\"robots\" content=\"index, follow, max-snippet:-1, max-image-preview:large, max-video-preview:-1\" \/>\n<link rel=\"canonical\" href=\"https:\/\/stjoorvault.fr\/index.php\/associations\/\" \/>\n<meta property=\"og:locale\" content=\"fr_FR\" \/>\n<meta property=\"og:type\" content=\"article\" \/>\n<meta property=\"og:title\" content=\"Associations - Ecole Saint Joseph\" \/>\n<meta property=\"og:description\" content=\"Les associations ont un r\u00f4le tr\u00e8s important dans la vie et le fonctionnement de l&#8217;\u00e9cole. Elles sont constitu\u00e9es uniquement de &hellip;\" \/>\n<meta property=\"og:url\" content=\"https:\/\/stjoorvault.fr\/index.php\/associations\/\" \/>\n<meta property=\"og:site_name\" content=\"Ecole Saint Joseph\" \/>\n<meta property=\"article:modified_time\" content=\"2019-04-09T12:03:22+00:00\" \/>\n<meta property=\"og:image\" content=\"http:\/\/stjoorvault.fr\/wp-content\/uploads\/2019\/02\/ogec.jpg\" \/>\n<meta name=\"twitter:label1\" content=\"Dur\u00e9e de lecture estim\u00e9e\" \/>\n\t<meta name=\"twitter:data1\" content=\"1 minute\" \/>\n<script type=\"application\/ld+json\" class=\"yoast-schema-graph\">{\"@context\":\"https:\/\/schema.org\",\"@graph\":[{\"@type\":\"WebPage\",\"@id\":\"https:\/\/stjoorvault.fr\/index.php\/associations\/\",\"url\":\"https:\/\/stjoorvault.fr\/index.php\/associations\/\",\"name\":\"Associations - Ecole Saint Joseph\",\"isPartOf\":{\"@id\":\"https:\/\/stjoorvault.fr\/index.php\/#website\"},\"datePublished\":\"2019-02-12T17:37:25+00:00\",\"dateModified\":\"2019-04-09T12:03:22+00:00\",\"breadcrumb\":{\"@id\":\"https:\/\/stjoorvault.fr\/index.php\/associations\/#breadcrumb\"},\"inLanguage\":\"fr-FR\",\"potentialAction\":[{\"@type\":\"ReadAction\",\"target\":[\"https:\/\/stjoorvault.fr\/index.php\/associations\/\"]}]},{\"@type\":\"BreadcrumbList\",\"@id\":\"https:\/\/stjoorvault.fr\/index.php\/associations\/#breadcrumb\",\"itemListElement\":[{\"@type\":\"ListItem\",\"position\":1,\"name\":\"Accueil\",\"item\":\"https:\/\/stjoorvault.fr\/index.php\/\"},{\"@type\":\"ListItem\",\"position\":2,\"name\":\"Associations\"}]},{\"@type\":\"WebSite\",\"@id\":\"https:\/\/stjoorvault.fr\/index.php\/#website\",\"url\":\"https:\/\/stjoorvault.fr\/index.php\/\",\"name\":\"Ecole Saint Joseph\",\"description\":\"Ecole Priv\u00e9e Catholique \u00e0 Orvault\",\"potentialAction\":[{\"@type\":\"SearchAction\",\"target\":{\"@type\":\"EntryPoint\",\"urlTemplate\":\"https:\/\/stjoorvault.fr\/index.php\/?s={search_term_string}\"},\"query-input\":\"required name=search_term_string\"}],\"inLanguage\":\"fr-FR\"}]}<\/script>\n<!-- \/ Yoast SEO plugin. -->","yoast_head_json":{"title":"Associations - Ecole Saint Joseph","robots":{"index":"index","follow":"follow","max-snippet":"max-snippet:-1","max-image-preview":"max-image-preview:large","max-video-preview":"max-video-preview:-1"},"canonical":"https:\/\/stjoorvault.fr\/index.php\/associations\/","og_locale":"fr_FR","og_type":"article","og_title":"Associations - Ecole Saint Joseph","og_description":"Les associations ont un r\u00f4le tr\u00e8s important dans la vie et le fonctionnement de l&#8217;\u00e9cole. Elles sont constitu\u00e9es uniquement de &hellip;","og_url":"https:\/\/stjoorvault.fr\/index.php\/associations\/","og_site_name":"Ecole Saint Joseph","article_modified_time":"2019-04-09T12:03:22+00:00","og_image":[{"url":"http:\/\/stjoorvault.fr\/wp-content\/uploads\/2019\/02\/ogec.jpg"}],"twitter_misc":{"Dur\u00e9e de lecture estim\u00e9e":"1 minute"},"schema":{"@context":"https:\/\/schema.org","@graph":[{"@type":"WebPage","@id":"https:\/\/stjoorvault.fr\/index.php\/associations\/","url":"https:\/\/stjoorvault.fr\/index.php\/associations\/","name":"Associations - Ecole Saint Joseph","isPartOf":{"@id":"https:\/\/stjoorvault.fr\/index.php\/#website"},"datePublished":"2019-02-12T17:37:25+00:00","dateModified":"2019-04-09T12:03:22+00:00","breadcrumb":{"@id":"https:\/\/stjoorvault.fr\/index.php\/associations\/#breadcrumb"},"inLanguage":"fr-FR","potentialAction":[{"@type":"ReadAction","target":["https:\/\/stjoorvault.fr\/index.php\/associations\/"]}]},{"@type":"BreadcrumbList","@id":"https:\/\/stjoorvault.fr\/index.php\/associations\/#breadcrumb","itemListElement":[{"@type":"ListItem","position":1,"name":"Accueil","item":"https:\/\/stjoorvault.fr\/index.php\/"},{"@type":"ListItem","position":2,"name":"Associations"}]},{"@type":"WebSite","@id":"https:\/\/stjoorvault.fr\/index.php\/#website","url":"https:\/\/stjoorvault.fr\/index.php\/","name":"Ecole Saint Joseph","description":"Ecole Priv\u00e9e Catholique \u00e0 Orvault","potentialAction":[{"@type":"SearchAction","target":{"@type":"EntryPoint","urlTemplate":"https:\/\/stjoorvault.fr\/index.php\/?s={search_term_string}"},"query-input":"required name=search_term_string"}],"inLanguage":"fr-FR"}]}},"_links":{"self":[{"href":"https:\/\/stjoorvault.fr\/index.php\/wp-json\/wp\/v2\/pages\/131"}],"collection":[{"href":"https:\/\/stjoorvault.fr\/index.php\/wp-json\/wp\/v2\/pages"}],"about":[{"href":"https:\/\/stjoorvault.fr\/index.php\/wp-json\/wp\/v2\/types\/page"}],"author":[{"embeddable":true,"href":"https:\/\/stjoorvault.fr\/index.php\/wp-json\/wp\/v2\/users\/1"}],"replies":[{"embeddable":true,"href":"https:\/\/stjoorvault.fr\/index.php\/wp-json\/wp\/v2\/comments?post=131"}],"version-history":[{"count":8,"href":"https:\/\/stjoorvault.fr\/index.php\/wp-json\/wp\/v2\/pages\/131\/revisions"}],"predecessor-version":[{"id":940,"href":"https:\/\/stjoorvault.fr\/index.php\/wp-json\/wp\/v2\/pages\/131\/revisions\/940"}],"wp:attachment":[{"href":"https:\/\/stjoorvault.fr\/index.php\/wp-json\/wp\/v2\/media?parent=131"}],"curies":[{"name":"wp","href":"https:\/\/api.w.org\/{rel}","templated":true}]}}