{"id":133,"date":"2019-02-12T19:38:25","date_gmt":"2019-02-12T18:38:25","guid":{"rendered":"http:\/\/stjoorvault.fr\/index_tmp.php\/?page_id=133"},"modified":"2020-12-05T18:39:29","modified_gmt":"2020-12-05T17:39:29","slug":"telechargements","status":"publish","type":"page","link":"https:\/\/stjoorvault.fr\/index.php\/telechargements\/","title":{"rendered":"Ressources"},"content":{"rendered":"\n<p><strong>Bulletins d&#8217;absence &#8211;<\/strong> \u00e0 remettre \u00e0 l&#8217;enseignante de votre enfant \u00e0 son retour-<\/p>\n\n\n\n<p><\/p>\n\n\n\n<figure class=\"wp-block-image size-large\"><img loading=\"lazy\" decoding=\"async\" width=\"724\" height=\"1024\" src=\"https:\/\/stjoorvault.fr\/wp-content\/uploads\/2020\/12\/billets-absence-724x1024.jpg\" alt=\"\" class=\"wp-image-3209\" srcset=\"https:\/\/stjoorvault.fr\/wp-content\/uploads\/2020\/12\/billets-absence-724x1024.jpg 724w, https:\/\/stjoorvault.fr\/wp-content\/uploads\/2020\/12\/billets-absence-212x300.jpg 212w, https:\/\/stjoorvault.fr\/wp-content\/uploads\/2020\/12\/billets-absence-768x1086.jpg 768w, https:\/\/stjoorvault.fr\/wp-content\/uploads\/2020\/12\/billets-absence-1086x1536.jpg 1086w, https:\/\/stjoorvault.fr\/wp-content\/uploads\/2020\/12\/billets-absence-1448x2048.jpg 1448w, https:\/\/stjoorvault.fr\/wp-content\/uploads\/2020\/12\/billets-absence.jpg 1654w\" sizes=\"(max-width: 724px) 100vw, 724px\" \/><\/figure>\n","protected":false},"excerpt":{"rendered":"<p>Bulletins d&#8217;absence &#8211; \u00e0 remettre \u00e0 l&#8217;enseignante de votre enfant \u00e0 son retour-<\/p>\n","protected":false},"author":1,"featured_media":0,"parent":0,"menu_order":0,"comment_status":"closed","ping_status":"closed","template":"","meta":{"ngg_post_thumbnail":0,"footnotes":""},"yoast_head":"<!-- This site is optimized with the Yoast SEO plugin v21.3 - https:\/\/yoast.com\/wordpress\/plugins\/seo\/ -->\n<title>Ressources - Ecole Saint Joseph<\/title>\n<meta name=\"robots\" content=\"index, follow, max-snippet:-1, max-image-preview:large, max-video-preview:-1\" \/>\n<link rel=\"canonical\" href=\"https:\/\/stjoorvault.fr\/index.php\/telechargements\/\" \/>\n<meta property=\"og:locale\" content=\"fr_FR\" \/>\n<meta property=\"og:type\" content=\"article\" \/>\n<meta property=\"og:title\" content=\"Ressources - Ecole Saint Joseph\" \/>\n<meta property=\"og:description\" content=\"Bulletins d&#8217;absence &#8211; \u00e0 remettre \u00e0 l&#8217;enseignante de votre enfant \u00e0 son retour-\" \/>\n<meta property=\"og:url\" content=\"https:\/\/stjoorvault.fr\/index.php\/telechargements\/\" \/>\n<meta property=\"og:site_name\" content=\"Ecole Saint Joseph\" \/>\n<meta property=\"article:modified_time\" content=\"2020-12-05T17:39:29+00:00\" \/>\n<meta property=\"og:image\" content=\"https:\/\/stjoorvault.fr\/wp-content\/uploads\/2020\/12\/billets-absence-724x1024.jpg\" \/>\n<script type=\"application\/ld+json\" class=\"yoast-schema-graph\">{\"@context\":\"https:\/\/schema.org\",\"@graph\":[{\"@type\":\"WebPage\",\"@id\":\"https:\/\/stjoorvault.fr\/index.php\/telechargements\/\",\"url\":\"https:\/\/stjoorvault.fr\/index.php\/telechargements\/\",\"name\":\"Ressources - Ecole Saint Joseph\",\"isPartOf\":{\"@id\":\"https:\/\/stjoorvault.fr\/index.php\/#website\"},\"datePublished\":\"2019-02-12T18:38:25+00:00\",\"dateModified\":\"2020-12-05T17:39:29+00:00\",\"breadcrumb\":{\"@id\":\"https:\/\/stjoorvault.fr\/index.php\/telechargements\/#breadcrumb\"},\"inLanguage\":\"fr-FR\",\"potentialAction\":[{\"@type\":\"ReadAction\",\"target\":[\"https:\/\/stjoorvault.fr\/index.php\/telechargements\/\"]}]},{\"@type\":\"BreadcrumbList\",\"@id\":\"https:\/\/stjoorvault.fr\/index.php\/telechargements\/#breadcrumb\",\"itemListElement\":[{\"@type\":\"ListItem\",\"position\":1,\"name\":\"Accueil\",\"item\":\"https:\/\/stjoorvault.fr\/index.php\/\"},{\"@type\":\"ListItem\",\"position\":2,\"name\":\"Ressources\"}]},{\"@type\":\"WebSite\",\"@id\":\"https:\/\/stjoorvault.fr\/index.php\/#website\",\"url\":\"https:\/\/stjoorvault.fr\/index.php\/\",\"name\":\"Ecole Saint Joseph\",\"description\":\"Ecole Priv\u00e9e Catholique \u00e0 Orvault\",\"potentialAction\":[{\"@type\":\"SearchAction\",\"target\":{\"@type\":\"EntryPoint\",\"urlTemplate\":\"https:\/\/stjoorvault.fr\/index.php\/?s={search_term_string}\"},\"query-input\":\"required name=search_term_string\"}],\"inLanguage\":\"fr-FR\"}]}<\/script>\n<!-- \/ Yoast SEO plugin. -->","yoast_head_json":{"title":"Ressources - Ecole Saint Joseph","robots":{"index":"index","follow":"follow","max-snippet":"max-snippet:-1","max-image-preview":"max-image-preview:large","max-video-preview":"max-video-preview:-1"},"canonical":"https:\/\/stjoorvault.fr\/index.php\/telechargements\/","og_locale":"fr_FR","og_type":"article","og_title":"Ressources - Ecole Saint Joseph","og_description":"Bulletins d&#8217;absence &#8211; \u00e0 remettre \u00e0 l&#8217;enseignante de votre enfant \u00e0 son retour-","og_url":"https:\/\/stjoorvault.fr\/index.php\/telechargements\/","og_site_name":"Ecole Saint Joseph","article_modified_time":"2020-12-05T17:39:29+00:00","og_image":[{"url":"https:\/\/stjoorvault.fr\/wp-content\/uploads\/2020\/12\/billets-absence-724x1024.jpg"}],"schema":{"@context":"https:\/\/schema.org","@graph":[{"@type":"WebPage","@id":"https:\/\/stjoorvault.fr\/index.php\/telechargements\/","url":"https:\/\/stjoorvault.fr\/index.php\/telechargements\/","name":"Ressources - Ecole Saint Joseph","isPartOf":{"@id":"https:\/\/stjoorvault.fr\/index.php\/#website"},"datePublished":"2019-02-12T18:38:25+00:00","dateModified":"2020-12-05T17:39:29+00:00","breadcrumb":{"@id":"https:\/\/stjoorvault.fr\/index.php\/telechargements\/#breadcrumb"},"inLanguage":"fr-FR","potentialAction":[{"@type":"ReadAction","target":["https:\/\/stjoorvault.fr\/index.php\/telechargements\/"]}]},{"@type":"BreadcrumbList","@id":"https:\/\/stjoorvault.fr\/index.php\/telechargements\/#breadcrumb","itemListElement":[{"@type":"ListItem","position":1,"name":"Accueil","item":"https:\/\/stjoorvault.fr\/index.php\/"},{"@type":"ListItem","position":2,"name":"Ressources"}]},{"@type":"WebSite","@id":"https:\/\/stjoorvault.fr\/index.php\/#website","url":"https:\/\/stjoorvault.fr\/index.php\/","name":"Ecole Saint Joseph","description":"Ecole Priv\u00e9e Catholique \u00e0 Orvault","potentialAction":[{"@type":"SearchAction","target":{"@type":"EntryPoint","urlTemplate":"https:\/\/stjoorvault.fr\/index.php\/?s={search_term_string}"},"query-input":"required name=search_term_string"}],"inLanguage":"fr-FR"}]}},"_links":{"self":[{"href":"https:\/\/stjoorvault.fr\/index.php\/wp-json\/wp\/v2\/pages\/133"}],"collection":[{"href":"https:\/\/stjoorvault.fr\/index.php\/wp-json\/wp\/v2\/pages"}],"about":[{"href":"https:\/\/stjoorvault.fr\/index.php\/wp-json\/wp\/v2\/types\/page"}],"author":[{"embeddable":true,"href":"https:\/\/stjoorvault.fr\/index.php\/wp-json\/wp\/v2\/users\/1"}],"replies":[{"embeddable":true,"href":"https:\/\/stjoorvault.fr\/index.php\/wp-json\/wp\/v2\/comments?post=133"}],"version-history":[{"count":6,"href":"https:\/\/stjoorvault.fr\/index.php\/wp-json\/wp\/v2\/pages\/133\/revisions"}],"predecessor-version":[{"id":3212,"href":"https:\/\/stjoorvault.fr\/index.php\/wp-json\/wp\/v2\/pages\/133\/revisions\/3212"}],"wp:attachment":[{"href":"https:\/\/stjoorvault.fr\/index.php\/wp-json\/wp\/v2\/media?parent=133"}],"curies":[{"name":"wp","href":"https:\/\/api.w.org\/{rel}","templated":true}]}}