{"id":2919,"date":"2020-08-19T07:08:35","date_gmt":"2020-08-19T06:08:35","guid":{"rendered":"https:\/\/stjoorvault.fr\/index.php\/?page_id=2919"},"modified":"2026-01-15T23:31:24","modified_gmt":"2026-01-15T22:31:24","slug":"la-cantine","status":"publish","type":"page","link":"https:\/\/stjoorvault.fr\/index.php\/la-cantine\/","title":{"rendered":"La cantine"},"content":{"rendered":"<p><p><a href=\"https:\/\/stjoorvault.fr\/wp-content\/uploads\/2022\/10\/20190622_130306-scaled.jpg\"><img loading=\"lazy\" decoding=\"async\" width=\"580\" height=\"435\" class=\" wp-image-4531 aligncenter\" src=\"https:\/\/stjoorvault.fr\/wp-content\/uploads\/2022\/10\/20190622_130306-300x225.jpg\" alt=\"\" srcset=\"https:\/\/stjoorvault.fr\/wp-content\/uploads\/2022\/10\/20190622_130306-300x225.jpg 300w, https:\/\/stjoorvault.fr\/wp-content\/uploads\/2022\/10\/20190622_130306-1024x768.jpg 1024w, https:\/\/stjoorvault.fr\/wp-content\/uploads\/2022\/10\/20190622_130306-768x576.jpg 768w, https:\/\/stjoorvault.fr\/wp-content\/uploads\/2022\/10\/20190622_130306-1536x1152.jpg 1536w, https:\/\/stjoorvault.fr\/wp-content\/uploads\/2022\/10\/20190622_130306-2048x1536.jpg 2048w\" sizes=\"(max-width: 580px) 100vw, 580px\" \/><\/a><\/p>\n<p>Depuis la rentr\u00e9e 2019, l&#8217;\u00e9cole St Joseph poss\u00e8de sa propre cantine dans un b\u00e2timent tout neuf.<\/p>\n<\/p>\n\n\n<p>Les inscriptions se font via la plateforme NOEFIL de chaque parent (acc\u00e8s avec identifiant et mot de passe fournis par l&#8217;\u00e9cole). Les inscriptions sont cl\u00f4tur\u00e9es le mercredi soir soir \u00e0 minuit pour la semaine suivante. Les enfants non inscrits sont toutefois accept\u00e9s \u00e0 la cantine mais leur repas sera sur-factur\u00e9.<\/p>\n\n\n\n<p><\/p>\n\n\n\n<p><strong>Tarifs cantine:<\/strong><\/p>\n\n\n\n<figure class=\"wp-block-table is-style-stripes\"><table><tbody><tr><td><strong>Tranche OGEC<\/strong><\/td><td class=\"has-text-align-center\" data-align=\"center\"><strong>QF<\/strong><\/td><td class=\"has-text-align-center\" data-align=\"center\"><strong>Tarif repas<\/strong><\/td><\/tr><tr><td>Hors commune<\/td><td class=\"has-text-align-center\" data-align=\"center\">N\/A<\/td><td class=\"has-text-align-center\" data-align=\"center\">6,93\u20ac<\/td><\/tr><tr><td>4<\/td><td class=\"has-text-align-center\" data-align=\"center\">&gt;= 1346<\/td><td class=\"has-text-align-center\" data-align=\"center\">6,56\u20ac<\/td><\/tr><tr><td>3<\/td><td class=\"has-text-align-center\" data-align=\"center\">996 \u00e0 1345<\/td><td class=\"has-text-align-center\" data-align=\"center\">5,51\u20ac<\/td><\/tr><tr><td>2<\/td><td class=\"has-text-align-center\" data-align=\"center\">726 \u00e0 995<\/td><td class=\"has-text-align-center\" data-align=\"center\">4,46\u20ac<\/td><\/tr><tr><td>1<\/td><td class=\"has-text-align-center\" data-align=\"center\">&lt;= 725<\/td><td class=\"has-text-align-center\" data-align=\"center\">3,47\u20ac<\/td><\/tr><tr><td>Sans inscription<\/td><td class=\"has-text-align-center\" data-align=\"center\">&nbsp;<\/td><td class=\"has-text-align-center\" data-align=\"center\">9,14\u20ac<\/td><\/tr><\/tbody><\/table><\/figure>\n\n\n\n<p>Pour toute information suppl\u00e9mentaire concernant la cantine, vous pouvez nous contacter via l&#8217;adresse mail <a href=\"mailto:cantine@stjoorvault.fr\">cantine@stjoorvault.fr<\/a>.<\/p>\n","protected":false},"excerpt":{"rendered":"<p>Depuis la rentr\u00e9e 2019, l&#8217;\u00e9cole St Joseph poss\u00e8de sa propre cantine dans un b\u00e2timent tout neuf. Les inscriptions se font &hellip; <\/p>\n","protected":false},"author":1,"featured_media":0,"parent":0,"menu_order":0,"comment_status":"closed","ping_status":"closed","template":"","meta":{"ngg_post_thumbnail":0,"footnotes":""},"yoast_head":"<!-- This site is optimized with the Yoast SEO plugin v21.3 - https:\/\/yoast.com\/wordpress\/plugins\/seo\/ -->\n<title>La cantine - Ecole Saint Joseph<\/title>\n<meta name=\"robots\" content=\"index, follow, max-snippet:-1, max-image-preview:large, max-video-preview:-1\" \/>\n<link rel=\"canonical\" href=\"https:\/\/stjoorvault.fr\/index.php\/la-cantine\/\" \/>\n<meta property=\"og:locale\" content=\"fr_FR\" \/>\n<meta property=\"og:type\" content=\"article\" \/>\n<meta property=\"og:title\" content=\"La cantine - Ecole Saint Joseph\" \/>\n<meta property=\"og:description\" content=\"Depuis la rentr\u00e9e 2019, l&#8217;\u00e9cole St Joseph poss\u00e8de sa propre cantine dans un b\u00e2timent tout neuf. Les inscriptions se font &hellip;\" \/>\n<meta property=\"og:url\" content=\"https:\/\/stjoorvault.fr\/index.php\/la-cantine\/\" \/>\n<meta property=\"og:site_name\" content=\"Ecole Saint Joseph\" \/>\n<meta property=\"article:modified_time\" content=\"2026-01-15T22:31:24+00:00\" \/>\n<meta property=\"og:image\" content=\"https:\/\/stjoorvault.fr\/wp-content\/uploads\/2022\/10\/20190622_130306-300x225.jpg\" \/>\n<meta name=\"twitter:label1\" content=\"Dur\u00e9e de lecture estim\u00e9e\" \/>\n\t<meta name=\"twitter:data1\" content=\"1 minute\" \/>\n<script type=\"application\/ld+json\" class=\"yoast-schema-graph\">{\"@context\":\"https:\/\/schema.org\",\"@graph\":[{\"@type\":\"WebPage\",\"@id\":\"https:\/\/stjoorvault.fr\/index.php\/la-cantine\/\",\"url\":\"https:\/\/stjoorvault.fr\/index.php\/la-cantine\/\",\"name\":\"La cantine - Ecole Saint Joseph\",\"isPartOf\":{\"@id\":\"https:\/\/stjoorvault.fr\/index.php\/#website\"},\"datePublished\":\"2020-08-19T06:08:35+00:00\",\"dateModified\":\"2026-01-15T22:31:24+00:00\",\"breadcrumb\":{\"@id\":\"https:\/\/stjoorvault.fr\/index.php\/la-cantine\/#breadcrumb\"},\"inLanguage\":\"fr-FR\",\"potentialAction\":[{\"@type\":\"ReadAction\",\"target\":[\"https:\/\/stjoorvault.fr\/index.php\/la-cantine\/\"]}]},{\"@type\":\"BreadcrumbList\",\"@id\":\"https:\/\/stjoorvault.fr\/index.php\/la-cantine\/#breadcrumb\",\"itemListElement\":[{\"@type\":\"ListItem\",\"position\":1,\"name\":\"Accueil\",\"item\":\"https:\/\/stjoorvault.fr\/index.php\/\"},{\"@type\":\"ListItem\",\"position\":2,\"name\":\"La cantine\"}]},{\"@type\":\"WebSite\",\"@id\":\"https:\/\/stjoorvault.fr\/index.php\/#website\",\"url\":\"https:\/\/stjoorvault.fr\/index.php\/\",\"name\":\"Ecole Saint Joseph\",\"description\":\"Ecole Priv\u00e9e Catholique \u00e0 Orvault\",\"potentialAction\":[{\"@type\":\"SearchAction\",\"target\":{\"@type\":\"EntryPoint\",\"urlTemplate\":\"https:\/\/stjoorvault.fr\/index.php\/?s={search_term_string}\"},\"query-input\":\"required name=search_term_string\"}],\"inLanguage\":\"fr-FR\"}]}<\/script>\n<!-- \/ Yoast SEO plugin. -->","yoast_head_json":{"title":"La cantine - Ecole Saint Joseph","robots":{"index":"index","follow":"follow","max-snippet":"max-snippet:-1","max-image-preview":"max-image-preview:large","max-video-preview":"max-video-preview:-1"},"canonical":"https:\/\/stjoorvault.fr\/index.php\/la-cantine\/","og_locale":"fr_FR","og_type":"article","og_title":"La cantine - Ecole Saint Joseph","og_description":"Depuis la rentr\u00e9e 2019, l&#8217;\u00e9cole St Joseph poss\u00e8de sa propre cantine dans un b\u00e2timent tout neuf. Les inscriptions se font &hellip;","og_url":"https:\/\/stjoorvault.fr\/index.php\/la-cantine\/","og_site_name":"Ecole Saint Joseph","article_modified_time":"2026-01-15T22:31:24+00:00","og_image":[{"url":"https:\/\/stjoorvault.fr\/wp-content\/uploads\/2022\/10\/20190622_130306-300x225.jpg"}],"twitter_misc":{"Dur\u00e9e de lecture estim\u00e9e":"1 minute"},"schema":{"@context":"https:\/\/schema.org","@graph":[{"@type":"WebPage","@id":"https:\/\/stjoorvault.fr\/index.php\/la-cantine\/","url":"https:\/\/stjoorvault.fr\/index.php\/la-cantine\/","name":"La cantine - Ecole Saint Joseph","isPartOf":{"@id":"https:\/\/stjoorvault.fr\/index.php\/#website"},"datePublished":"2020-08-19T06:08:35+00:00","dateModified":"2026-01-15T22:31:24+00:00","breadcrumb":{"@id":"https:\/\/stjoorvault.fr\/index.php\/la-cantine\/#breadcrumb"},"inLanguage":"fr-FR","potentialAction":[{"@type":"ReadAction","target":["https:\/\/stjoorvault.fr\/index.php\/la-cantine\/"]}]},{"@type":"BreadcrumbList","@id":"https:\/\/stjoorvault.fr\/index.php\/la-cantine\/#breadcrumb","itemListElement":[{"@type":"ListItem","position":1,"name":"Accueil","item":"https:\/\/stjoorvault.fr\/index.php\/"},{"@type":"ListItem","position":2,"name":"La cantine"}]},{"@type":"WebSite","@id":"https:\/\/stjoorvault.fr\/index.php\/#website","url":"https:\/\/stjoorvault.fr\/index.php\/","name":"Ecole Saint Joseph","description":"Ecole Priv\u00e9e Catholique \u00e0 Orvault","potentialAction":[{"@type":"SearchAction","target":{"@type":"EntryPoint","urlTemplate":"https:\/\/stjoorvault.fr\/index.php\/?s={search_term_string}"},"query-input":"required name=search_term_string"}],"inLanguage":"fr-FR"}]}},"_links":{"self":[{"href":"https:\/\/stjoorvault.fr\/index.php\/wp-json\/wp\/v2\/pages\/2919"}],"collection":[{"href":"https:\/\/stjoorvault.fr\/index.php\/wp-json\/wp\/v2\/pages"}],"about":[{"href":"https:\/\/stjoorvault.fr\/index.php\/wp-json\/wp\/v2\/types\/page"}],"author":[{"embeddable":true,"href":"https:\/\/stjoorvault.fr\/index.php\/wp-json\/wp\/v2\/users\/1"}],"replies":[{"embeddable":true,"href":"https:\/\/stjoorvault.fr\/index.php\/wp-json\/wp\/v2\/comments?post=2919"}],"version-history":[{"count":11,"href":"https:\/\/stjoorvault.fr\/index.php\/wp-json\/wp\/v2\/pages\/2919\/revisions"}],"predecessor-version":[{"id":5432,"href":"https:\/\/stjoorvault.fr\/index.php\/wp-json\/wp\/v2\/pages\/2919\/revisions\/5432"}],"wp:attachment":[{"href":"https:\/\/stjoorvault.fr\/index.php\/wp-json\/wp\/v2\/media?parent=2919"}],"curies":[{"name":"wp","href":"https:\/\/api.w.org\/{rel}","templated":true}]}}