{"id":3480,"date":"2021-01-06T21:07:03","date_gmt":"2021-01-06T20:07:03","guid":{"rendered":"https:\/\/stjoorvault.fr\/index.php\/?page_id=3480"},"modified":"2023-09-14T14:08:18","modified_gmt":"2023-09-14T13:08:18","slug":"laccueil-periscolaire","status":"publish","type":"page","link":"https:\/\/stjoorvault.fr\/index.php\/laccueil-periscolaire\/","title":{"rendered":"L\u2019accueil p\u00e9riscolaire"},"content":{"rendered":"\r\n<p>L&#8217;\u00e9cole propose l&#8217;accueil des enfants pour le p\u00e9riscolaire dans ses locaux.<\/p>\r\n\r\n\r\n\r\n<p>Le matin les enfants sont tous accueillis dans la salle de motricit\u00e9 du b\u00e2timent maternelles, le soir les maternelles sont gard\u00e9s dans la salle de motricit\u00e9 et les \u00e9l\u00e9mentaires dans la grande salle en haut du b\u00e2timent maternelles.<\/p>\r\n\r\n\r\n\r\n<p>L&#8217;acc\u00e8s \u00e0 l&#8217;\u00e9cole se fait via le portail des maternelles qui s&#8217;ouvre gr\u00e2ce au code fourni par mail aux parents.<\/p>\r\n\r\n\r\n\r\n<p>L&#8217;accueil du matin s&#8217;\u00e9tale entre 7h45 et 8h35, celui du soir de 16h30 \u00e0 18h45.<\/p>\r\n\r\n\r\n\r\n<p><strong>Tarifs p\u00e9riscolaire le matin pour 15mn:<\/strong><\/p>\r\n\r\n\r\n\r\n<figure class=\"wp-block-table is-style-stripes\">\r\n<table>\r\n<tbody>\r\n<tr>\r\n<td><strong>Tranche OGEC<\/strong><\/td>\r\n<td class=\"has-text-align-center\" data-align=\"center\"><strong>QF<\/strong><\/td>\r\n<td class=\"has-text-align-center\" data-align=\"center\"><strong>Matin<\/strong><\/td>\r\n<\/tr>\r\n<tr>\r\n<td>Hors commune<\/td>\r\n<td class=\"has-text-align-center\" data-align=\"center\">N\/A<\/td>\r\n<td class=\"has-text-align-center\" data-align=\"center\">1,21\u20ac<\/td>\r\n<\/tr>\r\n<tr>\r\n<td>4<\/td>\r\n<td class=\"has-text-align-center\" data-align=\"center\">&gt;= 1346<\/td>\r\n<td class=\"has-text-align-center\" data-align=\"center\">1\u20ac<\/td>\r\n<\/tr>\r\n<tr>\r\n<td>3<\/td>\r\n<td class=\"has-text-align-center\" data-align=\"center\">996 \u00e0 1345<\/td>\r\n<td class=\"has-text-align-center\" data-align=\"center\">0,9\u20ac<\/td>\r\n<\/tr>\r\n<tr>\r\n<td>2<\/td>\r\n<td class=\"has-text-align-center\" data-align=\"center\">726 \u00e0 995<\/td>\r\n<td class=\"has-text-align-center\" data-align=\"center\">0,81\u20ac<\/td>\r\n<\/tr>\r\n<tr>\r\n<td>1<\/td>\r\n<td class=\"has-text-align-center\" data-align=\"center\">&lt;= 725<\/td>\r\n<td class=\"has-text-align-center\" data-align=\"center\">0,68\u20ac<\/td>\r\n<\/tr>\r\n<\/tbody>\r\n<\/table>\r\n<\/figure>\r\n\r\n\r\n\r\n<p>\r\n\r\n<\/p>\r\n<p><strong>Tarifs et organisation du p\u00e9riscolaire l&#8217;apr\u00e8s-midi:<\/strong><\/p>\r\n<p><a href=\"https:\/\/stjoorvault.fr\/wp-content\/uploads\/2023\/09\/perisco-1.png\"><img loading=\"lazy\" decoding=\"async\" class=\"alignnone wp-image-5248 size-large\" src=\"https:\/\/stjoorvault.fr\/wp-content\/uploads\/2023\/09\/perisco-1-1024x822.png\" alt=\"\" width=\"750\" height=\"602\" srcset=\"https:\/\/stjoorvault.fr\/wp-content\/uploads\/2023\/09\/perisco-1-1024x822.png 1024w, https:\/\/stjoorvault.fr\/wp-content\/uploads\/2023\/09\/perisco-1-300x241.png 300w, https:\/\/stjoorvault.fr\/wp-content\/uploads\/2023\/09\/perisco-1-768x616.png 768w, https:\/\/stjoorvault.fr\/wp-content\/uploads\/2023\/09\/perisco-1-1536x1233.png 1536w, https:\/\/stjoorvault.fr\/wp-content\/uploads\/2023\/09\/perisco-1-2048x1643.png 2048w\" sizes=\"(max-width: 750px) 100vw, 750px\" \/><\/a><\/p>\r\n<p>Pour toute information suppl\u00e9mentaire concernant la cantine, vous pouvez nous contacter via l\u2019adresse mail&nbsp;<a href=\"mailto:periscolaire@stjoorvault.fr\">periscolaire@stjoorvault.fr<\/a>.<\/p>\r\n","protected":false},"excerpt":{"rendered":"<p>L&#8217;\u00e9cole propose l&#8217;accueil des enfants pour le p\u00e9riscolaire dans ses locaux. Le matin les enfants sont tous accueillis dans la &hellip; <\/p>\n","protected":false},"author":1,"featured_media":0,"parent":0,"menu_order":0,"comment_status":"closed","ping_status":"closed","template":"","meta":{"ngg_post_thumbnail":0,"footnotes":""},"yoast_head":"<!-- This site is optimized with the Yoast SEO plugin v21.3 - https:\/\/yoast.com\/wordpress\/plugins\/seo\/ -->\n<title>L\u2019accueil p\u00e9riscolaire - Ecole Saint Joseph<\/title>\n<meta name=\"robots\" content=\"index, follow, max-snippet:-1, max-image-preview:large, max-video-preview:-1\" \/>\n<link rel=\"canonical\" href=\"https:\/\/stjoorvault.fr\/index.php\/laccueil-periscolaire\/\" \/>\n<meta property=\"og:locale\" content=\"fr_FR\" \/>\n<meta property=\"og:type\" content=\"article\" \/>\n<meta property=\"og:title\" content=\"L\u2019accueil p\u00e9riscolaire - Ecole Saint Joseph\" \/>\n<meta property=\"og:description\" content=\"L&#8217;\u00e9cole propose l&#8217;accueil des enfants pour le p\u00e9riscolaire dans ses locaux. Le matin les enfants sont tous accueillis dans la &hellip;\" \/>\n<meta property=\"og:url\" content=\"https:\/\/stjoorvault.fr\/index.php\/laccueil-periscolaire\/\" \/>\n<meta property=\"og:site_name\" content=\"Ecole Saint Joseph\" \/>\n<meta property=\"article:modified_time\" content=\"2023-09-14T13:08:18+00:00\" \/>\n<meta property=\"og:image\" content=\"https:\/\/stjoorvault.fr\/wp-content\/uploads\/2023\/09\/perisco-1-1024x822.png\" \/>\n<meta name=\"twitter:label1\" content=\"Dur\u00e9e de lecture estim\u00e9e\" \/>\n\t<meta name=\"twitter:data1\" content=\"1 minute\" \/>\n<script type=\"application\/ld+json\" class=\"yoast-schema-graph\">{\"@context\":\"https:\/\/schema.org\",\"@graph\":[{\"@type\":\"WebPage\",\"@id\":\"https:\/\/stjoorvault.fr\/index.php\/laccueil-periscolaire\/\",\"url\":\"https:\/\/stjoorvault.fr\/index.php\/laccueil-periscolaire\/\",\"name\":\"L\u2019accueil p\u00e9riscolaire - Ecole Saint Joseph\",\"isPartOf\":{\"@id\":\"https:\/\/stjoorvault.fr\/index.php\/#website\"},\"datePublished\":\"2021-01-06T20:07:03+00:00\",\"dateModified\":\"2023-09-14T13:08:18+00:00\",\"breadcrumb\":{\"@id\":\"https:\/\/stjoorvault.fr\/index.php\/laccueil-periscolaire\/#breadcrumb\"},\"inLanguage\":\"fr-FR\",\"potentialAction\":[{\"@type\":\"ReadAction\",\"target\":[\"https:\/\/stjoorvault.fr\/index.php\/laccueil-periscolaire\/\"]}]},{\"@type\":\"BreadcrumbList\",\"@id\":\"https:\/\/stjoorvault.fr\/index.php\/laccueil-periscolaire\/#breadcrumb\",\"itemListElement\":[{\"@type\":\"ListItem\",\"position\":1,\"name\":\"Accueil\",\"item\":\"https:\/\/stjoorvault.fr\/index.php\/\"},{\"@type\":\"ListItem\",\"position\":2,\"name\":\"L\u2019accueil p\u00e9riscolaire\"}]},{\"@type\":\"WebSite\",\"@id\":\"https:\/\/stjoorvault.fr\/index.php\/#website\",\"url\":\"https:\/\/stjoorvault.fr\/index.php\/\",\"name\":\"Ecole Saint Joseph\",\"description\":\"Ecole Priv\u00e9e Catholique \u00e0 Orvault\",\"potentialAction\":[{\"@type\":\"SearchAction\",\"target\":{\"@type\":\"EntryPoint\",\"urlTemplate\":\"https:\/\/stjoorvault.fr\/index.php\/?s={search_term_string}\"},\"query-input\":\"required name=search_term_string\"}],\"inLanguage\":\"fr-FR\"}]}<\/script>\n<!-- \/ Yoast SEO plugin. -->","yoast_head_json":{"title":"L\u2019accueil p\u00e9riscolaire - Ecole Saint Joseph","robots":{"index":"index","follow":"follow","max-snippet":"max-snippet:-1","max-image-preview":"max-image-preview:large","max-video-preview":"max-video-preview:-1"},"canonical":"https:\/\/stjoorvault.fr\/index.php\/laccueil-periscolaire\/","og_locale":"fr_FR","og_type":"article","og_title":"L\u2019accueil p\u00e9riscolaire - Ecole Saint Joseph","og_description":"L&#8217;\u00e9cole propose l&#8217;accueil des enfants pour le p\u00e9riscolaire dans ses locaux. Le matin les enfants sont tous accueillis dans la &hellip;","og_url":"https:\/\/stjoorvault.fr\/index.php\/laccueil-periscolaire\/","og_site_name":"Ecole Saint Joseph","article_modified_time":"2023-09-14T13:08:18+00:00","og_image":[{"url":"https:\/\/stjoorvault.fr\/wp-content\/uploads\/2023\/09\/perisco-1-1024x822.png"}],"twitter_misc":{"Dur\u00e9e de lecture estim\u00e9e":"1 minute"},"schema":{"@context":"https:\/\/schema.org","@graph":[{"@type":"WebPage","@id":"https:\/\/stjoorvault.fr\/index.php\/laccueil-periscolaire\/","url":"https:\/\/stjoorvault.fr\/index.php\/laccueil-periscolaire\/","name":"L\u2019accueil p\u00e9riscolaire - Ecole Saint Joseph","isPartOf":{"@id":"https:\/\/stjoorvault.fr\/index.php\/#website"},"datePublished":"2021-01-06T20:07:03+00:00","dateModified":"2023-09-14T13:08:18+00:00","breadcrumb":{"@id":"https:\/\/stjoorvault.fr\/index.php\/laccueil-periscolaire\/#breadcrumb"},"inLanguage":"fr-FR","potentialAction":[{"@type":"ReadAction","target":["https:\/\/stjoorvault.fr\/index.php\/laccueil-periscolaire\/"]}]},{"@type":"BreadcrumbList","@id":"https:\/\/stjoorvault.fr\/index.php\/laccueil-periscolaire\/#breadcrumb","itemListElement":[{"@type":"ListItem","position":1,"name":"Accueil","item":"https:\/\/stjoorvault.fr\/index.php\/"},{"@type":"ListItem","position":2,"name":"L\u2019accueil p\u00e9riscolaire"}]},{"@type":"WebSite","@id":"https:\/\/stjoorvault.fr\/index.php\/#website","url":"https:\/\/stjoorvault.fr\/index.php\/","name":"Ecole Saint Joseph","description":"Ecole Priv\u00e9e Catholique \u00e0 Orvault","potentialAction":[{"@type":"SearchAction","target":{"@type":"EntryPoint","urlTemplate":"https:\/\/stjoorvault.fr\/index.php\/?s={search_term_string}"},"query-input":"required name=search_term_string"}],"inLanguage":"fr-FR"}]}},"_links":{"self":[{"href":"https:\/\/stjoorvault.fr\/index.php\/wp-json\/wp\/v2\/pages\/3480"}],"collection":[{"href":"https:\/\/stjoorvault.fr\/index.php\/wp-json\/wp\/v2\/pages"}],"about":[{"href":"https:\/\/stjoorvault.fr\/index.php\/wp-json\/wp\/v2\/types\/page"}],"author":[{"embeddable":true,"href":"https:\/\/stjoorvault.fr\/index.php\/wp-json\/wp\/v2\/users\/1"}],"replies":[{"embeddable":true,"href":"https:\/\/stjoorvault.fr\/index.php\/wp-json\/wp\/v2\/comments?post=3480"}],"version-history":[{"count":10,"href":"https:\/\/stjoorvault.fr\/index.php\/wp-json\/wp\/v2\/pages\/3480\/revisions"}],"predecessor-version":[{"id":5249,"href":"https:\/\/stjoorvault.fr\/index.php\/wp-json\/wp\/v2\/pages\/3480\/revisions\/5249"}],"wp:attachment":[{"href":"https:\/\/stjoorvault.fr\/index.php\/wp-json\/wp\/v2\/media?parent=3480"}],"curies":[{"name":"wp","href":"https:\/\/api.w.org\/{rel}","templated":true}]}}