{"id":426,"date":"2019-02-22T16:11:43","date_gmt":"2019-02-22T15:11:43","guid":{"rendered":"http:\/\/stjoorvault.fr\/index_tmp.php\/?page_id=426"},"modified":"2024-02-19T13:13:21","modified_gmt":"2024-02-19T12:13:21","slug":"spiritualite","status":"publish","type":"page","link":"https:\/\/stjoorvault.fr\/index.php\/spiritualite\/","title":{"rendered":"Spiritualit\u00e9"},"content":{"rendered":"\n<figure class=\"wp-block-image\"><img loading=\"lazy\" decoding=\"async\" width=\"1024\" height=\"255\" src=\"https:\/\/stjoorvault.fr\/wp-content\/uploads\/2019\/03\/Visuel-Bible-App-enfants-1170x291-1-1024x255.jpg\" alt=\"\" class=\"wp-image-656\" srcset=\"https:\/\/stjoorvault.fr\/wp-content\/uploads\/2019\/03\/Visuel-Bible-App-enfants-1170x291-1-1024x255.jpg 1024w, https:\/\/stjoorvault.fr\/wp-content\/uploads\/2019\/03\/Visuel-Bible-App-enfants-1170x291-1-300x75.jpg 300w, https:\/\/stjoorvault.fr\/wp-content\/uploads\/2019\/03\/Visuel-Bible-App-enfants-1170x291-1-768x191.jpg 768w, https:\/\/stjoorvault.fr\/wp-content\/uploads\/2019\/03\/Visuel-Bible-App-enfants-1170x291-1.jpg 1170w\" sizes=\"(max-width: 1024px) 100vw, 1024px\" \/><\/figure>\n\n\n\n<blockquote class=\"wp-block-quote is-style-default\">\n<p>Marc 10 : 13-16 <br>On lui amena des petits enfants, afin qu&#8217;il les touch\u00e2t. Mais les disciples reprirent ceux qui les amenaient.&nbsp;<sup>14<\/sup>&nbsp;J\u00e9sus, voyant cela, fut indign\u00e9, et leur dit : Laissez venir \u00e0 moi les petits enfants, et ne les en emp\u00eachez pas; car le royaume de Dieu est pour ceux qui leur ressemblent.&nbsp;<sup>15<\/sup>&nbsp;Je vous le dis en v\u00e9rit\u00e9, quiconque ne recevra pas le royaume de Dieu comme un petit enfant n&#8217;y entrera point.&nbsp;<sup>16<\/sup>&nbsp;Puis il les prit dans ses bras, et les b\u00e9nit, en leur imposant les mains. <\/p>\n<\/blockquote>\n\n\n\n<hr class=\"wp-block-separator has-css-opacity\"\/>\n\n\n\n<p>L\u2019\u00e9cole est un lieu : <\/p>\n\n\n\n<ul>\n<li>o\u00f9 l\u2019on offre la libert\u00e9 de croire et d\u2019esp\u00e9rer <\/li>\n<\/ul>\n\n\n\n<ul>\n<li>o\u00f9 l\u2019on offre des temps de partage et de don pour donner du sens \u00e0 la vie <\/li>\n\n\n\n<li>o\u00f9 l\u2019on annonce J\u00e9sus-Christ o\u00f9 l\u2019on esp\u00e8re en l\u2019autre <\/li>\n\n\n\n<li>o\u00f9 l\u2019on t\u00e9moigne dans sa d\u00e9marche \u00e9ducative les valeurs \u00e9vang\u00e9liques de culture, d\u2019\u00e9change, de dialogue et de rencontre avec les autres religions <\/li>\n\n\n\n<li>o\u00f9 l\u2019on f\u00eate les temps forts du calendrier liturgique<\/li>\n<\/ul>\n\n\n\n<hr class=\"wp-block-separator has-css-opacity\"\/>\n\n\n\n<div class=\"wp-block-media-text alignwide\" style=\"grid-template-columns:22% auto\"><figure class=\"wp-block-media-text__media\"><img loading=\"lazy\" decoding=\"async\" width=\"800\" height=\"800\" src=\"https:\/\/stjoorvault.fr\/wp-content\/uploads\/2019\/02\/cat\u00e9.jpg\" alt=\"\" class=\"wp-image-431 size-full\" srcset=\"https:\/\/stjoorvault.fr\/wp-content\/uploads\/2019\/02\/cat\u00e9.jpg 800w, https:\/\/stjoorvault.fr\/wp-content\/uploads\/2019\/02\/cat\u00e9-150x150.jpg 150w, https:\/\/stjoorvault.fr\/wp-content\/uploads\/2019\/02\/cat\u00e9-300x300.jpg 300w, https:\/\/stjoorvault.fr\/wp-content\/uploads\/2019\/02\/cat\u00e9-768x768.jpg 768w, https:\/\/stjoorvault.fr\/wp-content\/uploads\/2019\/02\/cat\u00e9-70x70.jpg 70w, https:\/\/stjoorvault.fr\/wp-content\/uploads\/2019\/02\/cat\u00e9-246x246.jpg 246w, https:\/\/stjoorvault.fr\/wp-content\/uploads\/2019\/02\/cat\u00e9-276x276.jpg 276w, https:\/\/stjoorvault.fr\/wp-content\/uploads\/2019\/02\/cat\u00e9-125x125.jpg 125w\" sizes=\"(max-width: 800px) 100vw, 800px\" \/><\/figure><div class=\"wp-block-media-text__content\">\n<p class=\"has-large-font-size\">La cat\u00e9ch\u00e8se<\/p>\n<\/div><\/div>\n\n\n\n<hr class=\"wp-block-separator has-css-opacity\"\/>\n\n\n\n<div class=\"wp-block-media-text alignwide\" style=\"grid-template-columns:23% auto\"><figure class=\"wp-block-media-text__media\"><img loading=\"lazy\" decoding=\"async\" width=\"313\" height=\"313\" src=\"https:\/\/stjoorvault.fr\/wp-content\/uploads\/2019\/02\/F313_CC3-les-aventures-d-anne-et-leo.png\" alt=\"\" class=\"wp-image-434 size-full\" srcset=\"https:\/\/stjoorvault.fr\/wp-content\/uploads\/2019\/02\/F313_CC3-les-aventures-d-anne-et-leo.png 313w, https:\/\/stjoorvault.fr\/wp-content\/uploads\/2019\/02\/F313_CC3-les-aventures-d-anne-et-leo-150x150.png 150w, https:\/\/stjoorvault.fr\/wp-content\/uploads\/2019\/02\/F313_CC3-les-aventures-d-anne-et-leo-300x300.png 300w, https:\/\/stjoorvault.fr\/wp-content\/uploads\/2019\/02\/F313_CC3-les-aventures-d-anne-et-leo-70x70.png 70w, https:\/\/stjoorvault.fr\/wp-content\/uploads\/2019\/02\/F313_CC3-les-aventures-d-anne-et-leo-246x246.png 246w, https:\/\/stjoorvault.fr\/wp-content\/uploads\/2019\/02\/F313_CC3-les-aventures-d-anne-et-leo-276x276.png 276w, https:\/\/stjoorvault.fr\/wp-content\/uploads\/2019\/02\/F313_CC3-les-aventures-d-anne-et-leo-125x125.png 125w\" sizes=\"(max-width: 313px) 100vw, 313px\" \/><\/figure><div class=\"wp-block-media-text__content\">\n<p class=\"has-large-font-size\">Culture chr\u00e9tienne<\/p>\n<\/div><\/div>\n\n\n\n<hr class=\"wp-block-separator has-css-opacity\"\/>\n\n\n\n<div class=\"wp-block-cover is-light\"><span aria-hidden=\"true\" class=\"wp-block-cover__background has-background-dim-0 has-background-dim\"><\/span><img loading=\"lazy\" decoding=\"async\" width=\"900\" height=\"344\" class=\"wp-block-cover__image-background wp-image-436\" src=\"https:\/\/stjoorvault.fr\/wp-content\/uploads\/2019\/02\/paroisse2.jpg\" data-object-fit=\"cover\" srcset=\"https:\/\/stjoorvault.fr\/wp-content\/uploads\/2019\/02\/paroisse2.jpg 900w, https:\/\/stjoorvault.fr\/wp-content\/uploads\/2019\/02\/paroisse2-300x115.jpg 300w, https:\/\/stjoorvault.fr\/wp-content\/uploads\/2019\/02\/paroisse2-768x294.jpg 768w\" sizes=\"(max-width: 900px) 100vw, 900px\" \/><div class=\"wp-block-cover__inner-container is-layout-flow wp-block-cover-is-layout-flow\">\n<p class=\"has-text-align-center has-large-font-size\"><a href=\"https:\/\/paroisseorvault.fr\/\">La paroisse <\/a><\/p>\n<\/div><\/div>\n\n\n\n<hr class=\"wp-block-separator has-css-opacity\"\/>\n","protected":false},"excerpt":{"rendered":"<p>Marc 10 : 13-16 On lui amena des petits enfants, afin qu&#8217;il les touch\u00e2t. Mais les disciples reprirent ceux qui &hellip; <\/p>\n","protected":false},"author":1,"featured_media":0,"parent":0,"menu_order":0,"comment_status":"closed","ping_status":"closed","template":"","meta":{"ngg_post_thumbnail":0,"footnotes":""},"yoast_head":"<!-- This site is optimized with the Yoast SEO plugin v21.3 - https:\/\/yoast.com\/wordpress\/plugins\/seo\/ -->\n<title>Spiritualit\u00e9 - Ecole Saint Joseph<\/title>\n<meta name=\"robots\" content=\"index, follow, max-snippet:-1, max-image-preview:large, max-video-preview:-1\" \/>\n<link rel=\"canonical\" href=\"https:\/\/stjoorvault.fr\/index.php\/spiritualite\/\" \/>\n<meta property=\"og:locale\" content=\"fr_FR\" \/>\n<meta property=\"og:type\" content=\"article\" \/>\n<meta property=\"og:title\" content=\"Spiritualit\u00e9 - Ecole Saint Joseph\" \/>\n<meta property=\"og:description\" content=\"Marc 10 : 13-16 On lui amena des petits enfants, afin qu&#8217;il les touch\u00e2t. Mais les disciples reprirent ceux qui &hellip;\" \/>\n<meta property=\"og:url\" content=\"https:\/\/stjoorvault.fr\/index.php\/spiritualite\/\" \/>\n<meta property=\"og:site_name\" content=\"Ecole Saint Joseph\" \/>\n<meta property=\"article:modified_time\" content=\"2024-02-19T12:13:21+00:00\" \/>\n<meta property=\"og:image\" content=\"http:\/\/stjoorvault.fr\/wp-content\/uploads\/2019\/03\/Visuel-Bible-App-enfants-1170x291-1-1024x255.jpg\" \/>\n<meta name=\"twitter:label1\" content=\"Dur\u00e9e de lecture estim\u00e9e\" \/>\n\t<meta name=\"twitter:data1\" content=\"2 minutes\" \/>\n<script type=\"application\/ld+json\" class=\"yoast-schema-graph\">{\"@context\":\"https:\/\/schema.org\",\"@graph\":[{\"@type\":\"WebPage\",\"@id\":\"https:\/\/stjoorvault.fr\/index.php\/spiritualite\/\",\"url\":\"https:\/\/stjoorvault.fr\/index.php\/spiritualite\/\",\"name\":\"Spiritualit\u00e9 - Ecole Saint Joseph\",\"isPartOf\":{\"@id\":\"https:\/\/stjoorvault.fr\/index.php\/#website\"},\"datePublished\":\"2019-02-22T15:11:43+00:00\",\"dateModified\":\"2024-02-19T12:13:21+00:00\",\"breadcrumb\":{\"@id\":\"https:\/\/stjoorvault.fr\/index.php\/spiritualite\/#breadcrumb\"},\"inLanguage\":\"fr-FR\",\"potentialAction\":[{\"@type\":\"ReadAction\",\"target\":[\"https:\/\/stjoorvault.fr\/index.php\/spiritualite\/\"]}]},{\"@type\":\"BreadcrumbList\",\"@id\":\"https:\/\/stjoorvault.fr\/index.php\/spiritualite\/#breadcrumb\",\"itemListElement\":[{\"@type\":\"ListItem\",\"position\":1,\"name\":\"Accueil\",\"item\":\"https:\/\/stjoorvault.fr\/index.php\/\"},{\"@type\":\"ListItem\",\"position\":2,\"name\":\"Spiritualit\u00e9\"}]},{\"@type\":\"WebSite\",\"@id\":\"https:\/\/stjoorvault.fr\/index.php\/#website\",\"url\":\"https:\/\/stjoorvault.fr\/index.php\/\",\"name\":\"Ecole Saint Joseph\",\"description\":\"Ecole Priv\u00e9e Catholique \u00e0 Orvault\",\"potentialAction\":[{\"@type\":\"SearchAction\",\"target\":{\"@type\":\"EntryPoint\",\"urlTemplate\":\"https:\/\/stjoorvault.fr\/index.php\/?s={search_term_string}\"},\"query-input\":\"required name=search_term_string\"}],\"inLanguage\":\"fr-FR\"}]}<\/script>\n<!-- \/ Yoast SEO plugin. -->","yoast_head_json":{"title":"Spiritualit\u00e9 - Ecole Saint Joseph","robots":{"index":"index","follow":"follow","max-snippet":"max-snippet:-1","max-image-preview":"max-image-preview:large","max-video-preview":"max-video-preview:-1"},"canonical":"https:\/\/stjoorvault.fr\/index.php\/spiritualite\/","og_locale":"fr_FR","og_type":"article","og_title":"Spiritualit\u00e9 - Ecole Saint Joseph","og_description":"Marc 10 : 13-16 On lui amena des petits enfants, afin qu&#8217;il les touch\u00e2t. Mais les disciples reprirent ceux qui &hellip;","og_url":"https:\/\/stjoorvault.fr\/index.php\/spiritualite\/","og_site_name":"Ecole Saint Joseph","article_modified_time":"2024-02-19T12:13:21+00:00","og_image":[{"url":"http:\/\/stjoorvault.fr\/wp-content\/uploads\/2019\/03\/Visuel-Bible-App-enfants-1170x291-1-1024x255.jpg"}],"twitter_misc":{"Dur\u00e9e de lecture estim\u00e9e":"2 minutes"},"schema":{"@context":"https:\/\/schema.org","@graph":[{"@type":"WebPage","@id":"https:\/\/stjoorvault.fr\/index.php\/spiritualite\/","url":"https:\/\/stjoorvault.fr\/index.php\/spiritualite\/","name":"Spiritualit\u00e9 - Ecole Saint Joseph","isPartOf":{"@id":"https:\/\/stjoorvault.fr\/index.php\/#website"},"datePublished":"2019-02-22T15:11:43+00:00","dateModified":"2024-02-19T12:13:21+00:00","breadcrumb":{"@id":"https:\/\/stjoorvault.fr\/index.php\/spiritualite\/#breadcrumb"},"inLanguage":"fr-FR","potentialAction":[{"@type":"ReadAction","target":["https:\/\/stjoorvault.fr\/index.php\/spiritualite\/"]}]},{"@type":"BreadcrumbList","@id":"https:\/\/stjoorvault.fr\/index.php\/spiritualite\/#breadcrumb","itemListElement":[{"@type":"ListItem","position":1,"name":"Accueil","item":"https:\/\/stjoorvault.fr\/index.php\/"},{"@type":"ListItem","position":2,"name":"Spiritualit\u00e9"}]},{"@type":"WebSite","@id":"https:\/\/stjoorvault.fr\/index.php\/#website","url":"https:\/\/stjoorvault.fr\/index.php\/","name":"Ecole Saint Joseph","description":"Ecole Priv\u00e9e Catholique \u00e0 Orvault","potentialAction":[{"@type":"SearchAction","target":{"@type":"EntryPoint","urlTemplate":"https:\/\/stjoorvault.fr\/index.php\/?s={search_term_string}"},"query-input":"required name=search_term_string"}],"inLanguage":"fr-FR"}]}},"_links":{"self":[{"href":"https:\/\/stjoorvault.fr\/index.php\/wp-json\/wp\/v2\/pages\/426"}],"collection":[{"href":"https:\/\/stjoorvault.fr\/index.php\/wp-json\/wp\/v2\/pages"}],"about":[{"href":"https:\/\/stjoorvault.fr\/index.php\/wp-json\/wp\/v2\/types\/page"}],"author":[{"embeddable":true,"href":"https:\/\/stjoorvault.fr\/index.php\/wp-json\/wp\/v2\/users\/1"}],"replies":[{"embeddable":true,"href":"https:\/\/stjoorvault.fr\/index.php\/wp-json\/wp\/v2\/comments?post=426"}],"version-history":[{"count":13,"href":"https:\/\/stjoorvault.fr\/index.php\/wp-json\/wp\/v2\/pages\/426\/revisions"}],"predecessor-version":[{"id":5364,"href":"https:\/\/stjoorvault.fr\/index.php\/wp-json\/wp\/v2\/pages\/426\/revisions\/5364"}],"wp:attachment":[{"href":"https:\/\/stjoorvault.fr\/index.php\/wp-json\/wp\/v2\/media?parent=426"}],"curies":[{"name":"wp","href":"https:\/\/api.w.org\/{rel}","templated":true}]}}