{"id":4514,"date":"2022-09-30T21:17:07","date_gmt":"2022-09-30T20:17:07","guid":{"rendered":"https:\/\/stjoorvault.fr\/index.php\/?page_id=4514"},"modified":"2025-08-11T17:24:28","modified_gmt":"2025-08-11T16:24:28","slug":"inscription-tarifs","status":"publish","type":"page","link":"https:\/\/stjoorvault.fr\/index.php\/inscription-tarifs\/","title":{"rendered":"Inscription &#038; Tarifs"},"content":{"rendered":"<div><a href=\"https:\/\/stjoorvault.fr\/wp-content\/uploads\/2022\/06\/2022-06-18-Kermesse-St-Joseph-3-Copie-scaled.jpg\"><img loading=\"lazy\" decoding=\"async\" class=\" wp-image-4352 aligncenter\" src=\"https:\/\/stjoorvault.fr\/wp-content\/uploads\/2022\/06\/2022-06-18-Kermesse-St-Joseph-3-Copie-300x122.jpg\" alt=\"\" width=\"622\" height=\"253\" srcset=\"https:\/\/stjoorvault.fr\/wp-content\/uploads\/2022\/06\/2022-06-18-Kermesse-St-Joseph-3-Copie-300x122.jpg 300w, https:\/\/stjoorvault.fr\/wp-content\/uploads\/2022\/06\/2022-06-18-Kermesse-St-Joseph-3-Copie-1024x416.jpg 1024w, https:\/\/stjoorvault.fr\/wp-content\/uploads\/2022\/06\/2022-06-18-Kermesse-St-Joseph-3-Copie-768x312.jpg 768w, https:\/\/stjoorvault.fr\/wp-content\/uploads\/2022\/06\/2022-06-18-Kermesse-St-Joseph-3-Copie-1536x625.jpg 1536w, https:\/\/stjoorvault.fr\/wp-content\/uploads\/2022\/06\/2022-06-18-Kermesse-St-Joseph-3-Copie-2048x833.jpg 2048w\" sizes=\"(max-width: 622px) 100vw, 622px\" \/><\/a><\/div>\n<div style=\"text-align: center;\"><span style=\"text-decoration: underline;\"><strong>Montant mensuel sur 10 mois :<\/strong><\/span><\/div>\n<div style=\"text-align: center;\">Tarif \u00e9quilibre : 45 \u20ac<\/div>\n<div style=\"text-align: center;\">Tarif solidaire : 49 \u20ac<\/div>\n<div style=\"text-align: center;\">Les paiements se font obligatoirement par pr\u00e9l\u00e8vement bancaire et sont r\u00e9alis\u00e9s mensuellement.<\/div>\n<p>&nbsp;<\/p>\n<hr>\n<div><a href=\"https:\/\/stjoorvault.fr\/wp-content\/uploads\/2022\/09\/inscriptions-scolaires.jpg\"><img loading=\"lazy\" decoding=\"async\" class=\" wp-image-4525 aligncenter\" src=\"https:\/\/stjoorvault.fr\/wp-content\/uploads\/2022\/09\/inscriptions-scolaires-300x156.jpg\" alt=\"\" width=\"429\" height=\"223\" srcset=\"https:\/\/stjoorvault.fr\/wp-content\/uploads\/2022\/09\/inscriptions-scolaires-300x156.jpg 300w, https:\/\/stjoorvault.fr\/wp-content\/uploads\/2022\/09\/inscriptions-scolaires-768x399.jpg 768w, https:\/\/stjoorvault.fr\/wp-content\/uploads\/2022\/09\/inscriptions-scolaires.jpg 770w\" sizes=\"(max-width: 429px) 100vw, 429px\" \/><\/a><\/div>\n<div>&nbsp;<\/div>\n<div style=\"text-align: center;\">Pour les inscriptions merci de contacter la directrice, <strong>Mme Val\u00e9rie Dallibert<\/strong>,&nbsp;<\/div>\n<div style=\"text-align: center;\">T\u00e9l\u00e9phone : <strong>02 52 59 04 81<\/strong><\/div>\n<div style=\"text-align: center;\">Courriel : <strong>direction@stjoorvault.fr<\/strong><\/div>\n<div class=\"wp-block-cover is-light\">\n<div class=\"wp-block-cover__inner-container\">\n<p style=\"text-align: center;\">&nbsp;<\/p>\n<\/div>\n<\/div>\n","protected":false},"excerpt":{"rendered":"<p>Montant mensuel sur 10 mois : Tarif \u00e9quilibre : 45 \u20ac Tarif solidaire : 49 \u20ac Les paiements se font &hellip; <\/p>\n","protected":false},"author":12,"featured_media":0,"parent":0,"menu_order":0,"comment_status":"closed","ping_status":"closed","template":"","meta":{"ngg_post_thumbnail":0,"footnotes":""},"yoast_head":"<!-- This site is optimized with the Yoast SEO plugin v21.3 - https:\/\/yoast.com\/wordpress\/plugins\/seo\/ -->\n<title>Inscription &amp; Tarifs - Ecole Saint Joseph<\/title>\n<meta name=\"robots\" content=\"index, follow, max-snippet:-1, max-image-preview:large, max-video-preview:-1\" \/>\n<link rel=\"canonical\" href=\"https:\/\/stjoorvault.fr\/index.php\/inscription-tarifs\/\" \/>\n<meta property=\"og:locale\" content=\"fr_FR\" \/>\n<meta property=\"og:type\" content=\"article\" \/>\n<meta property=\"og:title\" content=\"Inscription &amp; Tarifs - Ecole Saint Joseph\" \/>\n<meta property=\"og:description\" content=\"Montant mensuel sur 10 mois : Tarif \u00e9quilibre : 45 \u20ac Tarif solidaire : 49 \u20ac Les paiements se font &hellip;\" \/>\n<meta property=\"og:url\" content=\"https:\/\/stjoorvault.fr\/index.php\/inscription-tarifs\/\" \/>\n<meta property=\"og:site_name\" content=\"Ecole Saint Joseph\" \/>\n<meta property=\"article:modified_time\" content=\"2025-08-11T16:24:28+00:00\" \/>\n<meta property=\"og:image\" content=\"https:\/\/stjoorvault.fr\/wp-content\/uploads\/2022\/06\/2022-06-18-Kermesse-St-Joseph-3-Copie-300x122.jpg\" \/>\n<meta name=\"twitter:label1\" content=\"Dur\u00e9e de lecture estim\u00e9e\" \/>\n\t<meta name=\"twitter:data1\" content=\"1 minute\" \/>\n<script type=\"application\/ld+json\" class=\"yoast-schema-graph\">{\"@context\":\"https:\/\/schema.org\",\"@graph\":[{\"@type\":\"WebPage\",\"@id\":\"https:\/\/stjoorvault.fr\/index.php\/inscription-tarifs\/\",\"url\":\"https:\/\/stjoorvault.fr\/index.php\/inscription-tarifs\/\",\"name\":\"Inscription & Tarifs - Ecole Saint Joseph\",\"isPartOf\":{\"@id\":\"https:\/\/stjoorvault.fr\/index.php\/#website\"},\"datePublished\":\"2022-09-30T20:17:07+00:00\",\"dateModified\":\"2025-08-11T16:24:28+00:00\",\"breadcrumb\":{\"@id\":\"https:\/\/stjoorvault.fr\/index.php\/inscription-tarifs\/#breadcrumb\"},\"inLanguage\":\"fr-FR\",\"potentialAction\":[{\"@type\":\"ReadAction\",\"target\":[\"https:\/\/stjoorvault.fr\/index.php\/inscription-tarifs\/\"]}]},{\"@type\":\"BreadcrumbList\",\"@id\":\"https:\/\/stjoorvault.fr\/index.php\/inscription-tarifs\/#breadcrumb\",\"itemListElement\":[{\"@type\":\"ListItem\",\"position\":1,\"name\":\"Accueil\",\"item\":\"https:\/\/stjoorvault.fr\/index.php\/\"},{\"@type\":\"ListItem\",\"position\":2,\"name\":\"Inscription &#038; Tarifs\"}]},{\"@type\":\"WebSite\",\"@id\":\"https:\/\/stjoorvault.fr\/index.php\/#website\",\"url\":\"https:\/\/stjoorvault.fr\/index.php\/\",\"name\":\"Ecole Saint Joseph\",\"description\":\"Ecole Priv\u00e9e Catholique \u00e0 Orvault\",\"potentialAction\":[{\"@type\":\"SearchAction\",\"target\":{\"@type\":\"EntryPoint\",\"urlTemplate\":\"https:\/\/stjoorvault.fr\/index.php\/?s={search_term_string}\"},\"query-input\":\"required name=search_term_string\"}],\"inLanguage\":\"fr-FR\"}]}<\/script>\n<!-- \/ Yoast SEO plugin. -->","yoast_head_json":{"title":"Inscription & Tarifs - Ecole Saint Joseph","robots":{"index":"index","follow":"follow","max-snippet":"max-snippet:-1","max-image-preview":"max-image-preview:large","max-video-preview":"max-video-preview:-1"},"canonical":"https:\/\/stjoorvault.fr\/index.php\/inscription-tarifs\/","og_locale":"fr_FR","og_type":"article","og_title":"Inscription & Tarifs - Ecole Saint Joseph","og_description":"Montant mensuel sur 10 mois : Tarif \u00e9quilibre : 45 \u20ac Tarif solidaire : 49 \u20ac Les paiements se font &hellip;","og_url":"https:\/\/stjoorvault.fr\/index.php\/inscription-tarifs\/","og_site_name":"Ecole Saint Joseph","article_modified_time":"2025-08-11T16:24:28+00:00","og_image":[{"url":"https:\/\/stjoorvault.fr\/wp-content\/uploads\/2022\/06\/2022-06-18-Kermesse-St-Joseph-3-Copie-300x122.jpg"}],"twitter_misc":{"Dur\u00e9e de lecture estim\u00e9e":"1 minute"},"schema":{"@context":"https:\/\/schema.org","@graph":[{"@type":"WebPage","@id":"https:\/\/stjoorvault.fr\/index.php\/inscription-tarifs\/","url":"https:\/\/stjoorvault.fr\/index.php\/inscription-tarifs\/","name":"Inscription & Tarifs - Ecole Saint Joseph","isPartOf":{"@id":"https:\/\/stjoorvault.fr\/index.php\/#website"},"datePublished":"2022-09-30T20:17:07+00:00","dateModified":"2025-08-11T16:24:28+00:00","breadcrumb":{"@id":"https:\/\/stjoorvault.fr\/index.php\/inscription-tarifs\/#breadcrumb"},"inLanguage":"fr-FR","potentialAction":[{"@type":"ReadAction","target":["https:\/\/stjoorvault.fr\/index.php\/inscription-tarifs\/"]}]},{"@type":"BreadcrumbList","@id":"https:\/\/stjoorvault.fr\/index.php\/inscription-tarifs\/#breadcrumb","itemListElement":[{"@type":"ListItem","position":1,"name":"Accueil","item":"https:\/\/stjoorvault.fr\/index.php\/"},{"@type":"ListItem","position":2,"name":"Inscription &#038; Tarifs"}]},{"@type":"WebSite","@id":"https:\/\/stjoorvault.fr\/index.php\/#website","url":"https:\/\/stjoorvault.fr\/index.php\/","name":"Ecole Saint Joseph","description":"Ecole Priv\u00e9e Catholique \u00e0 Orvault","potentialAction":[{"@type":"SearchAction","target":{"@type":"EntryPoint","urlTemplate":"https:\/\/stjoorvault.fr\/index.php\/?s={search_term_string}"},"query-input":"required name=search_term_string"}],"inLanguage":"fr-FR"}]}},"_links":{"self":[{"href":"https:\/\/stjoorvault.fr\/index.php\/wp-json\/wp\/v2\/pages\/4514"}],"collection":[{"href":"https:\/\/stjoorvault.fr\/index.php\/wp-json\/wp\/v2\/pages"}],"about":[{"href":"https:\/\/stjoorvault.fr\/index.php\/wp-json\/wp\/v2\/types\/page"}],"author":[{"embeddable":true,"href":"https:\/\/stjoorvault.fr\/index.php\/wp-json\/wp\/v2\/users\/12"}],"replies":[{"embeddable":true,"href":"https:\/\/stjoorvault.fr\/index.php\/wp-json\/wp\/v2\/comments?post=4514"}],"version-history":[{"count":16,"href":"https:\/\/stjoorvault.fr\/index.php\/wp-json\/wp\/v2\/pages\/4514\/revisions"}],"predecessor-version":[{"id":5408,"href":"https:\/\/stjoorvault.fr\/index.php\/wp-json\/wp\/v2\/pages\/4514\/revisions\/5408"}],"wp:attachment":[{"href":"https:\/\/stjoorvault.fr\/index.php\/wp-json\/wp\/v2\/media?parent=4514"}],"curies":[{"name":"wp","href":"https:\/\/api.w.org\/{rel}","templated":true}]}}