{"id":57,"date":"2019-02-04T21:29:36","date_gmt":"2019-02-04T20:29:36","guid":{"rendered":"http:\/\/stjoorvault.fr\/index_tmp.php\/?page_id=57"},"modified":"2026-01-15T23:26:20","modified_gmt":"2026-01-15T22:26:20","slug":"presentation","status":"publish","type":"page","link":"https:\/\/stjoorvault.fr\/index.php\/presentation\/","title":{"rendered":"Notre \u00e9cole"},"content":{"rendered":"\n<hr class=\"wp-block-separator has-css-opacity\"\/>\n\n\n\n<hr class=\"wp-block-separator has-css-opacity\"\/>\n\n\n\n<div class=\"wp-block-media-text alignwide\" style=\"grid-template-columns:18% auto\"><figure class=\"wp-block-media-text__media\"><img loading=\"lazy\" decoding=\"async\" width=\"770\" height=\"400\" src=\"https:\/\/stjoorvault.fr\/wp-content\/uploads\/2019\/03\/inscriptions-scolaires.jpg\" alt=\"\" class=\"wp-image-589 size-full\" srcset=\"https:\/\/stjoorvault.fr\/wp-content\/uploads\/2019\/03\/inscriptions-scolaires.jpg 770w, https:\/\/stjoorvault.fr\/wp-content\/uploads\/2019\/03\/inscriptions-scolaires-300x156.jpg 300w, https:\/\/stjoorvault.fr\/wp-content\/uploads\/2019\/03\/inscriptions-scolaires-768x399.jpg 768w\" sizes=\"(max-width: 770px) 100vw, 770px\" \/><\/figure><div class=\"wp-block-media-text__content\">\n<p class=\"has-large-font-size\">Inscriptions<\/p>\n<\/div><\/div>\n\n\n\n<hr class=\"wp-block-separator has-css-opacity\"\/>\n\n\n\n<div class=\"wp-block-cover\"><span aria-hidden=\"true\" class=\"wp-block-cover__background has-background-dim-30 has-background-dim\"><\/span><img loading=\"lazy\" decoding=\"async\" width=\"1707\" height=\"669\" class=\"wp-block-cover__image-background wp-image-4840\" alt=\"\" src=\"https:\/\/stjoorvault.fr\/wp-content\/uploads\/2023\/01\/EssaiCouv130b.jpg\" data-object-fit=\"cover\" srcset=\"https:\/\/stjoorvault.fr\/wp-content\/uploads\/2023\/01\/EssaiCouv130b.jpg 1707w, https:\/\/stjoorvault.fr\/wp-content\/uploads\/2023\/01\/EssaiCouv130b-300x118.jpg 300w, https:\/\/stjoorvault.fr\/wp-content\/uploads\/2023\/01\/EssaiCouv130b-1024x401.jpg 1024w, https:\/\/stjoorvault.fr\/wp-content\/uploads\/2023\/01\/EssaiCouv130b-768x301.jpg 768w, https:\/\/stjoorvault.fr\/wp-content\/uploads\/2023\/01\/EssaiCouv130b-1536x602.jpg 1536w\" sizes=\"(max-width: 1707px) 100vw, 1707px\" \/><div class=\"wp-block-cover__inner-container is-layout-flow wp-block-cover-is-layout-flow\">\n<p class=\"has-text-align-center has-large-font-size\">Pour les inscriptions, merci de contacter la directrice :  Mme Val\u00e9rie Dallibert<br><br>02 52 59 04 81<br><br>direction@stjoorvault.fr<\/p>\n<\/div><\/div>\n\n\n\n<div class=\"wp-block-media-text alignwide\" style=\"grid-template-columns:17% auto\"><figure class=\"wp-block-media-text__media\"><img decoding=\"async\" src=\"https:\/\/stjoorvault.fr\/wp-content\/uploads\/2019\/02\/bienvenue-1024x768.jpg\" alt=\"\" class=\"wp-image-457 size-full\"\/><\/figure><div class=\"wp-block-media-text__content\">\n<p class=\"has-large-font-size\">&nbsp;<\/p>\n<\/div><\/div>\n\n\n\n<hr class=\"wp-block-separator has-css-opacity\"\/>\n\n\n\n<hr class=\"wp-block-separator has-css-opacity\"\/>\n\n\n\n<div class=\"wp-block-media-text alignwide\" style=\"grid-template-columns:17% auto\"><figure class=\"wp-block-media-text__media\"><img loading=\"lazy\" decoding=\"async\" width=\"360\" height=\"250\" src=\"https:\/\/stjoorvault.fr\/wp-content\/uploads\/2019\/02\/\u00e9cole.jpg\" alt=\"\" class=\"wp-image-364 size-full\" srcset=\"https:\/\/stjoorvault.fr\/wp-content\/uploads\/2019\/02\/\u00e9cole.jpg 360w, https:\/\/stjoorvault.fr\/wp-content\/uploads\/2019\/02\/\u00e9cole-300x208.jpg 300w\" sizes=\"(max-width: 360px) 100vw, 360px\" \/><\/figure><div class=\"wp-block-media-text__content\">\n<p class=\"has-large-font-size\"><a href=\"https:\/\/stjoorvault.fr\/index.php\/lecole-en-photos\/\">L&#8217;\u00e9cole, en photos<\/a><\/p>\n<\/div><\/div>\n\n\n\n<hr class=\"wp-block-separator has-css-opacity\"\/>\n\n\n\n<hr class=\"wp-block-separator has-css-opacity\"\/>\n\n\n\n<div class=\"wp-block-media-text alignwide\" style=\"grid-template-columns:16% auto\"><figure class=\"wp-block-media-text__media\"><img loading=\"lazy\" decoding=\"async\" width=\"1024\" height=\"683\" src=\"https:\/\/stjoorvault.fr\/wp-content\/uploads\/2020\/01\/Photo-\u00e9quipe-1024x683.jpg\" alt=\"\" class=\"wp-image-2064 size-full\" srcset=\"https:\/\/stjoorvault.fr\/wp-content\/uploads\/2020\/01\/Photo-\u00e9quipe-1024x683.jpg 1024w, https:\/\/stjoorvault.fr\/wp-content\/uploads\/2020\/01\/Photo-\u00e9quipe-300x200.jpg 300w, https:\/\/stjoorvault.fr\/wp-content\/uploads\/2020\/01\/Photo-\u00e9quipe-768x512.jpg 768w, https:\/\/stjoorvault.fr\/wp-content\/uploads\/2020\/01\/Photo-\u00e9quipe-1536x1024.jpg 1536w, https:\/\/stjoorvault.fr\/wp-content\/uploads\/2020\/01\/Photo-\u00e9quipe-2048x1365.jpg 2048w\" sizes=\"(max-width: 1024px) 100vw, 1024px\" \/><\/figure><div class=\"wp-block-media-text__content\">\n<p class=\"has-large-font-size\"><a href=\"https:\/\/stjoorvault.fr\/index.php\/lequipe-pedagogique\/\">L&#8217;\u00e9quipe p\u00e9dagogique<\/a><\/p>\n<\/div><\/div>\n\n\n\n<div class=\"wp-block-media-text alignwide\" style=\"grid-template-columns:17% auto\"><figure class=\"wp-block-media-text__media\"><img loading=\"lazy\" decoding=\"async\" width=\"250\" height=\"222\" src=\"https:\/\/stjoorvault.fr\/wp-content\/uploads\/2019\/02\/p\u00e9ri.jpg\" alt=\"\" class=\"wp-image-447 size-full\"\/><\/figure><div class=\"wp-block-media-text__content\">\n<p class=\"has-large-font-size\"><a href=\"https:\/\/stjoorvault.fr\/index.php\/laccueil-periscolaire\/\">L&#8217;accueil p\u00e9riscolaire<\/a><\/p>\n<\/div><\/div>\n\n\n\n<hr class=\"wp-block-separator has-css-opacity\"\/>\n\n\n\n<div class=\"wp-block-media-text alignwide\" style=\"grid-template-columns:17% auto\"><figure class=\"wp-block-media-text__media\"><img loading=\"lazy\" decoding=\"async\" width=\"600\" height=\"600\" src=\"https:\/\/stjoorvault.fr\/wp-content\/uploads\/2019\/02\/cantine-1.jpg\" alt=\"\" class=\"wp-image-448 size-full\" srcset=\"https:\/\/stjoorvault.fr\/wp-content\/uploads\/2019\/02\/cantine-1.jpg 600w, https:\/\/stjoorvault.fr\/wp-content\/uploads\/2019\/02\/cantine-1-150x150.jpg 150w, https:\/\/stjoorvault.fr\/wp-content\/uploads\/2019\/02\/cantine-1-300x300.jpg 300w, https:\/\/stjoorvault.fr\/wp-content\/uploads\/2019\/02\/cantine-1-70x70.jpg 70w, https:\/\/stjoorvault.fr\/wp-content\/uploads\/2019\/02\/cantine-1-246x246.jpg 246w, https:\/\/stjoorvault.fr\/wp-content\/uploads\/2019\/02\/cantine-1-276x276.jpg 276w, https:\/\/stjoorvault.fr\/wp-content\/uploads\/2019\/02\/cantine-1-125x125.jpg 125w\" sizes=\"(max-width: 600px) 100vw, 600px\" \/><\/figure><div class=\"wp-block-media-text__content\">\n<p class=\"has-large-font-size\"><a href=\"https:\/\/stjoorvault.fr\/index.php\/la-cantine\/\">La cantine<\/a><\/p>\n<\/div><\/div>\n\n\n\n<hr class=\"wp-block-separator has-css-opacity\"\/>\n\n\n\n<div class=\"wp-block-media-text alignwide\" style=\"grid-template-columns: 18% auto;\">\r\n<figure class=\"wp-block-media-text__media\"><img loading=\"lazy\" decoding=\"async\" width=\"372\" height=\"348\" class=\"wp-image-449 size-full\" src=\"https:\/\/stjoorvault.fr\/wp-content\/uploads\/2019\/02\/logo-accueil-loisirs.png\" alt=\"\" srcset=\"https:\/\/stjoorvault.fr\/wp-content\/uploads\/2019\/02\/logo-accueil-loisirs.png 372w, https:\/\/stjoorvault.fr\/wp-content\/uploads\/2019\/02\/logo-accueil-loisirs-300x281.png 300w\" sizes=\"(max-width: 372px) 100vw, 372px\" \/><\/figure>\r\n<div class=\"wp-block-media-text__content\">\n\n<p class=\"has-large-font-size\"><a href=\"https:\/\/stjoorvault.fr\/index.php\/laccueil-de-loisirs-du-mercredi-matin\/\">L&#8217;accueil de loisirs du mercredi matin<\/a><\/p>\r\n<\/div>\r\n<\/div>\n\n","protected":false},"excerpt":{"rendered":"<p>Inscriptions &nbsp; L&#8217;\u00e9cole, en photos L&#8217;\u00e9quipe p\u00e9dagogique L&#8217;accueil p\u00e9riscolaire La cantine L&#8217;accueil de loisirs du mercredi matin<\/p>\n","protected":false},"author":1,"featured_media":0,"parent":0,"menu_order":0,"comment_status":"closed","ping_status":"closed","template":"","meta":{"ngg_post_thumbnail":0,"footnotes":""},"yoast_head":"<!-- This site is optimized with the Yoast SEO plugin v21.3 - https:\/\/yoast.com\/wordpress\/plugins\/seo\/ -->\n<title>Notre \u00e9cole - Ecole Saint Joseph<\/title>\n<meta name=\"robots\" content=\"index, follow, max-snippet:-1, max-image-preview:large, max-video-preview:-1\" \/>\n<link rel=\"canonical\" href=\"https:\/\/stjoorvault.fr\/index.php\/presentation\/\" \/>\n<meta property=\"og:locale\" content=\"fr_FR\" \/>\n<meta property=\"og:type\" content=\"article\" \/>\n<meta property=\"og:title\" content=\"Notre \u00e9cole - Ecole Saint Joseph\" \/>\n<meta property=\"og:description\" content=\"Inscriptions &nbsp; L&#8217;\u00e9cole, en photos L&#8217;\u00e9quipe p\u00e9dagogique L&#8217;accueil p\u00e9riscolaire La cantine L&#8217;accueil de loisirs du mercredi matin\" \/>\n<meta property=\"og:url\" content=\"https:\/\/stjoorvault.fr\/index.php\/presentation\/\" \/>\n<meta property=\"og:site_name\" content=\"Ecole Saint Joseph\" \/>\n<meta property=\"article:modified_time\" content=\"2026-01-15T22:26:20+00:00\" \/>\n<meta property=\"og:image\" content=\"http:\/\/stjoorvault.fr\/wp-content\/uploads\/2019\/03\/inscriptions-scolaires.jpg\" \/>\n<meta name=\"twitter:label1\" content=\"Dur\u00e9e de lecture estim\u00e9e\" \/>\n\t<meta name=\"twitter:data1\" content=\"2 minutes\" \/>\n<script type=\"application\/ld+json\" class=\"yoast-schema-graph\">{\"@context\":\"https:\/\/schema.org\",\"@graph\":[{\"@type\":\"WebPage\",\"@id\":\"https:\/\/stjoorvault.fr\/index.php\/presentation\/\",\"url\":\"https:\/\/stjoorvault.fr\/index.php\/presentation\/\",\"name\":\"Notre \u00e9cole - Ecole Saint Joseph\",\"isPartOf\":{\"@id\":\"https:\/\/stjoorvault.fr\/index.php\/#website\"},\"datePublished\":\"2019-02-04T20:29:36+00:00\",\"dateModified\":\"2026-01-15T22:26:20+00:00\",\"breadcrumb\":{\"@id\":\"https:\/\/stjoorvault.fr\/index.php\/presentation\/#breadcrumb\"},\"inLanguage\":\"fr-FR\",\"potentialAction\":[{\"@type\":\"ReadAction\",\"target\":[\"https:\/\/stjoorvault.fr\/index.php\/presentation\/\"]}]},{\"@type\":\"BreadcrumbList\",\"@id\":\"https:\/\/stjoorvault.fr\/index.php\/presentation\/#breadcrumb\",\"itemListElement\":[{\"@type\":\"ListItem\",\"position\":1,\"name\":\"Accueil\",\"item\":\"https:\/\/stjoorvault.fr\/index.php\/\"},{\"@type\":\"ListItem\",\"position\":2,\"name\":\"Notre \u00e9cole\"}]},{\"@type\":\"WebSite\",\"@id\":\"https:\/\/stjoorvault.fr\/index.php\/#website\",\"url\":\"https:\/\/stjoorvault.fr\/index.php\/\",\"name\":\"Ecole Saint Joseph\",\"description\":\"Ecole Priv\u00e9e Catholique \u00e0 Orvault\",\"potentialAction\":[{\"@type\":\"SearchAction\",\"target\":{\"@type\":\"EntryPoint\",\"urlTemplate\":\"https:\/\/stjoorvault.fr\/index.php\/?s={search_term_string}\"},\"query-input\":\"required name=search_term_string\"}],\"inLanguage\":\"fr-FR\"}]}<\/script>\n<!-- \/ Yoast SEO plugin. -->","yoast_head_json":{"title":"Notre \u00e9cole - Ecole Saint Joseph","robots":{"index":"index","follow":"follow","max-snippet":"max-snippet:-1","max-image-preview":"max-image-preview:large","max-video-preview":"max-video-preview:-1"},"canonical":"https:\/\/stjoorvault.fr\/index.php\/presentation\/","og_locale":"fr_FR","og_type":"article","og_title":"Notre \u00e9cole - Ecole Saint Joseph","og_description":"Inscriptions &nbsp; L&#8217;\u00e9cole, en photos L&#8217;\u00e9quipe p\u00e9dagogique L&#8217;accueil p\u00e9riscolaire La cantine L&#8217;accueil de loisirs du mercredi matin","og_url":"https:\/\/stjoorvault.fr\/index.php\/presentation\/","og_site_name":"Ecole Saint Joseph","article_modified_time":"2026-01-15T22:26:20+00:00","og_image":[{"url":"http:\/\/stjoorvault.fr\/wp-content\/uploads\/2019\/03\/inscriptions-scolaires.jpg"}],"twitter_misc":{"Dur\u00e9e de lecture estim\u00e9e":"2 minutes"},"schema":{"@context":"https:\/\/schema.org","@graph":[{"@type":"WebPage","@id":"https:\/\/stjoorvault.fr\/index.php\/presentation\/","url":"https:\/\/stjoorvault.fr\/index.php\/presentation\/","name":"Notre \u00e9cole - Ecole Saint Joseph","isPartOf":{"@id":"https:\/\/stjoorvault.fr\/index.php\/#website"},"datePublished":"2019-02-04T20:29:36+00:00","dateModified":"2026-01-15T22:26:20+00:00","breadcrumb":{"@id":"https:\/\/stjoorvault.fr\/index.php\/presentation\/#breadcrumb"},"inLanguage":"fr-FR","potentialAction":[{"@type":"ReadAction","target":["https:\/\/stjoorvault.fr\/index.php\/presentation\/"]}]},{"@type":"BreadcrumbList","@id":"https:\/\/stjoorvault.fr\/index.php\/presentation\/#breadcrumb","itemListElement":[{"@type":"ListItem","position":1,"name":"Accueil","item":"https:\/\/stjoorvault.fr\/index.php\/"},{"@type":"ListItem","position":2,"name":"Notre \u00e9cole"}]},{"@type":"WebSite","@id":"https:\/\/stjoorvault.fr\/index.php\/#website","url":"https:\/\/stjoorvault.fr\/index.php\/","name":"Ecole Saint Joseph","description":"Ecole Priv\u00e9e Catholique \u00e0 Orvault","potentialAction":[{"@type":"SearchAction","target":{"@type":"EntryPoint","urlTemplate":"https:\/\/stjoorvault.fr\/index.php\/?s={search_term_string}"},"query-input":"required name=search_term_string"}],"inLanguage":"fr-FR"}]}},"_links":{"self":[{"href":"https:\/\/stjoorvault.fr\/index.php\/wp-json\/wp\/v2\/pages\/57"}],"collection":[{"href":"https:\/\/stjoorvault.fr\/index.php\/wp-json\/wp\/v2\/pages"}],"about":[{"href":"https:\/\/stjoorvault.fr\/index.php\/wp-json\/wp\/v2\/types\/page"}],"author":[{"embeddable":true,"href":"https:\/\/stjoorvault.fr\/index.php\/wp-json\/wp\/v2\/users\/1"}],"replies":[{"embeddable":true,"href":"https:\/\/stjoorvault.fr\/index.php\/wp-json\/wp\/v2\/comments?post=57"}],"version-history":[{"count":80,"href":"https:\/\/stjoorvault.fr\/index.php\/wp-json\/wp\/v2\/pages\/57\/revisions"}],"predecessor-version":[{"id":5429,"href":"https:\/\/stjoorvault.fr\/index.php\/wp-json\/wp\/v2\/pages\/57\/revisions\/5429"}],"wp:attachment":[{"href":"https:\/\/stjoorvault.fr\/index.php\/wp-json\/wp\/v2\/media?parent=57"}],"curies":[{"name":"wp","href":"https:\/\/api.w.org\/{rel}","templated":true}]}}