{"id":609,"date":"2019-03-16T16:01:30","date_gmt":"2019-03-16T15:01:30","guid":{"rendered":"http:\/\/stjoorvault.fr\/index_tmp.php\/?page_id=609"},"modified":"2025-03-24T11:41:14","modified_gmt":"2025-03-24T10:41:14","slug":"lequipe-pedagogique","status":"publish","type":"page","link":"https:\/\/stjoorvault.fr\/index.php\/lequipe-pedagogique\/","title":{"rendered":"L&#8217;\u00e9quipe p\u00e9dagogique"},"content":{"rendered":"\n<div class=\"wp-block-media-text alignwide is-stacked-on-mobile\" style=\"grid-template-columns:10% auto\"><figure class=\"wp-block-media-text__media\"><img loading=\"lazy\" decoding=\"async\" width=\"1024\" height=\"683\" src=\"https:\/\/stjoorvault.fr\/wp-content\/uploads\/2019\/03\/maternelleFCPE-1024x683.jpg\" alt=\"\" class=\"wp-image-610 size-full\" srcset=\"https:\/\/stjoorvault.fr\/wp-content\/uploads\/2019\/03\/maternelleFCPE-1024x683.jpg 1024w, https:\/\/stjoorvault.fr\/wp-content\/uploads\/2019\/03\/maternelleFCPE-300x200.jpg 300w, https:\/\/stjoorvault.fr\/wp-content\/uploads\/2019\/03\/maternelleFCPE-768x512.jpg 768w, https:\/\/stjoorvault.fr\/wp-content\/uploads\/2019\/03\/maternelleFCPE.jpg 1920w\" sizes=\"(max-width: 1024px) 100vw, 1024px\" \/><\/figure><div class=\"wp-block-media-text__content\">\n<p class=\"has-large-font-size\">4 classes maternelles<\/p>\n<\/div><\/div>\n\n\n\n<hr class=\"wp-block-separator has-css-opacity\"\/>\n\n\n\n<p><strong>Classe de PS<\/strong>: Aur\u00e9lie LE PAPILLON ( Enseignante) Am\u00e9lie HEMERY et Adeline PRIOUL (ASEM).<\/p>\n\n\n\n<p><strong>Classe de PS\/MS <\/strong> : Nathalie BARBIER ( Enseignante), Bastien DOREAU (ASEM)<\/p>\n\n\n\n<p><strong>Classe de MS\/GS<\/strong>: Line ROUSSEAU (Enseignante) , Laure LE DISEZ   (ASEM).<\/p>\n\n\n\n<p><strong>Classe de MS\/GS<\/strong> : Nathalie GUIHENEUF(Enseignante) , Christelle PERAY  ( ASEM).<\/p>\n\n\n\n<p>&nbsp;<\/p>\n\n\n\n<hr class=\"wp-block-separator has-css-opacity\"\/>\n\n\n\n<div class=\"wp-block-media-text alignwide is-stacked-on-mobile\" style=\"grid-template-columns:10% auto\"><figure class=\"wp-block-media-text__media\"><img loading=\"lazy\" decoding=\"async\" width=\"729\" height=\"487\" src=\"https:\/\/stjoorvault.fr\/wp-content\/uploads\/2019\/03\/nombre-dheures-cours-primaire-esteleve-moyenne-lOCDE864-heures-France-contre-800-moyenne_0_729_487.jpg\" alt=\"\" class=\"wp-image-614 size-full\" srcset=\"https:\/\/stjoorvault.fr\/wp-content\/uploads\/2019\/03\/nombre-dheures-cours-primaire-esteleve-moyenne-lOCDE864-heures-France-contre-800-moyenne_0_729_487.jpg 729w, https:\/\/stjoorvault.fr\/wp-content\/uploads\/2019\/03\/nombre-dheures-cours-primaire-esteleve-moyenne-lOCDE864-heures-France-contre-800-moyenne_0_729_487-300x200.jpg 300w\" sizes=\"(max-width: 729px) 100vw, 729px\" \/><\/figure><div class=\"wp-block-media-text__content\">\n<p class=\"has-large-font-size\">8 classes \u00e9l\u00e9mentaires<\/p>\n<\/div><\/div>\n\n\n\n<hr class=\"wp-block-separator has-css-opacity\"\/>\n\n\n\n<p><strong>Classe de GS\/CP<\/strong> : Sabrina LEBRETON ( Enseignante), Adeline PROUL et Am\u00e9lie HEMERY (ASEM)<\/p>\n\n\n\n<p><strong>Classe de CP\/CE1<\/strong> : Anne FAURE<\/p>\n\n\n\n<p><strong>Classe de CE1<\/strong> : Sarah BERNERT ( J,V) et Aur\u00e9lie CADIO (L,M)<\/p>\n\n\n\n<p><strong>Classe de CE1\/CE2<\/strong> : Anna QUILLET<\/p>\n\n\n\n<p><strong>Classe de CE2<\/strong> : Julie CHAUVEL<\/p>\n\n\n\n<p><strong>Classe de CM1\/CM2<\/strong>: Nathalie MEURISSE <\/p>\n\n\n\n<p><strong>Classe de CM1<\/strong> : Laurence PENHARD<\/p>\n\n\n\n<p>Classe de <strong>CM2  <\/strong>: Pauline FAUVEAU-BODIN (L,M,J) et Coline YOU (V)<\/p>\n\n\n\n<p><\/p>\n\n\n\n<hr class=\"wp-block-separator has-css-opacity\"\/>\n\n\n\n<div class=\"wp-block-media-text alignwide is-stacked-on-mobile\" style=\"grid-template-columns:10% auto\"><figure class=\"wp-block-media-text__media\"><img loading=\"lazy\" decoding=\"async\" width=\"225\" height=\"225\" src=\"https:\/\/stjoorvault.fr\/wp-content\/uploads\/2019\/03\/ENSEIGNANT-1.png\" alt=\"\" class=\"wp-image-619 size-full\" srcset=\"https:\/\/stjoorvault.fr\/wp-content\/uploads\/2019\/03\/ENSEIGNANT-1.png 225w, https:\/\/stjoorvault.fr\/wp-content\/uploads\/2019\/03\/ENSEIGNANT-1-150x150.png 150w, https:\/\/stjoorvault.fr\/wp-content\/uploads\/2019\/03\/ENSEIGNANT-1-70x70.png 70w, https:\/\/stjoorvault.fr\/wp-content\/uploads\/2019\/03\/ENSEIGNANT-1-125x125.png 125w\" sizes=\"(max-width: 225px) 100vw, 225px\" \/><\/figure><div class=\"wp-block-media-text__content\">\n<p class=\"has-large-font-size\">Enseignant sp\u00e9cialis\u00e9<\/p>\n<\/div><\/div>\n\n\n\n<p><strong>Poste ASH<\/strong>: Yann ROUAUD &#8211; Pr\u00e9sent 3 demi-journ\u00e9es par semaine ( Lundi apr\u00e8s midi, jeudi matin et vendredi apr\u00e8s midi)<\/p>\n\n\n\n<hr class=\"wp-block-separator has-css-opacity\"\/>\n\n\n\n<div class=\"wp-block-media-text alignwide is-stacked-on-mobile\" style=\"grid-template-columns:10% auto\"><figure class=\"wp-block-media-text__media\"><img loading=\"lazy\" decoding=\"async\" width=\"1024\" height=\"1024\" src=\"https:\/\/stjoorvault.fr\/wp-content\/uploads\/2019\/03\/aide-humaine.jpg\" alt=\"\" class=\"wp-image-622 size-full\" srcset=\"https:\/\/stjoorvault.fr\/wp-content\/uploads\/2019\/03\/aide-humaine.jpg 1024w, https:\/\/stjoorvault.fr\/wp-content\/uploads\/2019\/03\/aide-humaine-150x150.jpg 150w, https:\/\/stjoorvault.fr\/wp-content\/uploads\/2019\/03\/aide-humaine-300x300.jpg 300w, https:\/\/stjoorvault.fr\/wp-content\/uploads\/2019\/03\/aide-humaine-768x768.jpg 768w, https:\/\/stjoorvault.fr\/wp-content\/uploads\/2019\/03\/aide-humaine-70x70.jpg 70w, https:\/\/stjoorvault.fr\/wp-content\/uploads\/2019\/03\/aide-humaine-246x246.jpg 246w, https:\/\/stjoorvault.fr\/wp-content\/uploads\/2019\/03\/aide-humaine-276x276.jpg 276w, https:\/\/stjoorvault.fr\/wp-content\/uploads\/2019\/03\/aide-humaine-125x125.jpg 125w\" sizes=\"(max-width: 1024px) 100vw, 1024px\" \/><\/figure><div class=\"wp-block-media-text__content\">\n<p class=\"has-large-font-size\">Aides humaines<\/p>\n<\/div><\/div>\n\n\n\n<p><strong>AESH<\/strong>: Sandra KANY<\/p>\n\n\n\n<p><strong>AESH<\/strong>: S\u00e9verine MACE<\/p>\n\n\n\n<p><strong>AESH<\/strong>: Ang\u00e9lique MOIREAU<\/p>\n\n\n\n<hr class=\"wp-block-separator has-css-opacity\"\/>\n\n\n\n<div class=\"wp-block-media-text alignwide is-stacked-on-mobile\" style=\"grid-template-columns:10% auto\"><figure class=\"wp-block-media-text__media\"><img loading=\"lazy\" decoding=\"async\" width=\"225\" height=\"225\" src=\"https:\/\/stjoorvault.fr\/wp-content\/uploads\/2019\/03\/compta.jpg\" alt=\"\" class=\"wp-image-623 size-full\" srcset=\"https:\/\/stjoorvault.fr\/wp-content\/uploads\/2019\/03\/compta.jpg 225w, https:\/\/stjoorvault.fr\/wp-content\/uploads\/2019\/03\/compta-150x150.jpg 150w, https:\/\/stjoorvault.fr\/wp-content\/uploads\/2019\/03\/compta-70x70.jpg 70w, https:\/\/stjoorvault.fr\/wp-content\/uploads\/2019\/03\/compta-125x125.jpg 125w\" sizes=\"(max-width: 225px) 100vw, 225px\" \/><\/figure><div class=\"wp-block-media-text__content\">\n<p class=\"has-large-font-size\">Comptabilit\u00e9<\/p>\n<\/div><\/div>\n\n\n\n<p>Anne-Sol\u00e8ne VAN HOVE<br><a href=\"mailto:comptabilit%C3%A9@sjoorvault.fr\" target=\"_blank\" rel=\"noreferrer noopener\">comptabilit\u00e9@sjoorvault.fr<\/a><\/p>\n\n\n\n<p>________________________________________________________________________________________________________________<\/p>\n\n\n\n<p class=\"has-large-font-size\"><p class=\"has-large-font-size\"><\/p>              <span style=\"color: initial;\">Secr\u00e9tariat<\/span><\/p>\n\n\n\n<p class=\"has-medium-font-size\"><span style=\"color: initial;\"> <\/span>Blandine RIVES<br><a href=\"mailto:comptabilit%C3%A9@sjoorvault.fr\" target=\"_blank\" rel=\"noreferrer noopener\">viescolaire@sjoorvault.fr<\/a><\/p>\n\n\n\n<hr class=\"wp-block-separator has-css-opacity\"\/>\n\n\n\n<div class=\"wp-block-media-text alignwide is-stacked-on-mobile\" style=\"grid-template-columns:10% auto\"><figure class=\"wp-block-media-text__media\"><img loading=\"lazy\" decoding=\"async\" width=\"328\" height=\"303\" src=\"https:\/\/stjoorvault.fr\/wp-content\/uploads\/2019\/03\/m\u00e9bage.jpg\" alt=\"\" class=\"wp-image-624 size-full\" srcset=\"https:\/\/stjoorvault.fr\/wp-content\/uploads\/2019\/03\/m\u00e9bage.jpg 328w, https:\/\/stjoorvault.fr\/wp-content\/uploads\/2019\/03\/m\u00e9bage-300x277.jpg 300w\" sizes=\"(max-width: 328px) 100vw, 328px\" \/><\/figure><div class=\"wp-block-media-text__content\">\n<p class=\"has-large-font-size\">Entretien des locaux<\/p>\n<\/div><\/div>\n\n\n\n<p>Hatice COSKUN<\/p>\n","protected":false},"excerpt":{"rendered":"<p>4 classes maternelles Classe de PS: Aur\u00e9lie LE PAPILLON ( Enseignante) Am\u00e9lie HEMERY et Adeline PRIOUL (ASEM). Classe de PS\/MS &hellip; <\/p>\n","protected":false},"author":1,"featured_media":0,"parent":0,"menu_order":0,"comment_status":"closed","ping_status":"closed","template":"","meta":{"ngg_post_thumbnail":0,"footnotes":""},"yoast_head":"<!-- This site is optimized with the Yoast SEO plugin v21.3 - https:\/\/yoast.com\/wordpress\/plugins\/seo\/ -->\n<title>L&#039;\u00e9quipe p\u00e9dagogique - Ecole Saint Joseph<\/title>\n<meta name=\"robots\" content=\"index, follow, max-snippet:-1, max-image-preview:large, max-video-preview:-1\" \/>\n<link rel=\"canonical\" href=\"https:\/\/stjoorvault.fr\/index.php\/lequipe-pedagogique\/\" \/>\n<meta property=\"og:locale\" content=\"fr_FR\" \/>\n<meta property=\"og:type\" content=\"article\" \/>\n<meta property=\"og:title\" content=\"L&#039;\u00e9quipe p\u00e9dagogique - Ecole Saint Joseph\" \/>\n<meta property=\"og:description\" content=\"4 classes maternelles Classe de PS: Aur\u00e9lie LE PAPILLON ( Enseignante) Am\u00e9lie HEMERY et Adeline PRIOUL (ASEM). Classe de PS\/MS &hellip;\" \/>\n<meta property=\"og:url\" content=\"https:\/\/stjoorvault.fr\/index.php\/lequipe-pedagogique\/\" \/>\n<meta property=\"og:site_name\" content=\"Ecole Saint Joseph\" \/>\n<meta property=\"article:modified_time\" content=\"2025-03-24T10:41:14+00:00\" \/>\n<meta property=\"og:image\" content=\"http:\/\/stjoorvault.fr\/wp-content\/uploads\/2019\/03\/maternelleFCPE-1024x683.jpg\" \/>\n<meta name=\"twitter:label1\" content=\"Dur\u00e9e de lecture estim\u00e9e\" \/>\n\t<meta name=\"twitter:data1\" content=\"2 minutes\" \/>\n<script type=\"application\/ld+json\" class=\"yoast-schema-graph\">{\"@context\":\"https:\/\/schema.org\",\"@graph\":[{\"@type\":\"WebPage\",\"@id\":\"https:\/\/stjoorvault.fr\/index.php\/lequipe-pedagogique\/\",\"url\":\"https:\/\/stjoorvault.fr\/index.php\/lequipe-pedagogique\/\",\"name\":\"L'\u00e9quipe p\u00e9dagogique - Ecole Saint Joseph\",\"isPartOf\":{\"@id\":\"https:\/\/stjoorvault.fr\/index.php\/#website\"},\"datePublished\":\"2019-03-16T15:01:30+00:00\",\"dateModified\":\"2025-03-24T10:41:14+00:00\",\"breadcrumb\":{\"@id\":\"https:\/\/stjoorvault.fr\/index.php\/lequipe-pedagogique\/#breadcrumb\"},\"inLanguage\":\"fr-FR\",\"potentialAction\":[{\"@type\":\"ReadAction\",\"target\":[\"https:\/\/stjoorvault.fr\/index.php\/lequipe-pedagogique\/\"]}]},{\"@type\":\"BreadcrumbList\",\"@id\":\"https:\/\/stjoorvault.fr\/index.php\/lequipe-pedagogique\/#breadcrumb\",\"itemListElement\":[{\"@type\":\"ListItem\",\"position\":1,\"name\":\"Accueil\",\"item\":\"https:\/\/stjoorvault.fr\/index.php\/\"},{\"@type\":\"ListItem\",\"position\":2,\"name\":\"L&#8217;\u00e9quipe p\u00e9dagogique\"}]},{\"@type\":\"WebSite\",\"@id\":\"https:\/\/stjoorvault.fr\/index.php\/#website\",\"url\":\"https:\/\/stjoorvault.fr\/index.php\/\",\"name\":\"Ecole Saint Joseph\",\"description\":\"Ecole Priv\u00e9e Catholique \u00e0 Orvault\",\"potentialAction\":[{\"@type\":\"SearchAction\",\"target\":{\"@type\":\"EntryPoint\",\"urlTemplate\":\"https:\/\/stjoorvault.fr\/index.php\/?s={search_term_string}\"},\"query-input\":\"required name=search_term_string\"}],\"inLanguage\":\"fr-FR\"}]}<\/script>\n<!-- \/ Yoast SEO plugin. -->","yoast_head_json":{"title":"L'\u00e9quipe p\u00e9dagogique - Ecole Saint Joseph","robots":{"index":"index","follow":"follow","max-snippet":"max-snippet:-1","max-image-preview":"max-image-preview:large","max-video-preview":"max-video-preview:-1"},"canonical":"https:\/\/stjoorvault.fr\/index.php\/lequipe-pedagogique\/","og_locale":"fr_FR","og_type":"article","og_title":"L'\u00e9quipe p\u00e9dagogique - Ecole Saint Joseph","og_description":"4 classes maternelles Classe de PS: Aur\u00e9lie LE PAPILLON ( Enseignante) Am\u00e9lie HEMERY et Adeline PRIOUL (ASEM). Classe de PS\/MS &hellip;","og_url":"https:\/\/stjoorvault.fr\/index.php\/lequipe-pedagogique\/","og_site_name":"Ecole Saint Joseph","article_modified_time":"2025-03-24T10:41:14+00:00","og_image":[{"url":"http:\/\/stjoorvault.fr\/wp-content\/uploads\/2019\/03\/maternelleFCPE-1024x683.jpg"}],"twitter_misc":{"Dur\u00e9e de lecture estim\u00e9e":"2 minutes"},"schema":{"@context":"https:\/\/schema.org","@graph":[{"@type":"WebPage","@id":"https:\/\/stjoorvault.fr\/index.php\/lequipe-pedagogique\/","url":"https:\/\/stjoorvault.fr\/index.php\/lequipe-pedagogique\/","name":"L'\u00e9quipe p\u00e9dagogique - Ecole Saint Joseph","isPartOf":{"@id":"https:\/\/stjoorvault.fr\/index.php\/#website"},"datePublished":"2019-03-16T15:01:30+00:00","dateModified":"2025-03-24T10:41:14+00:00","breadcrumb":{"@id":"https:\/\/stjoorvault.fr\/index.php\/lequipe-pedagogique\/#breadcrumb"},"inLanguage":"fr-FR","potentialAction":[{"@type":"ReadAction","target":["https:\/\/stjoorvault.fr\/index.php\/lequipe-pedagogique\/"]}]},{"@type":"BreadcrumbList","@id":"https:\/\/stjoorvault.fr\/index.php\/lequipe-pedagogique\/#breadcrumb","itemListElement":[{"@type":"ListItem","position":1,"name":"Accueil","item":"https:\/\/stjoorvault.fr\/index.php\/"},{"@type":"ListItem","position":2,"name":"L&#8217;\u00e9quipe p\u00e9dagogique"}]},{"@type":"WebSite","@id":"https:\/\/stjoorvault.fr\/index.php\/#website","url":"https:\/\/stjoorvault.fr\/index.php\/","name":"Ecole Saint Joseph","description":"Ecole Priv\u00e9e Catholique \u00e0 Orvault","potentialAction":[{"@type":"SearchAction","target":{"@type":"EntryPoint","urlTemplate":"https:\/\/stjoorvault.fr\/index.php\/?s={search_term_string}"},"query-input":"required name=search_term_string"}],"inLanguage":"fr-FR"}]}},"_links":{"self":[{"href":"https:\/\/stjoorvault.fr\/index.php\/wp-json\/wp\/v2\/pages\/609"}],"collection":[{"href":"https:\/\/stjoorvault.fr\/index.php\/wp-json\/wp\/v2\/pages"}],"about":[{"href":"https:\/\/stjoorvault.fr\/index.php\/wp-json\/wp\/v2\/types\/page"}],"author":[{"embeddable":true,"href":"https:\/\/stjoorvault.fr\/index.php\/wp-json\/wp\/v2\/users\/1"}],"replies":[{"embeddable":true,"href":"https:\/\/stjoorvault.fr\/index.php\/wp-json\/wp\/v2\/comments?post=609"}],"version-history":[{"count":15,"href":"https:\/\/stjoorvault.fr\/index.php\/wp-json\/wp\/v2\/pages\/609\/revisions"}],"predecessor-version":[{"id":5406,"href":"https:\/\/stjoorvault.fr\/index.php\/wp-json\/wp\/v2\/pages\/609\/revisions\/5406"}],"wp:attachment":[{"href":"https:\/\/stjoorvault.fr\/index.php\/wp-json\/wp\/v2\/media?parent=609"}],"curies":[{"name":"wp","href":"https:\/\/api.w.org\/{rel}","templated":true}]}}