{"id":641,"date":"2019-03-16T16:42:49","date_gmt":"2019-03-16T15:42:49","guid":{"rendered":"http:\/\/stjoorvault.fr\/index_tmp.php\/?page_id=641"},"modified":"2019-03-17T11:46:48","modified_gmt":"2019-03-17T10:46:48","slug":"projet-pedagogique","status":"publish","type":"page","link":"https:\/\/stjoorvault.fr\/index.php\/projet-pedagogique\/","title":{"rendered":"Notre projet \u00e9ducatif et p\u00e9dagogique"},"content":{"rendered":"\n<p>Le fondement de notre conception humaine et \u00e9ducative est l\u2019ouverture de l\u2019\u00e9cole: Une \u00e9cole pour tous, une volont\u00e9 d\u2019accueillir chacun dans sa personne et ses diff\u00e9rences. Une d\u00e9termination \u00e0 donner \u00e0 chacun les chances de r\u00e9ussir en acceptant l\u2019erreur, en orientant les enfants vers la recherche, la construction et l\u2019acquisition des savoirs. \u00c9lever l\u2019enfant dans l\u2019esp\u00e9rance, le respect, l\u2019apprentissage, l\u2019autonomie et la coop\u00e9ration.<\/p>\n\n\n\n<figure class=\"wp-block-image\"><img loading=\"lazy\" decoding=\"async\" width=\"1024\" height=\"472\" src=\"https:\/\/stjoorvault.fr\/wp-content\/uploads\/2019\/03\/heloise-1024x472.jpg\" alt=\"\" class=\"wp-image-645\" srcset=\"https:\/\/stjoorvault.fr\/wp-content\/uploads\/2019\/03\/heloise-1024x472.jpg 1024w, https:\/\/stjoorvault.fr\/wp-content\/uploads\/2019\/03\/heloise-300x138.jpg 300w, https:\/\/stjoorvault.fr\/wp-content\/uploads\/2019\/03\/heloise-768x354.jpg 768w\" sizes=\"(max-width: 1024px) 100vw, 1024px\" \/><\/figure>\n\n\n\n<p><\/p>\n\n\n\n<div class=\"wp-block-media-text alignwide\" style=\"grid-template-columns:22% auto\"><figure class=\"wp-block-media-text__media\"><img loading=\"lazy\" decoding=\"async\" width=\"641\" height=\"426\" src=\"https:\/\/stjoorvault.fr\/wp-content\/uploads\/2019\/03\/apprendre.jpg\" alt=\"\" class=\"wp-image-646\" srcset=\"https:\/\/stjoorvault.fr\/wp-content\/uploads\/2019\/03\/apprendre.jpg 641w, https:\/\/stjoorvault.fr\/wp-content\/uploads\/2019\/03\/apprendre-300x199.jpg 300w\" sizes=\"(max-width: 641px) 100vw, 641px\" \/><\/figure><div class=\"wp-block-media-text__content\">\n<p class=\"has-large-font-size\">Un lieu d&#8217;apprentissage<\/p>\n<\/div><\/div>\n\n\n\n<p><\/p>\n\n\n\n<blockquote class=\"wp-block-quote is-style-large\"><p>Pour nous, l\u2019\u00e9cole doit aider l\u2019enfant \u00e0 se d\u00e9velopper dans la recherche, l\u2019autonomie, et l\u2019acquisition des savoirs.<\/p><\/blockquote>\n\n\n\n<p>Notre \u00e9cole Saint-Joseph est un lieu : <\/p>\n\n\n\n<ul><li>d\u2019apprentissage. <\/li><li>d\u2019\u00e9panouissement de la personne <\/li><li>qui favorise l\u2019autonomie de recherche. <\/li><li>o\u00f9 l\u2019on s\u2019adapte aux difficult\u00e9s des enfants <\/li><li>o\u00f9 l\u2019erreur est un droit et un moment important de l\u2019apprentissage <\/li><li>o\u00f9 chacun peut s\u2019exprimer et \u00eatre \u00e9cout\u00e9 <\/li><li>o\u00f9 il y a du sens, de la vie, des projets. <\/li><li>o\u00f9 la personnalit\u00e9 de chacun se forme et se d\u00e9veloppe par les dimensions intellectuelles, culturelles, corporelles, affectives, sociales et spirituelles.<\/li><\/ul>\n\n\n\n<hr class=\"wp-block-separator\"\/>\n\n\n\n<div class=\"wp-block-media-text alignwide\" style=\"grid-template-columns:23% auto\"><figure class=\"wp-block-media-text__media\"><img loading=\"lazy\" decoding=\"async\" width=\"433\" height=\"299\" src=\"https:\/\/stjoorvault.fr\/wp-content\/uploads\/2019\/03\/Les-enfants-ont-la-parole-VIOLET.jpg\" alt=\"\" class=\"wp-image-647\" srcset=\"https:\/\/stjoorvault.fr\/wp-content\/uploads\/2019\/03\/Les-enfants-ont-la-parole-VIOLET.jpg 433w, https:\/\/stjoorvault.fr\/wp-content\/uploads\/2019\/03\/Les-enfants-ont-la-parole-VIOLET-300x207.jpg 300w\" sizes=\"(max-width: 433px) 100vw, 433px\" \/><\/figure><div class=\"wp-block-media-text__content\">\n<p class=\"has-large-font-size\">Un lieu d&#8217;\u00e9change<\/p>\n<\/div><\/div>\n\n\n\n<p><\/p>\n\n\n\n<blockquote class=\"wp-block-quote is-style-large\"><p>Pour nous, l\u2019\u00e9cole doit faire grandir le respect et la coop\u00e9ration.<\/p><\/blockquote>\n\n\n\n<p>L\u2019\u00e9cole est un lieu o\u00f9 :<\/p>\n\n\n\n<ul><li>on vit ensemble<\/li><li>on respecte les r\u00e8gles et les consignes de la vie collective<\/li><li>on respecte l\u2019autre et sa diff\u00e9rence<\/li><li>on apprend \u00e0 g\u00e9rer les conflits dans une recherche de solution sans perdant. <\/li><li>on fait confiance dans la possibilit\u00e9 de chacun<\/li><li>on \u00e9tablit un climat serein<\/li><li>on apprend le sens de la reconnaissance, du pardon et de la r\u00e9paration<\/li><li>on apprend \u00e0 vivre et s\u2019adapter aux diff\u00e9rents adultes de l\u2019\u00e9cole<br><\/li><\/ul>\n\n\n\n<hr class=\"wp-block-separator\"\/>\n\n\n\n<div class=\"wp-block-media-text alignwide\" style=\"grid-template-columns:23% auto\"><figure class=\"wp-block-media-text__media\"><img loading=\"lazy\" decoding=\"async\" width=\"380\" height=\"304\" src=\"https:\/\/stjoorvault.fr\/wp-content\/uploads\/2019\/03\/foi.jpg\" alt=\"\" class=\"wp-image-648\" srcset=\"https:\/\/stjoorvault.fr\/wp-content\/uploads\/2019\/03\/foi.jpg 380w, https:\/\/stjoorvault.fr\/wp-content\/uploads\/2019\/03\/foi-300x240.jpg 300w\" sizes=\"(max-width: 380px) 100vw, 380px\" \/><\/figure><div class=\"wp-block-media-text__content\">\n<p class=\"has-large-font-size\">Un lieu d&#8217;esp\u00e9rance<\/p>\n<\/div><\/div>\n\n\n\n<p><\/p>\n\n\n\n<blockquote class=\"wp-block-quote is-style-large\"><p>Pour nous, l\u2019\u00e9cole \u00e9veille l\u2019enfant \u00e0 la foi, l\u2019amour du prochain et l\u2019esp\u00e9rance.<\/p><\/blockquote>\n\n\n\n<p>L\u2019\u00e9cole est un lieu o\u00f9 :<\/p>\n\n\n\n<ul><li>on offre la libert\u00e9 de croire et d\u2019esp\u00e9rer <\/li><li>on offre des temps de partage et de don pour donner du sens \u00e0 la vie <\/li><li>on annonce J\u00e9sus-Christ <\/li><li>on esp\u00e8re en l\u2019autre <\/li><li>on t\u00e9moigne dans sa d\u00e9marche \u00e9ducative les valeurs \u00e9vang\u00e9liques de culture, d\u2019\u00e9change, de dialogue et de rencontre avec les autres religions <\/li><li>on f\u00eate les temps forts du calendrier liturgique<\/li><\/ul>\n","protected":false},"excerpt":{"rendered":"<p>Le fondement de notre conception humaine et \u00e9ducative est l\u2019ouverture de l\u2019\u00e9cole: Une \u00e9cole pour tous, une volont\u00e9 d\u2019accueillir chacun &hellip; <\/p>\n","protected":false},"author":1,"featured_media":0,"parent":0,"menu_order":0,"comment_status":"closed","ping_status":"closed","template":"","meta":{"ngg_post_thumbnail":0,"footnotes":""},"yoast_head":"<!-- This site is optimized with the Yoast SEO plugin v21.3 - https:\/\/yoast.com\/wordpress\/plugins\/seo\/ -->\n<title>Notre projet \u00e9ducatif et p\u00e9dagogique - Ecole Saint Joseph<\/title>\n<meta name=\"robots\" content=\"index, follow, max-snippet:-1, max-image-preview:large, max-video-preview:-1\" \/>\n<link rel=\"canonical\" href=\"https:\/\/stjoorvault.fr\/index.php\/projet-pedagogique\/\" \/>\n<meta property=\"og:locale\" content=\"fr_FR\" \/>\n<meta property=\"og:type\" content=\"article\" \/>\n<meta property=\"og:title\" content=\"Notre projet \u00e9ducatif et p\u00e9dagogique - Ecole Saint Joseph\" \/>\n<meta property=\"og:description\" content=\"Le fondement de notre conception humaine et \u00e9ducative est l\u2019ouverture de l\u2019\u00e9cole: Une \u00e9cole pour tous, une volont\u00e9 d\u2019accueillir chacun &hellip;\" \/>\n<meta property=\"og:url\" content=\"https:\/\/stjoorvault.fr\/index.php\/projet-pedagogique\/\" \/>\n<meta property=\"og:site_name\" content=\"Ecole Saint Joseph\" \/>\n<meta property=\"article:modified_time\" content=\"2019-03-17T10:46:48+00:00\" \/>\n<meta property=\"og:image\" content=\"http:\/\/stjoorvault.fr\/wp-content\/uploads\/2019\/03\/heloise-1024x472.jpg\" \/>\n<meta name=\"twitter:label1\" content=\"Dur\u00e9e de lecture estim\u00e9e\" \/>\n\t<meta name=\"twitter:data1\" content=\"2 minutes\" \/>\n<script type=\"application\/ld+json\" class=\"yoast-schema-graph\">{\"@context\":\"https:\/\/schema.org\",\"@graph\":[{\"@type\":\"WebPage\",\"@id\":\"https:\/\/stjoorvault.fr\/index.php\/projet-pedagogique\/\",\"url\":\"https:\/\/stjoorvault.fr\/index.php\/projet-pedagogique\/\",\"name\":\"Notre projet \u00e9ducatif et p\u00e9dagogique - Ecole Saint Joseph\",\"isPartOf\":{\"@id\":\"https:\/\/stjoorvault.fr\/index.php\/#website\"},\"datePublished\":\"2019-03-16T15:42:49+00:00\",\"dateModified\":\"2019-03-17T10:46:48+00:00\",\"breadcrumb\":{\"@id\":\"https:\/\/stjoorvault.fr\/index.php\/projet-pedagogique\/#breadcrumb\"},\"inLanguage\":\"fr-FR\",\"potentialAction\":[{\"@type\":\"ReadAction\",\"target\":[\"https:\/\/stjoorvault.fr\/index.php\/projet-pedagogique\/\"]}]},{\"@type\":\"BreadcrumbList\",\"@id\":\"https:\/\/stjoorvault.fr\/index.php\/projet-pedagogique\/#breadcrumb\",\"itemListElement\":[{\"@type\":\"ListItem\",\"position\":1,\"name\":\"Accueil\",\"item\":\"https:\/\/stjoorvault.fr\/index.php\/\"},{\"@type\":\"ListItem\",\"position\":2,\"name\":\"Notre projet \u00e9ducatif et p\u00e9dagogique\"}]},{\"@type\":\"WebSite\",\"@id\":\"https:\/\/stjoorvault.fr\/index.php\/#website\",\"url\":\"https:\/\/stjoorvault.fr\/index.php\/\",\"name\":\"Ecole Saint Joseph\",\"description\":\"Ecole Priv\u00e9e Catholique \u00e0 Orvault\",\"potentialAction\":[{\"@type\":\"SearchAction\",\"target\":{\"@type\":\"EntryPoint\",\"urlTemplate\":\"https:\/\/stjoorvault.fr\/index.php\/?s={search_term_string}\"},\"query-input\":\"required name=search_term_string\"}],\"inLanguage\":\"fr-FR\"}]}<\/script>\n<!-- \/ Yoast SEO plugin. -->","yoast_head_json":{"title":"Notre projet \u00e9ducatif et p\u00e9dagogique - Ecole Saint Joseph","robots":{"index":"index","follow":"follow","max-snippet":"max-snippet:-1","max-image-preview":"max-image-preview:large","max-video-preview":"max-video-preview:-1"},"canonical":"https:\/\/stjoorvault.fr\/index.php\/projet-pedagogique\/","og_locale":"fr_FR","og_type":"article","og_title":"Notre projet \u00e9ducatif et p\u00e9dagogique - Ecole Saint Joseph","og_description":"Le fondement de notre conception humaine et \u00e9ducative est l\u2019ouverture de l\u2019\u00e9cole: Une \u00e9cole pour tous, une volont\u00e9 d\u2019accueillir chacun &hellip;","og_url":"https:\/\/stjoorvault.fr\/index.php\/projet-pedagogique\/","og_site_name":"Ecole Saint Joseph","article_modified_time":"2019-03-17T10:46:48+00:00","og_image":[{"url":"http:\/\/stjoorvault.fr\/wp-content\/uploads\/2019\/03\/heloise-1024x472.jpg"}],"twitter_misc":{"Dur\u00e9e de lecture estim\u00e9e":"2 minutes"},"schema":{"@context":"https:\/\/schema.org","@graph":[{"@type":"WebPage","@id":"https:\/\/stjoorvault.fr\/index.php\/projet-pedagogique\/","url":"https:\/\/stjoorvault.fr\/index.php\/projet-pedagogique\/","name":"Notre projet \u00e9ducatif et p\u00e9dagogique - Ecole Saint Joseph","isPartOf":{"@id":"https:\/\/stjoorvault.fr\/index.php\/#website"},"datePublished":"2019-03-16T15:42:49+00:00","dateModified":"2019-03-17T10:46:48+00:00","breadcrumb":{"@id":"https:\/\/stjoorvault.fr\/index.php\/projet-pedagogique\/#breadcrumb"},"inLanguage":"fr-FR","potentialAction":[{"@type":"ReadAction","target":["https:\/\/stjoorvault.fr\/index.php\/projet-pedagogique\/"]}]},{"@type":"BreadcrumbList","@id":"https:\/\/stjoorvault.fr\/index.php\/projet-pedagogique\/#breadcrumb","itemListElement":[{"@type":"ListItem","position":1,"name":"Accueil","item":"https:\/\/stjoorvault.fr\/index.php\/"},{"@type":"ListItem","position":2,"name":"Notre projet \u00e9ducatif et p\u00e9dagogique"}]},{"@type":"WebSite","@id":"https:\/\/stjoorvault.fr\/index.php\/#website","url":"https:\/\/stjoorvault.fr\/index.php\/","name":"Ecole Saint Joseph","description":"Ecole Priv\u00e9e Catholique \u00e0 Orvault","potentialAction":[{"@type":"SearchAction","target":{"@type":"EntryPoint","urlTemplate":"https:\/\/stjoorvault.fr\/index.php\/?s={search_term_string}"},"query-input":"required name=search_term_string"}],"inLanguage":"fr-FR"}]}},"_links":{"self":[{"href":"https:\/\/stjoorvault.fr\/index.php\/wp-json\/wp\/v2\/pages\/641"}],"collection":[{"href":"https:\/\/stjoorvault.fr\/index.php\/wp-json\/wp\/v2\/pages"}],"about":[{"href":"https:\/\/stjoorvault.fr\/index.php\/wp-json\/wp\/v2\/types\/page"}],"author":[{"embeddable":true,"href":"https:\/\/stjoorvault.fr\/index.php\/wp-json\/wp\/v2\/users\/1"}],"replies":[{"embeddable":true,"href":"https:\/\/stjoorvault.fr\/index.php\/wp-json\/wp\/v2\/comments?post=641"}],"version-history":[{"count":5,"href":"https:\/\/stjoorvault.fr\/index.php\/wp-json\/wp\/v2\/pages\/641\/revisions"}],"predecessor-version":[{"id":725,"href":"https:\/\/stjoorvault.fr\/index.php\/wp-json\/wp\/v2\/pages\/641\/revisions\/725"}],"wp:attachment":[{"href":"https:\/\/stjoorvault.fr\/index.php\/wp-json\/wp\/v2\/media?parent=641"}],"curies":[{"name":"wp","href":"https:\/\/api.w.org\/{rel}","templated":true}]}}