{"id":736,"date":"2019-03-17T12:00:25","date_gmt":"2019-03-17T11:00:25","guid":{"rendered":"http:\/\/stjoorvault.fr\/index_tmp.php\/?page_id=736"},"modified":"2021-11-20T16:10:27","modified_gmt":"2021-11-20T15:10:27","slug":"le-marche-de-noel","status":"publish","type":"page","link":"https:\/\/stjoorvault.fr\/index.php\/le-marche-de-noel\/","title":{"rendered":"Le march\u00e9 de No\u00ebl"},"content":{"rendered":"\n<figure class=\"wp-block-image\"><img loading=\"lazy\" decoding=\"async\" width=\"1011\" height=\"481\" src=\"https:\/\/stjoorvault.fr\/wp-content\/uploads\/2019\/03\/march\u00e9.jpg\" alt=\"\" class=\"wp-image-737\" srcset=\"https:\/\/stjoorvault.fr\/wp-content\/uploads\/2019\/03\/march\u00e9.jpg 1011w, https:\/\/stjoorvault.fr\/wp-content\/uploads\/2019\/03\/march\u00e9-300x143.jpg 300w, https:\/\/stjoorvault.fr\/wp-content\/uploads\/2019\/03\/march\u00e9-768x365.jpg 768w\" sizes=\"(max-width: 1011px) 100vw, 1011px\" \/><\/figure>\n\n\n\n<p>Chaque ann\u00e9e, <strong>d\u00e9but d\u00e9cembre<\/strong>, a eu lieu notre traditionnel march\u00e9 de No\u00ebl, \u00e0 l&#8217;\u00e9cole.<\/p>\n\n\n\n<p>Des cr\u00e9ations ou d\u00e9corations sont confectionn\u00e9s par les enfants lors d&#8217;ateliers men\u00e9s la semaine qui pr\u00e9c\u00e8de, avec l&#8217;aide des parents et de l&#8217;\u00e9quipe enseignante, et sont \u00e0 retrouver sur les \u00e9tals de notre march\u00e9 !<\/p>\n\n\n\n<p>Le traditionnel vin chaud et stand de cr\u00eapes attend aussi les plus gourmands. Et Cette ann\u00e9e, nous vous attendons nombreux pour la balade aux lampions sous les \u00e9toiles afin d&#8217;illuminer l&#8217;\u00e9cole de mille feux !<\/p>\n\n\n\n<p>Le <strong>P\u00e8re No\u00ebl<\/strong> nous fera-t-il l&#8217;honneur de sa pr\u00e9sence cette ann\u00e9e ? <\/p>\n\n\n\n<div class=\"wp-block-image\"><figure class=\"aligncenter size-large\"><a href=\"https:\/\/stjoorvault.fr\/wp-content\/uploads\/2021\/11\/Affiche_MarcheNoel2021-1.png\"><img loading=\"lazy\" decoding=\"async\" width=\"724\" height=\"1024\" src=\"https:\/\/stjoorvault.fr\/wp-content\/uploads\/2021\/11\/Affiche_MarcheNoel2021-1-724x1024.png\" alt=\"\" class=\"wp-image-3993\" srcset=\"https:\/\/stjoorvault.fr\/wp-content\/uploads\/2021\/11\/Affiche_MarcheNoel2021-1-724x1024.png 724w, https:\/\/stjoorvault.fr\/wp-content\/uploads\/2021\/11\/Affiche_MarcheNoel2021-1-212x300.png 212w, https:\/\/stjoorvault.fr\/wp-content\/uploads\/2021\/11\/Affiche_MarcheNoel2021-1-768x1086.png 768w, https:\/\/stjoorvault.fr\/wp-content\/uploads\/2021\/11\/Affiche_MarcheNoel2021-1-1086x1536.png 1086w, https:\/\/stjoorvault.fr\/wp-content\/uploads\/2021\/11\/Affiche_MarcheNoel2021-1-1448x2048.png 1448w, https:\/\/stjoorvault.fr\/wp-content\/uploads\/2021\/11\/Affiche_MarcheNoel2021-1.png 1684w\" sizes=\"(max-width: 724px) 100vw, 724px\" \/><\/a><\/figure><\/div>\n\n\n\n<p>Nous rappelons que&nbsp;<strong>les b\u00e9n\u00e9fices&nbsp;permettent de financer des projets pour les enfants<\/strong>&nbsp;(achat de jeux et d&#8217;\u00e9quipements scolaires, sorties, animations &amp; spectacles \u00e0 l&#8217;\u00e9cole,&#8230;)<\/p>\n\n\n\n<figure class=\"wp-block-gallery columns-3 is-cropped wp-block-gallery-1 is-layout-flex wp-block-gallery-is-layout-flex\"><ul class=\"blocks-gallery-grid\"><li class=\"blocks-gallery-item\"><figure><a href=\"https:\/\/stjoorvault.fr\/wp-content\/uploads\/2019\/04\/image-1-1.jpg\"><img loading=\"lazy\" decoding=\"async\" width=\"601\" height=\"400\" src=\"https:\/\/stjoorvault.fr\/wp-content\/uploads\/2019\/04\/image-1-1.jpg\" alt=\"\" data-id=\"823\" data-link=\"https:\/\/stjoorvault.fr\/index_tmp.php\/le-marche-de-noel\/image-1-3\/\" class=\"wp-image-823\" srcset=\"https:\/\/stjoorvault.fr\/wp-content\/uploads\/2019\/04\/image-1-1.jpg 601w, https:\/\/stjoorvault.fr\/wp-content\/uploads\/2019\/04\/image-1-1-300x200.jpg 300w\" sizes=\"(max-width: 601px) 100vw, 601px\" \/><\/a><\/figure><\/li><li class=\"blocks-gallery-item\"><figure><a href=\"https:\/\/stjoorvault.fr\/wp-content\/uploads\/2019\/04\/image-2-1.jpg\"><img loading=\"lazy\" decoding=\"async\" width=\"601\" height=\"400\" src=\"https:\/\/stjoorvault.fr\/wp-content\/uploads\/2019\/04\/image-2-1.jpg\" alt=\"\" data-id=\"824\" data-link=\"https:\/\/stjoorvault.fr\/index_tmp.php\/le-marche-de-noel\/image-2-3\/\" class=\"wp-image-824\" srcset=\"https:\/\/stjoorvault.fr\/wp-content\/uploads\/2019\/04\/image-2-1.jpg 601w, https:\/\/stjoorvault.fr\/wp-content\/uploads\/2019\/04\/image-2-1-300x200.jpg 300w\" sizes=\"(max-width: 601px) 100vw, 601px\" \/><\/a><\/figure><\/li><li class=\"blocks-gallery-item\"><figure><a href=\"https:\/\/stjoorvault.fr\/wp-content\/uploads\/2019\/04\/image-3-1.jpg\"><img loading=\"lazy\" decoding=\"async\" width=\"601\" height=\"400\" src=\"https:\/\/stjoorvault.fr\/wp-content\/uploads\/2019\/04\/image-3-1.jpg\" alt=\"\" data-id=\"825\" data-link=\"https:\/\/stjoorvault.fr\/index_tmp.php\/le-marche-de-noel\/image-3-2\/\" class=\"wp-image-825\" srcset=\"https:\/\/stjoorvault.fr\/wp-content\/uploads\/2019\/04\/image-3-1.jpg 601w, https:\/\/stjoorvault.fr\/wp-content\/uploads\/2019\/04\/image-3-1-300x200.jpg 300w\" sizes=\"(max-width: 601px) 100vw, 601px\" \/><\/a><\/figure><\/li><li class=\"blocks-gallery-item\"><figure><a href=\"https:\/\/stjoorvault.fr\/wp-content\/uploads\/2019\/04\/image-4-1.jpg\"><img loading=\"lazy\" decoding=\"async\" width=\"601\" height=\"400\" src=\"https:\/\/stjoorvault.fr\/wp-content\/uploads\/2019\/04\/image-4-1.jpg\" alt=\"\" data-id=\"826\" data-link=\"https:\/\/stjoorvault.fr\/index_tmp.php\/le-marche-de-noel\/image-4-2\/\" class=\"wp-image-826\" srcset=\"https:\/\/stjoorvault.fr\/wp-content\/uploads\/2019\/04\/image-4-1.jpg 601w, https:\/\/stjoorvault.fr\/wp-content\/uploads\/2019\/04\/image-4-1-300x200.jpg 300w\" sizes=\"(max-width: 601px) 100vw, 601px\" \/><\/a><\/figure><\/li><li class=\"blocks-gallery-item\"><figure><a href=\"https:\/\/stjoorvault.fr\/wp-content\/uploads\/2019\/04\/image-5-1.jpg\"><img loading=\"lazy\" decoding=\"async\" width=\"601\" height=\"400\" src=\"https:\/\/stjoorvault.fr\/wp-content\/uploads\/2019\/04\/image-5-1.jpg\" alt=\"\" data-id=\"827\" data-link=\"https:\/\/stjoorvault.fr\/index_tmp.php\/le-marche-de-noel\/image-5-2\/\" class=\"wp-image-827\" srcset=\"https:\/\/stjoorvault.fr\/wp-content\/uploads\/2019\/04\/image-5-1.jpg 601w, https:\/\/stjoorvault.fr\/wp-content\/uploads\/2019\/04\/image-5-1-300x200.jpg 300w\" sizes=\"(max-width: 601px) 100vw, 601px\" \/><\/a><\/figure><\/li><li class=\"blocks-gallery-item\"><figure><a href=\"https:\/\/stjoorvault.fr\/wp-content\/uploads\/2019\/04\/image-6-1.jpg\"><img loading=\"lazy\" decoding=\"async\" width=\"601\" height=\"400\" src=\"https:\/\/stjoorvault.fr\/wp-content\/uploads\/2019\/04\/image-6-1.jpg\" alt=\"\" data-id=\"828\" data-link=\"https:\/\/stjoorvault.fr\/index_tmp.php\/le-marche-de-noel\/image-6-2\/\" class=\"wp-image-828\" srcset=\"https:\/\/stjoorvault.fr\/wp-content\/uploads\/2019\/04\/image-6-1.jpg 601w, https:\/\/stjoorvault.fr\/wp-content\/uploads\/2019\/04\/image-6-1-300x200.jpg 300w\" sizes=\"(max-width: 601px) 100vw, 601px\" \/><\/a><\/figure><\/li><li class=\"blocks-gallery-item\"><figure><a href=\"https:\/\/stjoorvault.fr\/wp-content\/uploads\/2019\/04\/image-7-1.jpg\"><img loading=\"lazy\" decoding=\"async\" width=\"601\" height=\"400\" src=\"https:\/\/stjoorvault.fr\/wp-content\/uploads\/2019\/04\/image-7-1.jpg\" alt=\"\" data-id=\"829\" data-link=\"https:\/\/stjoorvault.fr\/index_tmp.php\/le-marche-de-noel\/image-7-2\/\" class=\"wp-image-829\" srcset=\"https:\/\/stjoorvault.fr\/wp-content\/uploads\/2019\/04\/image-7-1.jpg 601w, https:\/\/stjoorvault.fr\/wp-content\/uploads\/2019\/04\/image-7-1-300x200.jpg 300w\" sizes=\"(max-width: 601px) 100vw, 601px\" \/><\/a><\/figure><\/li><li class=\"blocks-gallery-item\"><figure><a href=\"https:\/\/stjoorvault.fr\/wp-content\/uploads\/2019\/04\/image-8-1.jpg\"><img loading=\"lazy\" decoding=\"async\" width=\"601\" height=\"400\" src=\"https:\/\/stjoorvault.fr\/wp-content\/uploads\/2019\/04\/image-8-1.jpg\" alt=\"\" data-id=\"830\" data-link=\"https:\/\/stjoorvault.fr\/index_tmp.php\/le-marche-de-noel\/image-8-2\/\" class=\"wp-image-830\" srcset=\"https:\/\/stjoorvault.fr\/wp-content\/uploads\/2019\/04\/image-8-1.jpg 601w, https:\/\/stjoorvault.fr\/wp-content\/uploads\/2019\/04\/image-8-1-300x200.jpg 300w\" sizes=\"(max-width: 601px) 100vw, 601px\" \/><\/a><\/figure><\/li><li class=\"blocks-gallery-item\"><figure><a href=\"https:\/\/stjoorvault.fr\/wp-content\/uploads\/2019\/04\/image-9-1.jpg\"><img loading=\"lazy\" decoding=\"async\" width=\"601\" height=\"400\" src=\"https:\/\/stjoorvault.fr\/wp-content\/uploads\/2019\/04\/image-9-1.jpg\" alt=\"\" data-id=\"831\" data-link=\"https:\/\/stjoorvault.fr\/index_tmp.php\/le-marche-de-noel\/image-9-2\/\" class=\"wp-image-831\" srcset=\"https:\/\/stjoorvault.fr\/wp-content\/uploads\/2019\/04\/image-9-1.jpg 601w, https:\/\/stjoorvault.fr\/wp-content\/uploads\/2019\/04\/image-9-1-300x200.jpg 300w\" sizes=\"(max-width: 601px) 100vw, 601px\" \/><\/a><\/figure><\/li><li class=\"blocks-gallery-item\"><figure><a href=\"https:\/\/stjoorvault.fr\/wp-content\/uploads\/2019\/04\/image-10-1.jpg\"><img loading=\"lazy\" decoding=\"async\" width=\"601\" height=\"400\" src=\"https:\/\/stjoorvault.fr\/wp-content\/uploads\/2019\/04\/image-10-1.jpg\" alt=\"\" data-id=\"832\" data-link=\"https:\/\/stjoorvault.fr\/index_tmp.php\/le-marche-de-noel\/image-10-2\/\" class=\"wp-image-832\" srcset=\"https:\/\/stjoorvault.fr\/wp-content\/uploads\/2019\/04\/image-10-1.jpg 601w, https:\/\/stjoorvault.fr\/wp-content\/uploads\/2019\/04\/image-10-1-300x200.jpg 300w\" sizes=\"(max-width: 601px) 100vw, 601px\" \/><\/a><\/figure><\/li><li class=\"blocks-gallery-item\"><figure><a href=\"https:\/\/stjoorvault.fr\/wp-content\/uploads\/2019\/04\/image-11-1.jpg\"><img loading=\"lazy\" decoding=\"async\" width=\"601\" height=\"400\" src=\"https:\/\/stjoorvault.fr\/wp-content\/uploads\/2019\/04\/image-11-1.jpg\" alt=\"\" data-id=\"833\" data-link=\"https:\/\/stjoorvault.fr\/index_tmp.php\/le-marche-de-noel\/image-11-2\/\" class=\"wp-image-833\" srcset=\"https:\/\/stjoorvault.fr\/wp-content\/uploads\/2019\/04\/image-11-1.jpg 601w, https:\/\/stjoorvault.fr\/wp-content\/uploads\/2019\/04\/image-11-1-300x200.jpg 300w\" sizes=\"(max-width: 601px) 100vw, 601px\" \/><\/a><\/figure><\/li><li class=\"blocks-gallery-item\"><figure><a href=\"https:\/\/stjoorvault.fr\/wp-content\/uploads\/2019\/04\/image-12-1.jpg\"><img loading=\"lazy\" decoding=\"async\" width=\"601\" height=\"400\" src=\"https:\/\/stjoorvault.fr\/wp-content\/uploads\/2019\/04\/image-12-1.jpg\" alt=\"\" data-id=\"834\" data-link=\"https:\/\/stjoorvault.fr\/index_tmp.php\/le-marche-de-noel\/image-12-2\/\" class=\"wp-image-834\" srcset=\"https:\/\/stjoorvault.fr\/wp-content\/uploads\/2019\/04\/image-12-1.jpg 601w, https:\/\/stjoorvault.fr\/wp-content\/uploads\/2019\/04\/image-12-1-300x200.jpg 300w\" sizes=\"(max-width: 601px) 100vw, 601px\" \/><\/a><\/figure><\/li><li class=\"blocks-gallery-item\"><figure><a href=\"https:\/\/stjoorvault.fr\/wp-content\/uploads\/2019\/04\/image-13-1.jpg\"><img loading=\"lazy\" decoding=\"async\" width=\"533\" height=\"400\" src=\"https:\/\/stjoorvault.fr\/wp-content\/uploads\/2019\/04\/image-13-1.jpg\" alt=\"\" data-id=\"835\" data-link=\"https:\/\/stjoorvault.fr\/index_tmp.php\/le-marche-de-noel\/image-13-2\/\" class=\"wp-image-835\" srcset=\"https:\/\/stjoorvault.fr\/wp-content\/uploads\/2019\/04\/image-13-1.jpg 533w, https:\/\/stjoorvault.fr\/wp-content\/uploads\/2019\/04\/image-13-1-300x225.jpg 300w\" sizes=\"(max-width: 533px) 100vw, 533px\" \/><\/a><\/figure><\/li><li class=\"blocks-gallery-item\"><figure><a href=\"https:\/\/stjoorvault.fr\/wp-content\/uploads\/2019\/04\/image-15-1.jpg\"><img loading=\"lazy\" decoding=\"async\" width=\"601\" height=\"400\" src=\"https:\/\/stjoorvault.fr\/wp-content\/uploads\/2019\/04\/image-15-1.jpg\" alt=\"\" data-id=\"836\" data-link=\"https:\/\/stjoorvault.fr\/index_tmp.php\/le-marche-de-noel\/image-15-2\/\" class=\"wp-image-836\" srcset=\"https:\/\/stjoorvault.fr\/wp-content\/uploads\/2019\/04\/image-15-1.jpg 601w, https:\/\/stjoorvault.fr\/wp-content\/uploads\/2019\/04\/image-15-1-300x200.jpg 300w\" sizes=\"(max-width: 601px) 100vw, 601px\" \/><\/a><\/figure><\/li><li class=\"blocks-gallery-item\"><figure><a href=\"https:\/\/stjoorvault.fr\/wp-content\/uploads\/2019\/04\/image-28.jpg\"><img loading=\"lazy\" decoding=\"async\" width=\"601\" height=\"400\" src=\"https:\/\/stjoorvault.fr\/wp-content\/uploads\/2019\/04\/image-28.jpg\" alt=\"\" data-id=\"837\" data-link=\"https:\/\/stjoorvault.fr\/index_tmp.php\/le-marche-de-noel\/image-28-2\/\" class=\"wp-image-837\" srcset=\"https:\/\/stjoorvault.fr\/wp-content\/uploads\/2019\/04\/image-28.jpg 601w, https:\/\/stjoorvault.fr\/wp-content\/uploads\/2019\/04\/image-28-300x200.jpg 300w\" sizes=\"(max-width: 601px) 100vw, 601px\" \/><\/a><\/figure><\/li><li class=\"blocks-gallery-item\"><figure><a href=\"https:\/\/stjoorvault.fr\/wp-content\/uploads\/2019\/04\/image-30.jpg\"><img loading=\"lazy\" decoding=\"async\" width=\"533\" height=\"400\" src=\"https:\/\/stjoorvault.fr\/wp-content\/uploads\/2019\/04\/image-30.jpg\" alt=\"\" data-id=\"838\" data-link=\"https:\/\/stjoorvault.fr\/index_tmp.php\/le-marche-de-noel\/image-30\/\" class=\"wp-image-838\" srcset=\"https:\/\/stjoorvault.fr\/wp-content\/uploads\/2019\/04\/image-30.jpg 533w, https:\/\/stjoorvault.fr\/wp-content\/uploads\/2019\/04\/image-30-300x225.jpg 300w\" sizes=\"(max-width: 533px) 100vw, 533px\" \/><\/a><\/figure><\/li><li class=\"blocks-gallery-item\"><figure><a href=\"https:\/\/stjoorvault.fr\/wp-content\/uploads\/2019\/04\/image-31.jpg\"><img loading=\"lazy\" decoding=\"async\" width=\"533\" height=\"400\" src=\"https:\/\/stjoorvault.fr\/wp-content\/uploads\/2019\/04\/image-31.jpg\" alt=\"\" data-id=\"839\" data-link=\"https:\/\/stjoorvault.fr\/index_tmp.php\/le-marche-de-noel\/image-31\/\" class=\"wp-image-839\" srcset=\"https:\/\/stjoorvault.fr\/wp-content\/uploads\/2019\/04\/image-31.jpg 533w, https:\/\/stjoorvault.fr\/wp-content\/uploads\/2019\/04\/image-31-300x225.jpg 300w\" sizes=\"(max-width: 533px) 100vw, 533px\" \/><\/a><\/figure><\/li><li class=\"blocks-gallery-item\"><figure><a href=\"https:\/\/stjoorvault.fr\/wp-content\/uploads\/2019\/04\/image-32.jpg\"><img loading=\"lazy\" decoding=\"async\" width=\"533\" height=\"400\" src=\"https:\/\/stjoorvault.fr\/wp-content\/uploads\/2019\/04\/image-32.jpg\" alt=\"\" data-id=\"840\" data-link=\"https:\/\/stjoorvault.fr\/index_tmp.php\/le-marche-de-noel\/image-32\/\" class=\"wp-image-840\" srcset=\"https:\/\/stjoorvault.fr\/wp-content\/uploads\/2019\/04\/image-32.jpg 533w, https:\/\/stjoorvault.fr\/wp-content\/uploads\/2019\/04\/image-32-300x225.jpg 300w\" sizes=\"(max-width: 533px) 100vw, 533px\" \/><\/a><\/figure><\/li><li class=\"blocks-gallery-item\"><figure><a href=\"https:\/\/stjoorvault.fr\/wp-content\/uploads\/2019\/04\/image-33.jpg\"><img loading=\"lazy\" decoding=\"async\" width=\"533\" height=\"400\" src=\"https:\/\/stjoorvault.fr\/wp-content\/uploads\/2019\/04\/image-33.jpg\" alt=\"\" data-id=\"841\" data-link=\"https:\/\/stjoorvault.fr\/index_tmp.php\/le-marche-de-noel\/image-33\/\" class=\"wp-image-841\" srcset=\"https:\/\/stjoorvault.fr\/wp-content\/uploads\/2019\/04\/image-33.jpg 533w, https:\/\/stjoorvault.fr\/wp-content\/uploads\/2019\/04\/image-33-300x225.jpg 300w\" sizes=\"(max-width: 533px) 100vw, 533px\" \/><\/a><\/figure><\/li><li class=\"blocks-gallery-item\"><figure><a href=\"https:\/\/stjoorvault.fr\/wp-content\/uploads\/2019\/04\/image-34.jpg\"><img loading=\"lazy\" decoding=\"async\" width=\"533\" height=\"400\" src=\"https:\/\/stjoorvault.fr\/wp-content\/uploads\/2019\/04\/image-34.jpg\" alt=\"\" data-id=\"842\" data-link=\"https:\/\/stjoorvault.fr\/index_tmp.php\/le-marche-de-noel\/image-34\/\" class=\"wp-image-842\" srcset=\"https:\/\/stjoorvault.fr\/wp-content\/uploads\/2019\/04\/image-34.jpg 533w, https:\/\/stjoorvault.fr\/wp-content\/uploads\/2019\/04\/image-34-300x225.jpg 300w\" sizes=\"(max-width: 533px) 100vw, 533px\" \/><\/a><\/figure><\/li><li class=\"blocks-gallery-item\"><figure><a href=\"https:\/\/stjoorvault.fr\/wp-content\/uploads\/2019\/04\/image-35.jpg\"><img loading=\"lazy\" decoding=\"async\" width=\"533\" height=\"400\" src=\"https:\/\/stjoorvault.fr\/wp-content\/uploads\/2019\/04\/image-35.jpg\" alt=\"\" data-id=\"843\" data-link=\"https:\/\/stjoorvault.fr\/index_tmp.php\/le-marche-de-noel\/image-35\/\" class=\"wp-image-843\" srcset=\"https:\/\/stjoorvault.fr\/wp-content\/uploads\/2019\/04\/image-35.jpg 533w, https:\/\/stjoorvault.fr\/wp-content\/uploads\/2019\/04\/image-35-300x225.jpg 300w\" sizes=\"(max-width: 533px) 100vw, 533px\" \/><\/a><\/figure><\/li><li class=\"blocks-gallery-item\"><figure><a href=\"https:\/\/stjoorvault.fr\/wp-content\/uploads\/2019\/04\/image-36.jpg\"><img loading=\"lazy\" decoding=\"async\" width=\"533\" height=\"400\" src=\"https:\/\/stjoorvault.fr\/wp-content\/uploads\/2019\/04\/image-36.jpg\" alt=\"\" data-id=\"844\" data-link=\"https:\/\/stjoorvault.fr\/index_tmp.php\/le-marche-de-noel\/image-36\/\" class=\"wp-image-844\" srcset=\"https:\/\/stjoorvault.fr\/wp-content\/uploads\/2019\/04\/image-36.jpg 533w, https:\/\/stjoorvault.fr\/wp-content\/uploads\/2019\/04\/image-36-300x225.jpg 300w\" sizes=\"(max-width: 533px) 100vw, 533px\" \/><\/a><\/figure><\/li><li class=\"blocks-gallery-item\"><figure><a href=\"https:\/\/stjoorvault.fr\/wp-content\/uploads\/2019\/04\/image-37.jpg\"><img loading=\"lazy\" decoding=\"async\" width=\"300\" height=\"400\" src=\"https:\/\/stjoorvault.fr\/wp-content\/uploads\/2019\/04\/image-37.jpg\" alt=\"\" data-id=\"845\" data-link=\"https:\/\/stjoorvault.fr\/index_tmp.php\/le-marche-de-noel\/image-37\/\" class=\"wp-image-845\" srcset=\"https:\/\/stjoorvault.fr\/wp-content\/uploads\/2019\/04\/image-37.jpg 300w, https:\/\/stjoorvault.fr\/wp-content\/uploads\/2019\/04\/image-37-225x300.jpg 225w\" sizes=\"(max-width: 300px) 100vw, 300px\" \/><\/a><\/figure><\/li><li class=\"blocks-gallery-item\"><figure><a href=\"https:\/\/stjoorvault.fr\/wp-content\/uploads\/2019\/04\/image-38.jpg\"><img loading=\"lazy\" decoding=\"async\" width=\"533\" height=\"400\" src=\"https:\/\/stjoorvault.fr\/wp-content\/uploads\/2019\/04\/image-38.jpg\" alt=\"\" data-id=\"846\" data-link=\"https:\/\/stjoorvault.fr\/index_tmp.php\/le-marche-de-noel\/image-38\/\" class=\"wp-image-846\" srcset=\"https:\/\/stjoorvault.fr\/wp-content\/uploads\/2019\/04\/image-38.jpg 533w, https:\/\/stjoorvault.fr\/wp-content\/uploads\/2019\/04\/image-38-300x225.jpg 300w\" sizes=\"(max-width: 533px) 100vw, 533px\" \/><\/a><\/figure><\/li><\/ul><\/figure>\n","protected":false},"excerpt":{"rendered":"<p>Chaque ann\u00e9e, d\u00e9but d\u00e9cembre, a eu lieu notre traditionnel march\u00e9 de No\u00ebl, \u00e0 l&#8217;\u00e9cole. Des cr\u00e9ations ou d\u00e9corations sont confectionn\u00e9s &hellip; <\/p>\n","protected":false},"author":1,"featured_media":0,"parent":0,"menu_order":0,"comment_status":"closed","ping_status":"closed","template":"","meta":{"ngg_post_thumbnail":0,"footnotes":""},"yoast_head":"<!-- This site is optimized with the Yoast SEO plugin v21.3 - https:\/\/yoast.com\/wordpress\/plugins\/seo\/ -->\n<title>Le march\u00e9 de No\u00ebl - Ecole Saint Joseph<\/title>\n<meta name=\"robots\" content=\"index, follow, max-snippet:-1, max-image-preview:large, max-video-preview:-1\" \/>\n<link rel=\"canonical\" href=\"https:\/\/stjoorvault.fr\/index.php\/le-marche-de-noel\/\" \/>\n<meta property=\"og:locale\" content=\"fr_FR\" \/>\n<meta property=\"og:type\" content=\"article\" \/>\n<meta property=\"og:title\" content=\"Le march\u00e9 de No\u00ebl - Ecole Saint Joseph\" \/>\n<meta property=\"og:description\" content=\"Chaque ann\u00e9e, d\u00e9but d\u00e9cembre, a eu lieu notre traditionnel march\u00e9 de No\u00ebl, \u00e0 l&#8217;\u00e9cole. Des cr\u00e9ations ou d\u00e9corations sont confectionn\u00e9s &hellip;\" \/>\n<meta property=\"og:url\" content=\"https:\/\/stjoorvault.fr\/index.php\/le-marche-de-noel\/\" \/>\n<meta property=\"og:site_name\" content=\"Ecole Saint Joseph\" \/>\n<meta property=\"article:modified_time\" content=\"2021-11-20T15:10:27+00:00\" \/>\n<meta property=\"og:image\" content=\"http:\/\/stjoorvault.fr\/wp-content\/uploads\/2019\/03\/march\u00e9.jpg\" \/>\n<meta name=\"twitter:label1\" content=\"Dur\u00e9e de lecture estim\u00e9e\" \/>\n\t<meta name=\"twitter:data1\" content=\"6 minutes\" \/>\n<script type=\"application\/ld+json\" class=\"yoast-schema-graph\">{\"@context\":\"https:\/\/schema.org\",\"@graph\":[{\"@type\":\"WebPage\",\"@id\":\"https:\/\/stjoorvault.fr\/index.php\/le-marche-de-noel\/\",\"url\":\"https:\/\/stjoorvault.fr\/index.php\/le-marche-de-noel\/\",\"name\":\"Le march\u00e9 de No\u00ebl - Ecole Saint Joseph\",\"isPartOf\":{\"@id\":\"https:\/\/stjoorvault.fr\/index.php\/#website\"},\"datePublished\":\"2019-03-17T11:00:25+00:00\",\"dateModified\":\"2021-11-20T15:10:27+00:00\",\"breadcrumb\":{\"@id\":\"https:\/\/stjoorvault.fr\/index.php\/le-marche-de-noel\/#breadcrumb\"},\"inLanguage\":\"fr-FR\",\"potentialAction\":[{\"@type\":\"ReadAction\",\"target\":[\"https:\/\/stjoorvault.fr\/index.php\/le-marche-de-noel\/\"]}]},{\"@type\":\"BreadcrumbList\",\"@id\":\"https:\/\/stjoorvault.fr\/index.php\/le-marche-de-noel\/#breadcrumb\",\"itemListElement\":[{\"@type\":\"ListItem\",\"position\":1,\"name\":\"Accueil\",\"item\":\"https:\/\/stjoorvault.fr\/index.php\/\"},{\"@type\":\"ListItem\",\"position\":2,\"name\":\"Le march\u00e9 de No\u00ebl\"}]},{\"@type\":\"WebSite\",\"@id\":\"https:\/\/stjoorvault.fr\/index.php\/#website\",\"url\":\"https:\/\/stjoorvault.fr\/index.php\/\",\"name\":\"Ecole Saint Joseph\",\"description\":\"Ecole Priv\u00e9e Catholique \u00e0 Orvault\",\"potentialAction\":[{\"@type\":\"SearchAction\",\"target\":{\"@type\":\"EntryPoint\",\"urlTemplate\":\"https:\/\/stjoorvault.fr\/index.php\/?s={search_term_string}\"},\"query-input\":\"required name=search_term_string\"}],\"inLanguage\":\"fr-FR\"}]}<\/script>\n<!-- \/ Yoast SEO plugin. -->","yoast_head_json":{"title":"Le march\u00e9 de No\u00ebl - Ecole Saint Joseph","robots":{"index":"index","follow":"follow","max-snippet":"max-snippet:-1","max-image-preview":"max-image-preview:large","max-video-preview":"max-video-preview:-1"},"canonical":"https:\/\/stjoorvault.fr\/index.php\/le-marche-de-noel\/","og_locale":"fr_FR","og_type":"article","og_title":"Le march\u00e9 de No\u00ebl - Ecole Saint Joseph","og_description":"Chaque ann\u00e9e, d\u00e9but d\u00e9cembre, a eu lieu notre traditionnel march\u00e9 de No\u00ebl, \u00e0 l&#8217;\u00e9cole. Des cr\u00e9ations ou d\u00e9corations sont confectionn\u00e9s &hellip;","og_url":"https:\/\/stjoorvault.fr\/index.php\/le-marche-de-noel\/","og_site_name":"Ecole Saint Joseph","article_modified_time":"2021-11-20T15:10:27+00:00","og_image":[{"url":"http:\/\/stjoorvault.fr\/wp-content\/uploads\/2019\/03\/march\u00e9.jpg"}],"twitter_misc":{"Dur\u00e9e de lecture estim\u00e9e":"6 minutes"},"schema":{"@context":"https:\/\/schema.org","@graph":[{"@type":"WebPage","@id":"https:\/\/stjoorvault.fr\/index.php\/le-marche-de-noel\/","url":"https:\/\/stjoorvault.fr\/index.php\/le-marche-de-noel\/","name":"Le march\u00e9 de No\u00ebl - Ecole Saint Joseph","isPartOf":{"@id":"https:\/\/stjoorvault.fr\/index.php\/#website"},"datePublished":"2019-03-17T11:00:25+00:00","dateModified":"2021-11-20T15:10:27+00:00","breadcrumb":{"@id":"https:\/\/stjoorvault.fr\/index.php\/le-marche-de-noel\/#breadcrumb"},"inLanguage":"fr-FR","potentialAction":[{"@type":"ReadAction","target":["https:\/\/stjoorvault.fr\/index.php\/le-marche-de-noel\/"]}]},{"@type":"BreadcrumbList","@id":"https:\/\/stjoorvault.fr\/index.php\/le-marche-de-noel\/#breadcrumb","itemListElement":[{"@type":"ListItem","position":1,"name":"Accueil","item":"https:\/\/stjoorvault.fr\/index.php\/"},{"@type":"ListItem","position":2,"name":"Le march\u00e9 de No\u00ebl"}]},{"@type":"WebSite","@id":"https:\/\/stjoorvault.fr\/index.php\/#website","url":"https:\/\/stjoorvault.fr\/index.php\/","name":"Ecole Saint Joseph","description":"Ecole Priv\u00e9e Catholique \u00e0 Orvault","potentialAction":[{"@type":"SearchAction","target":{"@type":"EntryPoint","urlTemplate":"https:\/\/stjoorvault.fr\/index.php\/?s={search_term_string}"},"query-input":"required name=search_term_string"}],"inLanguage":"fr-FR"}]}},"_links":{"self":[{"href":"https:\/\/stjoorvault.fr\/index.php\/wp-json\/wp\/v2\/pages\/736"}],"collection":[{"href":"https:\/\/stjoorvault.fr\/index.php\/wp-json\/wp\/v2\/pages"}],"about":[{"href":"https:\/\/stjoorvault.fr\/index.php\/wp-json\/wp\/v2\/types\/page"}],"author":[{"embeddable":true,"href":"https:\/\/stjoorvault.fr\/index.php\/wp-json\/wp\/v2\/users\/1"}],"replies":[{"embeddable":true,"href":"https:\/\/stjoorvault.fr\/index.php\/wp-json\/wp\/v2\/comments?post=736"}],"version-history":[{"count":7,"href":"https:\/\/stjoorvault.fr\/index.php\/wp-json\/wp\/v2\/pages\/736\/revisions"}],"predecessor-version":[{"id":4000,"href":"https:\/\/stjoorvault.fr\/index.php\/wp-json\/wp\/v2\/pages\/736\/revisions\/4000"}],"wp:attachment":[{"href":"https:\/\/stjoorvault.fr\/index.php\/wp-json\/wp\/v2\/media?parent=736"}],"curies":[{"name":"wp","href":"https:\/\/api.w.org\/{rel}","templated":true}]}}