{"id":748,"date":"2019-03-17T12:13:13","date_gmt":"2019-03-17T11:13:13","guid":{"rendered":"http:\/\/stjoorvault.fr\/index_tmp.php\/?page_id=748"},"modified":"2019-04-06T22:06:13","modified_gmt":"2019-04-06T21:06:13","slug":"le-carnaval","status":"publish","type":"page","link":"https:\/\/stjoorvault.fr\/index.php\/le-carnaval\/","title":{"rendered":"Le Carnaval"},"content":{"rendered":"\n<figure class=\"wp-block-image\"><img loading=\"lazy\" decoding=\"async\" width=\"626\" height=\"335\" src=\"https:\/\/stjoorvault.fr\/wp-content\/uploads\/2019\/03\/carnaval02.jpg\" alt=\"\" class=\"wp-image-749\" srcset=\"https:\/\/stjoorvault.fr\/wp-content\/uploads\/2019\/03\/carnaval02.jpg 626w, https:\/\/stjoorvault.fr\/wp-content\/uploads\/2019\/03\/carnaval02-300x161.jpg 300w\" sizes=\"(max-width: 626px) 100vw, 626px\" \/><\/figure>\n\n\n\n<p>Le\u00a0<em><strong>CARNAVAL<\/strong><\/em> est un excellent moment de f\u00eate ! Les enfants sont plus beaux les uns que les autres. Au programme, des Spidermen, des Dark Vador, des Reines des Neiges, et un grand Panda ! &#8230; et une cr\u00eape bien appr\u00e9ci\u00e9e par tous&#8230; <\/p>\n\n\n\n<figure class=\"wp-block-embed-youtube wp-block-embed is-type-video is-provider-youtube wp-embed-aspect-4-3 wp-has-aspect-ratio\"><div class=\"wp-block-embed__wrapper\">\n<iframe loading=\"lazy\" width=\"750\" height=\"563\" src=\"https:\/\/www.youtube.com\/embed\/Bz9JzK_ixXU?feature=oembed\" frameborder=\"0\" allow=\"accelerometer; autoplay; encrypted-media; gyroscope; picture-in-picture\" allowfullscreen><\/iframe>\n<\/div><\/figure>\n","protected":false},"excerpt":{"rendered":"<p>Le\u00a0CARNAVAL est un excellent moment de f\u00eate ! Les enfants sont plus beaux les uns que les autres. Au programme, &hellip; <\/p>\n","protected":false},"author":1,"featured_media":0,"parent":0,"menu_order":0,"comment_status":"closed","ping_status":"closed","template":"","meta":{"ngg_post_thumbnail":0,"footnotes":""},"yoast_head":"<!-- This site is optimized with the Yoast SEO plugin v21.3 - https:\/\/yoast.com\/wordpress\/plugins\/seo\/ -->\n<title>Le Carnaval - Ecole Saint Joseph<\/title>\n<meta name=\"robots\" content=\"index, follow, max-snippet:-1, max-image-preview:large, max-video-preview:-1\" \/>\n<link rel=\"canonical\" href=\"https:\/\/stjoorvault.fr\/index.php\/le-carnaval\/\" \/>\n<meta property=\"og:locale\" content=\"fr_FR\" \/>\n<meta property=\"og:type\" content=\"article\" \/>\n<meta property=\"og:title\" content=\"Le Carnaval - Ecole Saint Joseph\" \/>\n<meta property=\"og:description\" content=\"Le\u00a0CARNAVAL est un excellent moment de f\u00eate ! Les enfants sont plus beaux les uns que les autres. Au programme, &hellip;\" \/>\n<meta property=\"og:url\" content=\"https:\/\/stjoorvault.fr\/index.php\/le-carnaval\/\" \/>\n<meta property=\"og:site_name\" content=\"Ecole Saint Joseph\" \/>\n<meta property=\"article:modified_time\" content=\"2019-04-06T21:06:13+00:00\" \/>\n<meta property=\"og:image\" content=\"http:\/\/stjoorvault.fr\/wp-content\/uploads\/2019\/03\/carnaval02.jpg\" \/>\n<script type=\"application\/ld+json\" class=\"yoast-schema-graph\">{\"@context\":\"https:\/\/schema.org\",\"@graph\":[{\"@type\":\"WebPage\",\"@id\":\"https:\/\/stjoorvault.fr\/index.php\/le-carnaval\/\",\"url\":\"https:\/\/stjoorvault.fr\/index.php\/le-carnaval\/\",\"name\":\"Le Carnaval - Ecole Saint Joseph\",\"isPartOf\":{\"@id\":\"https:\/\/stjoorvault.fr\/index.php\/#website\"},\"datePublished\":\"2019-03-17T11:13:13+00:00\",\"dateModified\":\"2019-04-06T21:06:13+00:00\",\"breadcrumb\":{\"@id\":\"https:\/\/stjoorvault.fr\/index.php\/le-carnaval\/#breadcrumb\"},\"inLanguage\":\"fr-FR\",\"potentialAction\":[{\"@type\":\"ReadAction\",\"target\":[\"https:\/\/stjoorvault.fr\/index.php\/le-carnaval\/\"]}]},{\"@type\":\"BreadcrumbList\",\"@id\":\"https:\/\/stjoorvault.fr\/index.php\/le-carnaval\/#breadcrumb\",\"itemListElement\":[{\"@type\":\"ListItem\",\"position\":1,\"name\":\"Accueil\",\"item\":\"https:\/\/stjoorvault.fr\/index.php\/\"},{\"@type\":\"ListItem\",\"position\":2,\"name\":\"Le Carnaval\"}]},{\"@type\":\"WebSite\",\"@id\":\"https:\/\/stjoorvault.fr\/index.php\/#website\",\"url\":\"https:\/\/stjoorvault.fr\/index.php\/\",\"name\":\"Ecole Saint Joseph\",\"description\":\"Ecole Priv\u00e9e Catholique \u00e0 Orvault\",\"potentialAction\":[{\"@type\":\"SearchAction\",\"target\":{\"@type\":\"EntryPoint\",\"urlTemplate\":\"https:\/\/stjoorvault.fr\/index.php\/?s={search_term_string}\"},\"query-input\":\"required name=search_term_string\"}],\"inLanguage\":\"fr-FR\"}]}<\/script>\n<!-- \/ Yoast SEO plugin. -->","yoast_head_json":{"title":"Le Carnaval - Ecole Saint Joseph","robots":{"index":"index","follow":"follow","max-snippet":"max-snippet:-1","max-image-preview":"max-image-preview:large","max-video-preview":"max-video-preview:-1"},"canonical":"https:\/\/stjoorvault.fr\/index.php\/le-carnaval\/","og_locale":"fr_FR","og_type":"article","og_title":"Le Carnaval - Ecole Saint Joseph","og_description":"Le\u00a0CARNAVAL est un excellent moment de f\u00eate ! Les enfants sont plus beaux les uns que les autres. Au programme, &hellip;","og_url":"https:\/\/stjoorvault.fr\/index.php\/le-carnaval\/","og_site_name":"Ecole Saint Joseph","article_modified_time":"2019-04-06T21:06:13+00:00","og_image":[{"url":"http:\/\/stjoorvault.fr\/wp-content\/uploads\/2019\/03\/carnaval02.jpg"}],"schema":{"@context":"https:\/\/schema.org","@graph":[{"@type":"WebPage","@id":"https:\/\/stjoorvault.fr\/index.php\/le-carnaval\/","url":"https:\/\/stjoorvault.fr\/index.php\/le-carnaval\/","name":"Le Carnaval - Ecole Saint Joseph","isPartOf":{"@id":"https:\/\/stjoorvault.fr\/index.php\/#website"},"datePublished":"2019-03-17T11:13:13+00:00","dateModified":"2019-04-06T21:06:13+00:00","breadcrumb":{"@id":"https:\/\/stjoorvault.fr\/index.php\/le-carnaval\/#breadcrumb"},"inLanguage":"fr-FR","potentialAction":[{"@type":"ReadAction","target":["https:\/\/stjoorvault.fr\/index.php\/le-carnaval\/"]}]},{"@type":"BreadcrumbList","@id":"https:\/\/stjoorvault.fr\/index.php\/le-carnaval\/#breadcrumb","itemListElement":[{"@type":"ListItem","position":1,"name":"Accueil","item":"https:\/\/stjoorvault.fr\/index.php\/"},{"@type":"ListItem","position":2,"name":"Le Carnaval"}]},{"@type":"WebSite","@id":"https:\/\/stjoorvault.fr\/index.php\/#website","url":"https:\/\/stjoorvault.fr\/index.php\/","name":"Ecole Saint Joseph","description":"Ecole Priv\u00e9e Catholique \u00e0 Orvault","potentialAction":[{"@type":"SearchAction","target":{"@type":"EntryPoint","urlTemplate":"https:\/\/stjoorvault.fr\/index.php\/?s={search_term_string}"},"query-input":"required name=search_term_string"}],"inLanguage":"fr-FR"}]}},"_links":{"self":[{"href":"https:\/\/stjoorvault.fr\/index.php\/wp-json\/wp\/v2\/pages\/748"}],"collection":[{"href":"https:\/\/stjoorvault.fr\/index.php\/wp-json\/wp\/v2\/pages"}],"about":[{"href":"https:\/\/stjoorvault.fr\/index.php\/wp-json\/wp\/v2\/types\/page"}],"author":[{"embeddable":true,"href":"https:\/\/stjoorvault.fr\/index.php\/wp-json\/wp\/v2\/users\/1"}],"replies":[{"embeddable":true,"href":"https:\/\/stjoorvault.fr\/index.php\/wp-json\/wp\/v2\/comments?post=748"}],"version-history":[{"count":2,"href":"https:\/\/stjoorvault.fr\/index.php\/wp-json\/wp\/v2\/pages\/748\/revisions"}],"predecessor-version":[{"id":854,"href":"https:\/\/stjoorvault.fr\/index.php\/wp-json\/wp\/v2\/pages\/748\/revisions\/854"}],"wp:attachment":[{"href":"https:\/\/stjoorvault.fr\/index.php\/wp-json\/wp\/v2\/media?parent=748"}],"curies":[{"name":"wp","href":"https:\/\/api.w.org\/{rel}","templated":true}]}}