{"id":783,"date":"2019-04-01T13:21:04","date_gmt":"2019-04-01T12:21:04","guid":{"rendered":"http:\/\/stjoorvault.fr\/index_tmp.php\/?page_id=783"},"modified":"2019-05-14T08:48:20","modified_gmt":"2019-05-14T07:48:20","slug":"ogec","status":"publish","type":"page","link":"https:\/\/stjoorvault.fr\/index.php\/ogec\/","title":{"rendered":"OGEC"},"content":{"rendered":"\n<figure class=\"wp-block-image\"><img loading=\"lazy\" decoding=\"async\" width=\"324\" height=\"156\" src=\"https:\/\/stjoorvault.fr\/wp-content\/uploads\/2019\/02\/ogec.jpg\" alt=\"\" class=\"wp-image-416\" srcset=\"https:\/\/stjoorvault.fr\/wp-content\/uploads\/2019\/02\/ogec.jpg 324w, https:\/\/stjoorvault.fr\/wp-content\/uploads\/2019\/02\/ogec-300x144.jpg 300w\" sizes=\"(max-width: 324px) 100vw, 324px\" \/><\/figure>\n\n\n\n<p><strong>Qu&#8217;est-ce que l&#8217;OGEC ?&nbsp;<\/strong><\/p>\n\n\n\n<p>L&#8217;OGEC est une association loi 1901, initi\u00e9e par l&#8217;Enseignement Catholique, elle est au service de l&#8217;\u00e9cole. Elle lui donne une existence juridique, c&#8217;est-\u00e0-dire une personnalit\u00e9 morale.&nbsp;<\/p>\n\n\n\n<p><strong>Quelle est la mission de l&#8217;OGEC ?&nbsp;<\/strong><\/p>\n\n\n\n<p>Calcul et suivi du budget, tenue des comptes, d\u00e9termination de la contribution demand\u00e9e aux familles, emploi et suivi des versements \u00e0 la charge de l&#8217;\u00e9tat et des collectivit\u00e9s territoriales, paiement des charges de fonctionnement de l&#8217;\u00e9tablissement, souscription et r\u00e9vision des assurances sont autant de t\u00e2ches qui lui incombent dans le domaine \u00e9conomique et financier.<\/p>\n\n\n\n<p>C&#8217;est aussi l&#8217;O.G.EC qui g\u00e8re les locaux de l&#8217;\u00e9tablissement. Elle doit veiller \u00e0 leur entretien, \u00e0 leur r\u00e9novation, \u00e0 leur am\u00e9nagement et \u00e0 leur agrandissement. Il doit \u00e9galement se pr\u00e9occuper des questions d&#8217;hygi\u00e8ne et de s\u00e9curit\u00e9.&nbsp;<\/p>\n\n\n\n<p>L&#8217;O.G.E.C. signe le contrat de travail de tous les personnels de droit priv\u00e9 de l&#8217;\u00e9tablissement qu&#8217;il r\u00e9mun\u00e8re directement.&nbsp;<\/p>\n\n\n\n<p><strong>Qui sont les membres de l&#8217;OGEC?&nbsp;<\/strong><\/p>\n\n\n\n<p>Des membres de droit et des membres \u00e9lus. Les premiers sont, le responsable de la tutelle dioc\u00e9saine ou congr\u00e9ganiste, le pr\u00e9sident de l&#8217;association des parents d&#8217;\u00e9l\u00e8ves de l&#8217;enseignement libre ( A.P.E.L. ) ou son repr\u00e9sentant, le pr\u00e9sident de l&#8217;union d\u00e9partementale des OGEC. ( U.D.O.G.E.C. ) ou son repr\u00e9sentant. Quant aux seconds, ce sont des parents d&#8217;\u00e9l\u00e8ves, des amis de l&#8217;\u00e9tablissement ou d&#8217;anciens \u00e9l\u00e8ves, pr\u00eats \u00e0 consacrer une partie de leur temps \u00e0 l&#8217;\u00e9tablissement.<\/p>\n\n\n\n<p>L&#8217;OGEC a besoin de savoir-faire vari\u00e9s pour assurer la continuit\u00e9 et le fonctionnement de l&#8217;\u00e9tablissement.<\/p>\n\n\n\n<p><strong>En bref : l&#8217;OGEC a besoin de vous !<\/strong><\/p>\n\n\n\n<p><\/p>\n\n\n\n<p>L&#8217;OGEC met aussi \u00e0 disposition pour la location les barnums utilis\u00e9s pour la Kermesse. Si vous \u00eates int\u00e9ress\u00e9 merci de nous contacter via le <a href=\"https:\/\/stjoorvault.fr\/index.php\/location-des-barnums-de-lecole\/\">formulaire<\/a>.<\/p>\n","protected":false},"excerpt":{"rendered":"<p>Qu&#8217;est-ce que l&#8217;OGEC ?&nbsp; L&#8217;OGEC est une association loi 1901, initi\u00e9e par l&#8217;Enseignement Catholique, elle est au service de l&#8217;\u00e9cole. &hellip; <\/p>\n","protected":false},"author":1,"featured_media":0,"parent":0,"menu_order":0,"comment_status":"closed","ping_status":"closed","template":"","meta":{"ngg_post_thumbnail":0,"footnotes":""},"yoast_head":"<!-- This site is optimized with the Yoast SEO plugin v21.3 - https:\/\/yoast.com\/wordpress\/plugins\/seo\/ -->\n<title>OGEC - Ecole Saint Joseph<\/title>\n<meta name=\"robots\" content=\"index, follow, max-snippet:-1, max-image-preview:large, max-video-preview:-1\" \/>\n<link rel=\"canonical\" href=\"https:\/\/stjoorvault.fr\/index.php\/ogec\/\" \/>\n<meta property=\"og:locale\" content=\"fr_FR\" \/>\n<meta property=\"og:type\" content=\"article\" \/>\n<meta property=\"og:title\" content=\"OGEC - Ecole Saint Joseph\" \/>\n<meta property=\"og:description\" content=\"Qu&#8217;est-ce que l&#8217;OGEC ?&nbsp; L&#8217;OGEC est une association loi 1901, initi\u00e9e par l&#8217;Enseignement Catholique, elle est au service de l&#8217;\u00e9cole. &hellip;\" \/>\n<meta property=\"og:url\" content=\"https:\/\/stjoorvault.fr\/index.php\/ogec\/\" \/>\n<meta property=\"og:site_name\" content=\"Ecole Saint Joseph\" \/>\n<meta property=\"article:modified_time\" content=\"2019-05-14T07:48:20+00:00\" \/>\n<meta property=\"og:image\" content=\"http:\/\/stjoorvault.fr\/wp-content\/uploads\/2019\/02\/ogec.jpg\" \/>\n<meta name=\"twitter:label1\" content=\"Dur\u00e9e de lecture estim\u00e9e\" \/>\n\t<meta name=\"twitter:data1\" content=\"2 minutes\" \/>\n<script type=\"application\/ld+json\" class=\"yoast-schema-graph\">{\"@context\":\"https:\/\/schema.org\",\"@graph\":[{\"@type\":\"WebPage\",\"@id\":\"https:\/\/stjoorvault.fr\/index.php\/ogec\/\",\"url\":\"https:\/\/stjoorvault.fr\/index.php\/ogec\/\",\"name\":\"OGEC - Ecole Saint Joseph\",\"isPartOf\":{\"@id\":\"https:\/\/stjoorvault.fr\/index.php\/#website\"},\"datePublished\":\"2019-04-01T12:21:04+00:00\",\"dateModified\":\"2019-05-14T07:48:20+00:00\",\"breadcrumb\":{\"@id\":\"https:\/\/stjoorvault.fr\/index.php\/ogec\/#breadcrumb\"},\"inLanguage\":\"fr-FR\",\"potentialAction\":[{\"@type\":\"ReadAction\",\"target\":[\"https:\/\/stjoorvault.fr\/index.php\/ogec\/\"]}]},{\"@type\":\"BreadcrumbList\",\"@id\":\"https:\/\/stjoorvault.fr\/index.php\/ogec\/#breadcrumb\",\"itemListElement\":[{\"@type\":\"ListItem\",\"position\":1,\"name\":\"Accueil\",\"item\":\"https:\/\/stjoorvault.fr\/index.php\/\"},{\"@type\":\"ListItem\",\"position\":2,\"name\":\"OGEC\"}]},{\"@type\":\"WebSite\",\"@id\":\"https:\/\/stjoorvault.fr\/index.php\/#website\",\"url\":\"https:\/\/stjoorvault.fr\/index.php\/\",\"name\":\"Ecole Saint Joseph\",\"description\":\"Ecole Priv\u00e9e Catholique \u00e0 Orvault\",\"potentialAction\":[{\"@type\":\"SearchAction\",\"target\":{\"@type\":\"EntryPoint\",\"urlTemplate\":\"https:\/\/stjoorvault.fr\/index.php\/?s={search_term_string}\"},\"query-input\":\"required name=search_term_string\"}],\"inLanguage\":\"fr-FR\"}]}<\/script>\n<!-- \/ Yoast SEO plugin. -->","yoast_head_json":{"title":"OGEC - Ecole Saint Joseph","robots":{"index":"index","follow":"follow","max-snippet":"max-snippet:-1","max-image-preview":"max-image-preview:large","max-video-preview":"max-video-preview:-1"},"canonical":"https:\/\/stjoorvault.fr\/index.php\/ogec\/","og_locale":"fr_FR","og_type":"article","og_title":"OGEC - Ecole Saint Joseph","og_description":"Qu&#8217;est-ce que l&#8217;OGEC ?&nbsp; L&#8217;OGEC est une association loi 1901, initi\u00e9e par l&#8217;Enseignement Catholique, elle est au service de l&#8217;\u00e9cole. &hellip;","og_url":"https:\/\/stjoorvault.fr\/index.php\/ogec\/","og_site_name":"Ecole Saint Joseph","article_modified_time":"2019-05-14T07:48:20+00:00","og_image":[{"url":"http:\/\/stjoorvault.fr\/wp-content\/uploads\/2019\/02\/ogec.jpg"}],"twitter_misc":{"Dur\u00e9e de lecture estim\u00e9e":"2 minutes"},"schema":{"@context":"https:\/\/schema.org","@graph":[{"@type":"WebPage","@id":"https:\/\/stjoorvault.fr\/index.php\/ogec\/","url":"https:\/\/stjoorvault.fr\/index.php\/ogec\/","name":"OGEC - Ecole Saint Joseph","isPartOf":{"@id":"https:\/\/stjoorvault.fr\/index.php\/#website"},"datePublished":"2019-04-01T12:21:04+00:00","dateModified":"2019-05-14T07:48:20+00:00","breadcrumb":{"@id":"https:\/\/stjoorvault.fr\/index.php\/ogec\/#breadcrumb"},"inLanguage":"fr-FR","potentialAction":[{"@type":"ReadAction","target":["https:\/\/stjoorvault.fr\/index.php\/ogec\/"]}]},{"@type":"BreadcrumbList","@id":"https:\/\/stjoorvault.fr\/index.php\/ogec\/#breadcrumb","itemListElement":[{"@type":"ListItem","position":1,"name":"Accueil","item":"https:\/\/stjoorvault.fr\/index.php\/"},{"@type":"ListItem","position":2,"name":"OGEC"}]},{"@type":"WebSite","@id":"https:\/\/stjoorvault.fr\/index.php\/#website","url":"https:\/\/stjoorvault.fr\/index.php\/","name":"Ecole Saint Joseph","description":"Ecole Priv\u00e9e Catholique \u00e0 Orvault","potentialAction":[{"@type":"SearchAction","target":{"@type":"EntryPoint","urlTemplate":"https:\/\/stjoorvault.fr\/index.php\/?s={search_term_string}"},"query-input":"required name=search_term_string"}],"inLanguage":"fr-FR"}]}},"_links":{"self":[{"href":"https:\/\/stjoorvault.fr\/index.php\/wp-json\/wp\/v2\/pages\/783"}],"collection":[{"href":"https:\/\/stjoorvault.fr\/index.php\/wp-json\/wp\/v2\/pages"}],"about":[{"href":"https:\/\/stjoorvault.fr\/index.php\/wp-json\/wp\/v2\/types\/page"}],"author":[{"embeddable":true,"href":"https:\/\/stjoorvault.fr\/index.php\/wp-json\/wp\/v2\/users\/1"}],"replies":[{"embeddable":true,"href":"https:\/\/stjoorvault.fr\/index.php\/wp-json\/wp\/v2\/comments?post=783"}],"version-history":[{"count":5,"href":"https:\/\/stjoorvault.fr\/index.php\/wp-json\/wp\/v2\/pages\/783\/revisions"}],"predecessor-version":[{"id":1047,"href":"https:\/\/stjoorvault.fr\/index.php\/wp-json\/wp\/v2\/pages\/783\/revisions\/1047"}],"wp:attachment":[{"href":"https:\/\/stjoorvault.fr\/index.php\/wp-json\/wp\/v2\/media?parent=783"}],"curies":[{"name":"wp","href":"https:\/\/api.w.org\/{rel}","templated":true}]}}