{"id":785,"date":"2019-04-01T13:21:13","date_gmt":"2019-04-01T12:21:13","guid":{"rendered":"http:\/\/stjoorvault.fr\/index_tmp.php\/?page_id=785"},"modified":"2022-06-20T06:00:30","modified_gmt":"2022-06-20T05:00:30","slug":"apel","status":"publish","type":"page","link":"https:\/\/stjoorvault.fr\/index.php\/apel\/","title":{"rendered":"APEL"},"content":{"rendered":"\r\n<div class=\"wp-block-image\">\r\n<figure class=\"aligncenter is-resized\"><img loading=\"lazy\" decoding=\"async\" class=\"wp-image-417\" src=\"https:\/\/stjoorvault.fr\/wp-content\/uploads\/2019\/02\/apel.jpg\" alt=\"\" width=\"334\" height=\"283\" srcset=\"https:\/\/stjoorvault.fr\/wp-content\/uploads\/2019\/02\/apel.jpg 469w, https:\/\/stjoorvault.fr\/wp-content\/uploads\/2019\/02\/apel-300x255.jpg 300w\" sizes=\"(max-width: 334px) 100vw, 334px\" \/><\/figure>\r\n<\/div>\r\n\r\n\r\n\r\n<p><strong>Les 4 missions de l&#8217;APEL<\/strong> (Association de parents de l&#8217;enseignement libre) :<\/p>\r\n\r\n\r\n\r\n<p>&nbsp;&nbsp; &nbsp;&nbsp;&nbsp; &nbsp;1) Repr\u00e9senter les parents \u00e0 tous les niveaux de la vie scolaire :&nbsp;\u00e9tablissement, direction dioc\u00e9saine de l&#8217;enseignement catholique, pouvoirs publics au niveau d\u00e9partemental, r\u00e9gional et national<\/p>\r\n\r\n\r\n\r\n<p>&nbsp;&nbsp; &nbsp;&nbsp;&nbsp; &nbsp;2) Accueillir les familles (notamment lors des portes ouvertes et de la journ\u00e9e d&#8217;accueil du d\u00e9but de l&#8217;ann\u00e9e).<\/p>\r\n\r\n\r\n\r\n<p>&nbsp;&nbsp; &nbsp;&nbsp;&nbsp; &nbsp;3) Informer les familles avec le magazine &#8221; Famille et Education &#8220;, le SIF (Service d&#8217;Information des Familles), le site www.apel.asso.fr .<\/p>\r\n\r\n\r\n\r\n<p>&nbsp;&nbsp; &nbsp;&nbsp;&nbsp; &nbsp;4) Animer et participer \u00e0 la vie de l&#8217;\u00e9cole \u00e0 travers diff\u00e9rents projets sur l&#8217;ann\u00e9e scolaire.<\/p>\r\n\r\n\r\n\r\n<p>L&#8217;\u00e9quipe de l&#8217;APEL travaille aux c\u00f4t\u00e9s de l&#8217;OGEC, de la direction de l&#8217;\u00e9cole et des enseignants dans un but commun : le bonheur de nos enfants qui passe par une \u00e9cole ouverte et dynamique.<\/p>\r\n\r\n\r\n\r\n<p>Lien vers :<\/p>\r\n\r\n\r\n\r\n<ul>\r\n<li>le site de l&#8217;APEL d\u00e9partementale 44 : <a href=\"https:\/\/departement44.sites.apel.fr\/\" target=\"_blank\" rel=\"noreferrer noopener\">https:\/\/departement44.sites.apel.fr\/<\/a> ( Service informations et conseils aux familles :<a href=\"https:\/\/departement44.sites.apel.fr\/le-service-dinformation-et-conseil-aux-familles\/\" target=\"_blank\" rel=\"noreferrer noopener\"> ICF<\/a> ou page <a href=\"https:\/\/www.apel.fr\/lapel\/nous-vous-aidons\/le-service-information-et-conseil-aux-familles.html\" target=\"_blank\" rel=\"noreferrer noopener\">ICF<\/a> site national).<\/li>\r\n<li>le site de l&#8217;APEL nationale :<a href=\" https:\/\/www.apel.fr\/\"> https:\/\/www.apel.fr\/<\/a> pour retrouver les informations sur l&#8217;association et les services propos\u00e9s.<\/li>\r\n<\/ul>\r\n\r\n\r\n\r\n<div class=\"wp-block-image\">\r\n<figure class=\"alignright is-resized\"><img loading=\"lazy\" decoding=\"async\" class=\"wp-image-1149\" src=\"https:\/\/stjoorvault.fr\/wp-content\/uploads\/2019\/06\/couv-flyer-apel.jpg\" alt=\"\" width=\"160\" height=\"183\" srcset=\"https:\/\/stjoorvault.fr\/wp-content\/uploads\/2019\/06\/couv-flyer-apel.jpg 628w, https:\/\/stjoorvault.fr\/wp-content\/uploads\/2019\/06\/couv-flyer-apel-262x300.jpg 262w\" sizes=\"(max-width: 160px) 100vw, 160px\" \/><\/figure>\r\n<\/div>\r\n\r\n\r\n\r\n<div class=\"wp-block-file\"><a href=\"https:\/\/stjoorvault.fr\/wp-content\/uploads\/2019\/06\/Flyer-APEL-St-Joseph-2019.pdf\">Flyer-APEL-St-Joseph-2019<\/a><a class=\"wp-block-file__button\" href=\"https:\/\/stjoorvault.fr\/wp-content\/uploads\/2019\/06\/Flyer-APEL-St-Joseph-2019.pdf\" download=\"\">T\u00e9l\u00e9charger<\/a><\/div>\r\n\r\n\r\n\r\n<p>&nbsp;<\/p>\r\n\r\n\r\n\r\n<h3 style=\"text-align: center;\">&nbsp;<\/h3>\r\n<h3 style=\"text-align: center;\">Nos actions pour cette ann\u00e9e 2021 &#8211; 2022 :<\/h3>\r\n<p>&#8211; un pot d&#8217;accueil \u00e0 la f\u00eate de rentr\u00e9e<\/p>\r\n<p>&#8211; 2 collecte de v\u00eatements avec ASV<\/p>\r\n<p>&#8211; le 1er Kid&#8217;s Dressing (salle de l&#8217;Odyss\u00e9e)<\/p>\r\n<p>&#8211; les photos de classe et portraits<\/p>\r\n<p>&#8211; un March\u00e9 de No\u00ebl<\/p>\r\n<p>&#8211; des ventes de viennoiserie ou g\u00e2teaux<\/p>\r\n<p>&#8211; une vente d&#8217;objets personnalis\u00e9s avec &#8220;Dessin d&#8217;\u00e9cole&#8221;<\/p>\r\n<p>&#8211; une commission &#8220;gaspillage et d\u00e9chets \u00e0 la cantine&#8221;<\/p>\r\n<p>&#8211; des r\u00e9servations de formules Foodtruck &#8220;la cantoche&#8221; et boissons &#8220;la cave d&#8217;Orvault&#8221; pour l&#8217;op\u00e9ration &#8220;un vendredi soir au bourg&#8221;<\/p>\r\n<p>&#8211; et la traditionnelle KERMESSE, tant attendue apr\u00e8s 2 ann\u00e9es d&#8217;absence, sous la chaleur caniculaire du samedi 18 juin !!<\/p>\r\n<p>&nbsp;<\/p>\r\n<h3 style=\"text-align: center;\"><strong>Ce qui nous a permis de subventionner cette ann\u00e9e :&nbsp;<\/strong><\/h3>\r\n<p style=\"text-align: center;\">&#8211; des dictionnaires pour les \u00e9l\u00e8ves de CM1 (apr\u00e8s les CE1 et CE2 les ann\u00e9es pr\u00e9c\u00e9dentes)<\/p>\r\n<p style=\"text-align: center;\">&#8211; un cadeau de No\u00ebl par classe (jeu au choix de l&#8217;enseignant)<\/p>\r\n<p style=\"text-align: center;\">&#8211; des projets p\u00e9dagogiques de l&#8217;\u00e9quipe enseignante (spectacle, achat de livres, &#8230;.)<\/p>\r\n<p style=\"text-align: center;\">&#8211; les sorties et activit\u00e9s scolaires de fin d&#8217;ann\u00e9e (St Nazaire, \u00e9comus\u00e9e de Vigneux, Legendia Parc, Botanica, ferme \u00e9questre)<\/p>\r\n<p style=\"text-align: center;\">&#8211; des \u00e9quipements de cour<\/p>\r\n<p style=\"text-align: center;\">&#8211; des temps forts et festifs comme le carnaval, les portes ouvertes, la f\u00eate de rentr\u00e9e, &#8230;.<\/p>\r\n<p>&nbsp;<\/p>\r\n<p>&nbsp;<\/p>\r\n<p>&nbsp;<\/p>\r\n\r\n\r\n\r\n<p><span class=\"has-inline-color has-vivid-red-color\">L&#8217;\u00e9quipe APEL a pos\u00e9 cette ann\u00e9e en d\u00e9cembre 2020 pour son affiche de f\u00eates ! (Merci \u00e0 la cr\u00e9atrice Julie S<\/span>. \ud83d\ude42<span class=\"has-inline-color has-vivid-red-color\"> )<\/span><\/p>\r\n\r\n\r\n\r\n<div class=\"wp-block-image\">\r\n<figure class=\"aligncenter size-large is-resized\"><img loading=\"lazy\" decoding=\"async\" class=\"wp-image-3367\" src=\"https:\/\/stjoorvault.fr\/wp-content\/uploads\/2020\/12\/trombi_Noel-621x1024.png\" alt=\"\" width=\"320\" height=\"528\" srcset=\"https:\/\/stjoorvault.fr\/wp-content\/uploads\/2020\/12\/trombi_Noel-621x1024.png 621w, https:\/\/stjoorvault.fr\/wp-content\/uploads\/2020\/12\/trombi_Noel-182x300.png 182w, https:\/\/stjoorvault.fr\/wp-content\/uploads\/2020\/12\/trombi_Noel-768x1266.png 768w, https:\/\/stjoorvault.fr\/wp-content\/uploads\/2020\/12\/trombi_Noel-932x1536.png 932w, https:\/\/stjoorvault.fr\/wp-content\/uploads\/2020\/12\/trombi_Noel-1243x2048.png 1243w, https:\/\/stjoorvault.fr\/wp-content\/uploads\/2020\/12\/trombi_Noel.png 1250w\" sizes=\"(max-width: 320px) 100vw, 320px\" \/><\/figure>\r\n<\/div>\r\n\r\n\r\n\r\n<p><strong><span class=\"has-inline-color has-luminous-vivid-orange-color\">Nos derni\u00e8res actualit\u00e9s :<\/span><\/strong><\/p>\r\n\r\n\r\n<ul class=\"wp-block-latest-posts__list has-dates wp-block-latest-posts\"><li><a class=\"wp-block-latest-posts__post-title\" href=\"https:\/\/stjoorvault.fr\/index.php\/a-vos-talents-prets-partez\/\">A vos Kapla! Pr\u00eats! Partez!<\/a><time datetime=\"2023-11-11T13:02:17+01:00\" class=\"wp-block-latest-posts__post-date\">11 novembre 2023<\/time><\/li>\n<li><a class=\"wp-block-latest-posts__post-title\" href=\"https:\/\/stjoorvault.fr\/index.php\/tombola-2023-gagnants-et-lots\/\">TOMBOLA 2023 : gagnants et lots<\/a><time datetime=\"2023-06-19T14:06:48+01:00\" class=\"wp-block-latest-posts__post-date\">19 juin 2023<\/time><\/li>\n<li><a class=\"wp-block-latest-posts__post-title\" href=\"https:\/\/stjoorvault.fr\/index.php\/kermesse-17-juin-2023\/\">KERMESSE 17 JUIN 2023<\/a><time datetime=\"2023-05-07T15:12:59+01:00\" class=\"wp-block-latest-posts__post-date\">7 mai 2023<\/time><\/li>\n<li><a class=\"wp-block-latest-posts__post-title\" href=\"https:\/\/stjoorvault.fr\/index.php\/portes-ouvertes-%e2%88%92-samedi-14-janvier-2023\/\">Portes ouvertes \u2212 Samedi 14 janvier 2023<\/a><time datetime=\"2023-01-06T13:26:08+01:00\" class=\"wp-block-latest-posts__post-date\">6 janvier 2023<\/time><\/li>\n<li><a class=\"wp-block-latest-posts__post-title\" href=\"https:\/\/stjoorvault.fr\/index.php\/marche-de-noel\/\">March\u00e9 de No\u00ebl<\/a><time datetime=\"2022-12-11T18:33:12+01:00\" class=\"wp-block-latest-posts__post-date\">11 d\u00e9cembre 2022<\/time><\/li>\n<li><a class=\"wp-block-latest-posts__post-title\" href=\"https:\/\/stjoorvault.fr\/index.php\/apel-%e2%88%92-les-dates-du-mois-de-decembre\/\">APEL \u2212 Les dates du mois de d\u00e9cembre<\/a><time datetime=\"2022-11-16T17:02:00+01:00\" class=\"wp-block-latest-posts__post-date\">16 novembre 2022<\/time><\/li>\n<li><a class=\"wp-block-latest-posts__post-title\" href=\"https:\/\/stjoorvault.fr\/index.php\/533-kg\/\">533 kg&#8230;<\/a><time datetime=\"2022-10-24T19:52:42+01:00\" class=\"wp-block-latest-posts__post-date\">24 octobre 2022<\/time><\/li>\n<li><a class=\"wp-block-latest-posts__post-title\" href=\"https:\/\/stjoorvault.fr\/index.php\/lapel-%e2%88%92-les-dates-du-mois-doctobre\/\">L&#8217;APEL \u2212 les dates du mois d&#8217;octobre !<\/a><time datetime=\"2022-10-13T05:58:16+01:00\" class=\"wp-block-latest-posts__post-date\">13 octobre 2022<\/time><\/li>\n<li><a class=\"wp-block-latest-posts__post-title\" href=\"https:\/\/stjoorvault.fr\/index.php\/assemblees-generales-des-associations\/\">Assembl\u00e9es g\u00e9n\u00e9rales des associations<\/a><time datetime=\"2022-10-06T17:58:52+01:00\" class=\"wp-block-latest-posts__post-date\">6 octobre 2022<\/time><\/li>\n<li><a class=\"wp-block-latest-posts__post-title\" href=\"https:\/\/stjoorvault.fr\/index.php\/kids-dressing-n2-dimanche-16-octobre-2022\/\">KID&#8217;S DRESSING n\u00b02 : dimanche 16 octobre 2022<\/a><time datetime=\"2022-07-19T13:02:04+01:00\" class=\"wp-block-latest-posts__post-date\">19 juillet 2022<\/time><\/li>\n<\/ul>","protected":false},"excerpt":{"rendered":"<p>Les 4 missions de l&#8217;APEL (Association de parents de l&#8217;enseignement libre) : &nbsp;&nbsp; &nbsp;&nbsp;&nbsp; &nbsp;1) Repr\u00e9senter les parents \u00e0 tous &hellip; <\/p>\n","protected":false},"author":1,"featured_media":0,"parent":0,"menu_order":0,"comment_status":"closed","ping_status":"closed","template":"","meta":{"ngg_post_thumbnail":0,"footnotes":""},"yoast_head":"<!-- This site is optimized with the Yoast SEO plugin v21.3 - https:\/\/yoast.com\/wordpress\/plugins\/seo\/ -->\n<title>APEL - Ecole Saint Joseph<\/title>\n<meta name=\"robots\" content=\"index, follow, max-snippet:-1, max-image-preview:large, max-video-preview:-1\" \/>\n<link rel=\"canonical\" href=\"https:\/\/stjoorvault.fr\/index.php\/apel\/\" \/>\n<meta property=\"og:locale\" content=\"fr_FR\" \/>\n<meta property=\"og:type\" content=\"article\" \/>\n<meta property=\"og:title\" content=\"APEL - Ecole Saint Joseph\" \/>\n<meta property=\"og:description\" content=\"Les 4 missions de l&#8217;APEL (Association de parents de l&#8217;enseignement libre) : &nbsp;&nbsp; &nbsp;&nbsp;&nbsp; &nbsp;1) Repr\u00e9senter les parents \u00e0 tous &hellip;\" \/>\n<meta property=\"og:url\" content=\"https:\/\/stjoorvault.fr\/index.php\/apel\/\" \/>\n<meta property=\"og:site_name\" content=\"Ecole Saint Joseph\" \/>\n<meta property=\"article:modified_time\" content=\"2022-06-20T05:00:30+00:00\" \/>\n<meta property=\"og:image\" content=\"http:\/\/stjoorvault.fr\/wp-content\/uploads\/2019\/02\/apel.jpg\" \/>\n<meta name=\"twitter:label1\" content=\"Dur\u00e9e de lecture estim\u00e9e\" \/>\n\t<meta name=\"twitter:data1\" content=\"2 minutes\" \/>\n<script type=\"application\/ld+json\" class=\"yoast-schema-graph\">{\"@context\":\"https:\/\/schema.org\",\"@graph\":[{\"@type\":\"WebPage\",\"@id\":\"https:\/\/stjoorvault.fr\/index.php\/apel\/\",\"url\":\"https:\/\/stjoorvault.fr\/index.php\/apel\/\",\"name\":\"APEL - Ecole Saint Joseph\",\"isPartOf\":{\"@id\":\"https:\/\/stjoorvault.fr\/index.php\/#website\"},\"datePublished\":\"2019-04-01T12:21:13+00:00\",\"dateModified\":\"2022-06-20T05:00:30+00:00\",\"breadcrumb\":{\"@id\":\"https:\/\/stjoorvault.fr\/index.php\/apel\/#breadcrumb\"},\"inLanguage\":\"fr-FR\",\"potentialAction\":[{\"@type\":\"ReadAction\",\"target\":[\"https:\/\/stjoorvault.fr\/index.php\/apel\/\"]}]},{\"@type\":\"BreadcrumbList\",\"@id\":\"https:\/\/stjoorvault.fr\/index.php\/apel\/#breadcrumb\",\"itemListElement\":[{\"@type\":\"ListItem\",\"position\":1,\"name\":\"Accueil\",\"item\":\"https:\/\/stjoorvault.fr\/index.php\/\"},{\"@type\":\"ListItem\",\"position\":2,\"name\":\"APEL\"}]},{\"@type\":\"WebSite\",\"@id\":\"https:\/\/stjoorvault.fr\/index.php\/#website\",\"url\":\"https:\/\/stjoorvault.fr\/index.php\/\",\"name\":\"Ecole Saint Joseph\",\"description\":\"Ecole Priv\u00e9e Catholique \u00e0 Orvault\",\"potentialAction\":[{\"@type\":\"SearchAction\",\"target\":{\"@type\":\"EntryPoint\",\"urlTemplate\":\"https:\/\/stjoorvault.fr\/index.php\/?s={search_term_string}\"},\"query-input\":\"required name=search_term_string\"}],\"inLanguage\":\"fr-FR\"}]}<\/script>\n<!-- \/ Yoast SEO plugin. -->","yoast_head_json":{"title":"APEL - Ecole Saint Joseph","robots":{"index":"index","follow":"follow","max-snippet":"max-snippet:-1","max-image-preview":"max-image-preview:large","max-video-preview":"max-video-preview:-1"},"canonical":"https:\/\/stjoorvault.fr\/index.php\/apel\/","og_locale":"fr_FR","og_type":"article","og_title":"APEL - Ecole Saint Joseph","og_description":"Les 4 missions de l&#8217;APEL (Association de parents de l&#8217;enseignement libre) : &nbsp;&nbsp; &nbsp;&nbsp;&nbsp; &nbsp;1) Repr\u00e9senter les parents \u00e0 tous &hellip;","og_url":"https:\/\/stjoorvault.fr\/index.php\/apel\/","og_site_name":"Ecole Saint Joseph","article_modified_time":"2022-06-20T05:00:30+00:00","og_image":[{"url":"http:\/\/stjoorvault.fr\/wp-content\/uploads\/2019\/02\/apel.jpg"}],"twitter_misc":{"Dur\u00e9e de lecture estim\u00e9e":"2 minutes"},"schema":{"@context":"https:\/\/schema.org","@graph":[{"@type":"WebPage","@id":"https:\/\/stjoorvault.fr\/index.php\/apel\/","url":"https:\/\/stjoorvault.fr\/index.php\/apel\/","name":"APEL - Ecole Saint Joseph","isPartOf":{"@id":"https:\/\/stjoorvault.fr\/index.php\/#website"},"datePublished":"2019-04-01T12:21:13+00:00","dateModified":"2022-06-20T05:00:30+00:00","breadcrumb":{"@id":"https:\/\/stjoorvault.fr\/index.php\/apel\/#breadcrumb"},"inLanguage":"fr-FR","potentialAction":[{"@type":"ReadAction","target":["https:\/\/stjoorvault.fr\/index.php\/apel\/"]}]},{"@type":"BreadcrumbList","@id":"https:\/\/stjoorvault.fr\/index.php\/apel\/#breadcrumb","itemListElement":[{"@type":"ListItem","position":1,"name":"Accueil","item":"https:\/\/stjoorvault.fr\/index.php\/"},{"@type":"ListItem","position":2,"name":"APEL"}]},{"@type":"WebSite","@id":"https:\/\/stjoorvault.fr\/index.php\/#website","url":"https:\/\/stjoorvault.fr\/index.php\/","name":"Ecole Saint Joseph","description":"Ecole Priv\u00e9e Catholique \u00e0 Orvault","potentialAction":[{"@type":"SearchAction","target":{"@type":"EntryPoint","urlTemplate":"https:\/\/stjoorvault.fr\/index.php\/?s={search_term_string}"},"query-input":"required name=search_term_string"}],"inLanguage":"fr-FR"}]}},"_links":{"self":[{"href":"https:\/\/stjoorvault.fr\/index.php\/wp-json\/wp\/v2\/pages\/785"}],"collection":[{"href":"https:\/\/stjoorvault.fr\/index.php\/wp-json\/wp\/v2\/pages"}],"about":[{"href":"https:\/\/stjoorvault.fr\/index.php\/wp-json\/wp\/v2\/types\/page"}],"author":[{"embeddable":true,"href":"https:\/\/stjoorvault.fr\/index.php\/wp-json\/wp\/v2\/users\/1"}],"replies":[{"embeddable":true,"href":"https:\/\/stjoorvault.fr\/index.php\/wp-json\/wp\/v2\/comments?post=785"}],"version-history":[{"count":34,"href":"https:\/\/stjoorvault.fr\/index.php\/wp-json\/wp\/v2\/pages\/785\/revisions"}],"predecessor-version":[{"id":4348,"href":"https:\/\/stjoorvault.fr\/index.php\/wp-json\/wp\/v2\/pages\/785\/revisions\/4348"}],"wp:attachment":[{"href":"https:\/\/stjoorvault.fr\/index.php\/wp-json\/wp\/v2\/media?parent=785"}],"curies":[{"name":"wp","href":"https:\/\/api.w.org\/{rel}","templated":true}]}}